{"id":8021,"date":"2025-12-04T21:02:28","date_gmt":"2025-12-04T19:02:28","guid":{"rendered":"https:\/\/nefertiti-eg.ro\/?post_type=product&#038;p=8021"},"modified":"2026-03-28T14:23:58","modified_gmt":"2026-03-28T12:23:58","slug":"ulei-de-capsuni","status":"publish","type":"product","link":"https:\/\/nefertiti-eg.ro\/en\/product\/ulei-de-capsuni\/","title":{"rendered":"Ulei de Capsuni"},"content":{"rendered":"<p id=\"tw-target-text\"><strong>Uleiul de c\u0103p\u0219uni \u0219i beneficiile sale<\/strong><br>Uleiul de c\u0103p\u0219uni este considerat un \u201eulei uscat\u201d, ceea ce \u00eenseamn\u0103 c\u0103 se absoarbe rapid \u0219i u\u0219or \u00een piele, f\u0103r\u0103 a l\u0103sa reziduri. Acest ulei este deosebit de bun pentru pielea uscat\u0103, sensibil\u0103 sau descuamat\u0103.<br><br>\u00cen principal datorit\u0103 prezen\u021bei unui antioxidant fenol natural numit acid elagic \u00een c\u0103p\u0219uni (care se g\u0103se\u0219te \u00een numeroase fructe \u0219i legume), acest ulei este foarte benefic pentru piele \u0219i reprezint\u0103 un adaos excelent la un ulei de cur\u0103\u021bare. Uleiul de c\u0103p\u0219uni este o surs\u0103 bogat\u0103 de tocoferoli (vitamina E) \u0219i antioxidan\u021bi (omega 3 \u0219i 6). Hidrateaz\u0103 pielea, \u00eembun\u0103t\u0103\u021be\u0219te elasticitatea \u0219i ajut\u0103 la reducerea simptomelor de \u00eemb\u0103tr\u00e2nire.<br><br>Uleiul natural de c\u0103p\u0219uni este un agent foarte eficient pentru pielea deteriorat\u0103 cauzat\u0103 de acnee, psoriazis, eczeme, dermatit\u0103 \u0219i celulit\u0103 \u0219i promoveaz\u0103 vindecarea pielii dup\u0103 t\u0103ieturi \u0219i zg\u00e2rieturi, cicatrici, vergeturi, arsuri \u0219i arsuri solare. De asemenea, poate ajuta \u00een cazul p\u0103rului uscat \u0219i deteriorat, al scalpului uscat \u0219i al unghiilor fragile.<\/p>\n\n\n\n<p id=\"tw-target-text\"><strong>Ulei de c\u0103p\u0219uni pentru \u00eengrijirea pielii<\/strong><br>Uleiul de c\u0103p\u0219uni este hr\u0103nitor \u0219i neutralizant, potrivit pentru tenul gras, mixt \u0219i impur. Hidrateaz\u0103 pielea \u00een profunzime, f\u0103r\u0103 a l\u0103sa un strat gras sau a bloca porii, are propriet\u0103\u021bi regenerative \u0219i de protec\u021bie celular\u0103 \u0219i repar\u0103 bariera pielii, necesar\u0103 pentru a restabili o piele neted\u0103 \u0219i moale. Uleiul de c\u0103p\u0219uni previne descompunerea colagenului din piele \u0219i promoveaz\u0103 producerea de colagen nou, rezult\u00e2nd o elasticitate \u00eembun\u0103t\u0103\u021bit\u0103 a pielii \u0219i estomparea liniilor fine \u0219i a ridurilor. Calmeaz\u0103 \u0219i catifeleaz\u0103 pielea uscat\u0103, cr\u0103pat\u0103 \u0219i sensibil\u0103 \u0219i ajut\u0103 la tratarea afec\u021biunilor pielii precum eczema, psoriazisul, dermatita \u0219i celulita. Uleiul de c\u0103p\u0219uni reduce cicatricile \u0219i vergeturile \u0219i ac\u021bioneaz\u0103 ca un scut bl\u00e2nd \u00eempotriva razelor UV d\u0103un\u0103toare. Acidul linoleic din uleiul de c\u0103p\u0219uni promoveaz\u0103 reglarea sebumului, \u00een timp ce acidul elagic ac\u021bioneaz\u0103 ca un puternic agent antioxidant \u0219i antiinflamator. Cantitatea mare de vitamina E din uleiul de c\u0103p\u0219uni sus\u021bine vindecarea pielii deteriorate.<br><br><strong><em>Anti-\u00eemb\u0103tr\u00e2nire <\/em><\/strong>\u2013 Uleiul de c\u0103p\u0219uni \u00eencetine\u0219te simptomele \u00eemb\u0103tr\u00e2nirii pielii, care este de obicei cauzat\u0103 de radicalii liberi. Con\u021binutul ridicat de vitamina C \u0219i acid elagic combate ace\u0219ti radicali liberi \u0219i \u00eei \u00eempiedic\u0103 s\u0103 deterioreze celulele organismului. Utilizarea regulat\u0103 a uleiului de c\u0103p\u0219uni minimizeaz\u0103 ridurile \u0219i liniile fine \u0219i previne apari\u021bia altora noi.<br><br><strong><em>Cur\u0103\u021barea pielii<\/em><\/strong> \u2013 Datorit\u0103 propriet\u0103\u021bilor excelente de cur\u0103\u021bare pe care le posed\u0103 uleiul de c\u0103p\u0219uni, acesta este utilizat pe scar\u0103 larg\u0103 ca ingredient \u00een produse de cur\u0103\u021bare \u0219i sp\u0103lare a fe\u021bei, m\u0103\u0219ti faciale de \u00eentinerire a pielii \u0219i produse de baie. Uleiul este bogat \u00een acid salicilic, vitamina C, exfolian\u021bi \u0219i antioxidan\u021bi. Acidul salicilic elimin\u0103 celulele moarte ale pielii, \u00een timp ce str\u00e2nge porii. Acidul elagic prezent \u00een ulei este un antioxidant puternic \u0219i combate eficient deteriorarea pielii prin protejarea pielii de radicalii liberi, f\u0103c\u00e2nd-o neted\u0103 \u0219i moale.<br><br><strong><em>Trateaz\u0103 acneea<\/em><\/strong> \u2013 Uleiul de c\u0103p\u0219uni con\u021bine alfa-hidroxiacizi, vitamina C, acid salicilic \u0219i flavonoide care ajut\u0103 la combaterea acneei \u0219i la controlul produc\u021biei excesive de sebum. Tratamentul pielii cu acest ulei este cel mai eficient dac\u0103 se face de dou\u0103 ori pe s\u0103pt\u0103m\u00e2n\u0103.<\/p>\n\n\n\n<p id=\"tw-target-text\"><strong><em>\u00cembun\u0103t\u0103\u021be\u0219te tenul<\/em><\/strong> \u2013 Fiind bogat \u00een antioxidan\u021bi, uleiul de c\u0103p\u0219uni combate radicalii liberi pentru a-i \u00eempiedica s\u0103 deterioreze celulele pielii. Acest lucru duce la minimizarea petelor \u00eentunecate, a petelor de v\u00e2rst\u0103, a pistruilor \u0219i a ridurilor. Simultan, ajut\u0103 la deschiderea tenului.<br><br><br><strong><em>Trateaz\u0103 pigmentarea<\/em><\/strong> \u2013 Acidul elagic prezent \u00een uleiul de c\u0103p\u0219uni protejeaz\u0103 pielea de razele UV d\u0103un\u0103toare. Aplicarea topic\u0103 a uleiului trateaz\u0103 hiperpigmentarea dermic\u0103 u\u0219oar\u0103, o afec\u021biune cauzat\u0103 de razele UV care inhib\u0103 sinteza melaninei, responsabil\u0103 pentru culoarea pielii.<br><br><br><strong><em>Reduce cearc\u0103nele<\/em><\/strong> \u2013 Propriet\u0103\u021bile astringente ale uleiului de c\u0103p\u0219uni reduc cu succes cearc\u0103nele \u0219i pungile de sub ochi. \u00cenainte de culcare, freca\u021bi c\u00e2teva pic\u0103turi de ulei sub ochi, l\u0103sa\u021bi s\u0103 se usuce \u0219i apoi sp\u0103la\u021bi-v\u0103 fa\u021ba cu ap\u0103 rece, apoi aplica\u021bi o crem\u0103 hidratant\u0103. Repeta\u021bi acest tratament zilnic p\u00e2n\u0103 c\u00e2nd cearc\u0103nele dispar.<br><br><br><strong><em>Hidrateaz\u0103 buzele uscate<\/em><\/strong> \u2013 Datorit\u0103 propriet\u0103\u021bilor exfoliante ale uleiului de c\u0103p\u0219uni, celulele moarte ale pielii sunt \u00eendep\u0103rtate, ceea ce previne uscarea. C\u00e2teva pic\u0103turi din acest ulei hidrateaz\u0103 buzele dac\u0103 sunt aplicate \u00een mod regulat. Cl\u0103ti\u021bi cu ap\u0103 c\u0103ldu\u021b\u0103.<\/p>\n\n\n\n<p id=\"tw-target-text\"><\/p>","protected":false},"excerpt":{"rendered":"<p>Marc\u0103: Nefertiti pentru uleiuri \u0219i plante naturale<br \/>\n\u021aara de origine: Egipt<br \/>\nDenumire botanic\u0103: Fragaria ananassa<br \/>\nFamilie: Rosaceae<br \/>\nComponente utilizate: Fructe<br \/>\nMetod\u0103 de extrac\u021bie: Distilare cu abur<br \/>\nParfum: Vesel, bl\u00e2nd \u0219i u\u0219or dulce<br \/>\nAspect: Ro\u0219u aprins<br \/>\nStare fizic\u0103: Lichid<br \/>\nNatural: Da<br \/>\nPuritate: 100% pur<br \/>\nCompozi\u021bie: Ulei aromatic pur<\/p>","protected":false},"featured_media":8022,"comment_status":"open","ping_status":"closed","template":"","meta":[],"product_cat":[51],"product_tag":[],"class_list":["post-8021","product","type-product","status-publish","has-post-thumbnail","hentry","product_cat-uleiuri-esentiale"],"_links":{"self":[{"href":"https:\/\/nefertiti-eg.ro\/en\/wp-json\/wp\/v2\/product\/8021","targetHints":{"allow":["GET"]}}],"collection":[{"href":"https:\/\/nefertiti-eg.ro\/en\/wp-json\/wp\/v2\/product"}],"about":[{"href":"https:\/\/nefertiti-eg.ro\/en\/wp-json\/wp\/v2\/types\/product"}],"replies":[{"embeddable":true,"href":"https:\/\/nefertiti-eg.ro\/en\/wp-json\/wp\/v2\/comments?post=8021"}],"wp:featuredmedia":[{"embeddable":true,"href":"https:\/\/nefertiti-eg.ro\/en\/wp-json\/wp\/v2\/media\/8022"}],"wp:attachment":[{"href":"https:\/\/nefertiti-eg.ro\/en\/wp-json\/wp\/v2\/media?parent=8021"}],"wp:term":[{"taxonomy":"product_cat","embeddable":true,"href":"https:\/\/nefertiti-eg.ro\/en\/wp-json\/wp\/v2\/product_cat?post=8021"},{"taxonomy":"product_tag","embeddable":true,"href":"https:\/\/nefertiti-eg.ro\/en\/wp-json\/wp\/v2\/product_tag?post=8021"}],"curies":[{"name":"wp","href":"https:\/\/api.w.org\/{rel}","templated":true}]}}