{"id":8018,"date":"2025-12-04T20:46:31","date_gmt":"2025-12-04T18:46:31","guid":{"rendered":"https:\/\/nefertiti-eg.ro\/?post_type=product&#038;p=8018"},"modified":"2026-04-08T17:42:22","modified_gmt":"2026-04-08T15:42:22","slug":"ulei-sand-of-arab","status":"publish","type":"product","link":"https:\/\/nefertiti-eg.ro\/en\/product\/ulei-sand-of-arab\/","title":{"rendered":"Ulei &#8222;Sand of Arab&#8221;"},"content":{"rendered":"<p id=\"tw-target-text\"><strong>Aplicarea Uleiului Aromat Nefertiti<\/strong><br><em>Produc\u021bia de parfumuri cu amestecuri de uleiuri aromatice<\/em><br><br>Our Nefertiti Aroma blends provide the best base for producing your own tailor made perfume.<br><br>Amesteca\u021bi uleiul aromatic Nefertiti ales cu alcool 96% \u00eentr-un raport de 1:1 pentru a crea parfumul preferat.<br><br>C\u00e2nd utiliza\u021bi parfumul preferat \u00een forma sa pur\u0103, aplica\u021bi doar \u00een cantit\u0103\u021bi mici. O pic\u0103tur\u0103 mic\u0103 este suficient\u0103 pentru a fi aplicat\u0103 local pe deget, de exemplu, frecat\u0103 \u00een spatele urechii.<br><br>Nu aplica\u021bi niciodat\u0103 amestecuri de arome nediluate pe haine, deoarece uleiul pur se poate p\u0103ta!<br><br><strong>Other applications<\/strong><br>Aromaterapie cu Amestec de Arome: Ad\u0103uga\u021bi c\u00e2teva pic\u0103turi de Amestec de Arome \u00eentr-un difuzor.<br><br>\u00cenviorare a \u00eenc\u0103perii cu Amestec de Arome: Amesteca\u021bi 1:2 Amestec de Uleiuri Arome (1) cu ap\u0103 distilat\u0103 (2).<br><br><strong>Aditiv pentru baie cu Amestec de Arome<\/strong>:<br>\u00cenv\u0103lui\u021bi-v\u0103 complet \u00een parfumul preferat! Ad\u0103uga\u021bi c\u00e2teva pic\u0103turi din Amestec de Arome ales \u00een apa de baie.<br><br><strong>\u0218tia\u021bi c\u0103?<\/strong><br>Egiptul este principalul furnizor de uleiuri aromatice pentru toate m\u0103rcile de parfumuri celebre din \u00eentreaga lume.<br>Uleiurile aromate Nefertiti sunt extrase din esen\u021bele florilor \u0219i ierburilor care cresc sub influen\u021ba soarelui egiptean \u00een zona noastr\u0103 agricol\u0103 din Fayum. Aceste uleiuri aromatice sunt ob\u021binute prin presare la rece sau prin distilarea recoltei \u00een propria noastr\u0103 fabric\u0103 din Fayum, Egipt, \u0219i \u00eembuteliate acolo. Prin urmare, produsele noastre agricole sunt 100% de cea mai \u00eenalt\u0103 calitate \u0219i formeaz\u0103 baza s\u0103n\u0103toas\u0103 pentru un produs finit excelent. Amestecurile de arome Nefertiti sunt potrivite pentru utilizare \u00een aromaterapie \u0219i pentru fabricarea de parfumuri fine.<\/p>\n\n\n\n<p id=\"tw-target-text\"><\/p>","protected":false},"excerpt":{"rendered":"<p><strong>Women\u2019s fragrance<\/strong><br \/>\n<em><strong>Scent:<\/strong><\/em> Fructat, fructe de p\u0103dure.<br \/>\nUn parfum des\u0103v\u00e2r\u0219it, creat pentru femeia enigmatic\u0103. Este un miros elegant, potrivit pentru utilizare pe tot parcursul zilei. Odat\u0103 ce te vei \u00eendr\u0103gosti de acest parfum, cu siguran\u021b\u0103 \u00eel vei folosi ani de zile.<br \/>\n<em><strong>Top note<\/strong><\/em>: Fructe de p\u0103dure, bergamot\u0103, citrice<br \/>\n<em><strong>Heart note:\u00a0<\/strong> <\/em>Miere<br \/>\n<em><strong>Base note:\u00a0<\/strong><\/em> caramel, paciuli, ciocolat\u0103, vanilie<\/p>","protected":false},"featured_media":8019,"comment_status":"open","ping_status":"closed","template":"","meta":[],"product_cat":[52],"product_tag":[],"class_list":["post-8018","product","type-product","status-publish","has-post-thumbnail","hentry","product_cat-uleiuri-amestec"],"_links":{"self":[{"href":"https:\/\/nefertiti-eg.ro\/en\/wp-json\/wp\/v2\/product\/8018","targetHints":{"allow":["GET"]}}],"collection":[{"href":"https:\/\/nefertiti-eg.ro\/en\/wp-json\/wp\/v2\/product"}],"about":[{"href":"https:\/\/nefertiti-eg.ro\/en\/wp-json\/wp\/v2\/types\/product"}],"replies":[{"embeddable":true,"href":"https:\/\/nefertiti-eg.ro\/en\/wp-json\/wp\/v2\/comments?post=8018"}],"wp:featuredmedia":[{"embeddable":true,"href":"https:\/\/nefertiti-eg.ro\/en\/wp-json\/wp\/v2\/media\/8019"}],"wp:attachment":[{"href":"https:\/\/nefertiti-eg.ro\/en\/wp-json\/wp\/v2\/media?parent=8018"}],"wp:term":[{"taxonomy":"product_cat","embeddable":true,"href":"https:\/\/nefertiti-eg.ro\/en\/wp-json\/wp\/v2\/product_cat?post=8018"},{"taxonomy":"product_tag","embeddable":true,"href":"https:\/\/nefertiti-eg.ro\/en\/wp-json\/wp\/v2\/product_tag?post=8018"}],"curies":[{"name":"wp","href":"https:\/\/api.w.org\/{rel}","templated":true}]}}