{"id":7993,"date":"2025-10-28T21:39:53","date_gmt":"2025-10-28T19:39:53","guid":{"rendered":"https:\/\/nefertiti-eg.ro\/?post_type=product&#038;p=7993"},"modified":"2025-12-03T08:37:39","modified_gmt":"2025-12-03T06:37:39","slug":"ulei-ylang-ylang","status":"publish","type":"product","link":"https:\/\/nefertiti-eg.ro\/en\/product\/ulei-ylang-ylang\/","title":{"rendered":"Ulei Ylang-ylang"},"content":{"rendered":"<p id=\"tw-target-text\"><strong>Originea \u0219i caracteristicile ylang-ylangului<\/strong><\/p>\n\n\n\n<p id=\"tw-target-text\"><br>Ylang-ylangul este un arbore ve\u0219nic verde care atinge o \u00een\u0103l\u021bime de 40 de metri, cu un trunchi de p\u00e2n\u0103 la 75 de centimetri \u00een diametru. Florile sunt de culoare galben-verzuie, cu \u0219ase petale \u0219i o pat\u0103 violet\u0103 \u00een interior. Ylang-ylangul \u00eenflore\u0219te aproape tot anul. Florile sunt recoltate \u00een zori, c\u00e2nd con\u021bin cantitatea maxim\u0103 de uleiuri esen\u021biale \u0219i miros cel mai intens. Uleiul de ylang-ylang este produs prin distilare cu abur.<br><br>Aroma incomparabil\u0103 a florilor de ylang-ylang este folosit\u0103 pentru a crea multe parfumuri de renume mondial. De asemenea, aroma ylang-ylangului este utilizat\u0103 \u00een aromaterapie, cosmetologie \u0219i \u00een producerea de parfumuri pentru s\u0103pun, crem\u0103 \u0219i alte produse.<\/p>\n\n\n\n<p id=\"tw-target-text\"><strong>Uleiul de Ylang Ylang \u0219i Beneficii<\/strong><\/p>\n\n\n\n<p id=\"tw-target-text\"><br>Uleiul de ylang-ylang este utilizat pe scar\u0103 larg\u0103 \u00een industria parfumeriei \u0219i a aromaterapiei. \u00cen aromaterapie, parfumul este folosit pentru a ameliora tensiunea \u0219i stresul \u0219i pentru a crea o dispozi\u021bie pozitiv\u0103. Este indicat pentru depresie, apatie, nervozitate crescut\u0103. Ajut\u0103 la reducerea tensiunii arteriale crescute \u0219i la \u00eembun\u0103t\u0103\u021birea somnului, precum \u0219i la eliminarea durerilor de cap \u0219i a impoten\u021bei.<br><br>Uleiul de ylang-ylang, datorit\u0103 aromei sale, precum \u0219i a propriet\u0103\u021bilor nutritive \u0219i protectoare, este inclus \u00een compozi\u021bia produselor de \u00eengrijire a pielii \u0219i a p\u0103rului. Ca parte a cosmeticelor, normalizeaz\u0103 func\u021bionarea glandelor sebacee, elimin\u0103 acneea \u0219i alte erup\u021bii cutanate, previne \u00eemb\u0103tr\u00e2nirea prematur\u0103 a pielii \u0219i stimuleaz\u0103 formarea de noi celule epidermice. \u00cen produsele de \u00eengrijire a p\u0103rului, restabile\u0219te structura p\u0103rului \u0219i previne c\u0103derea p\u0103rului. \u00cen plus, uleiul este utilizat ca remediu pentru mu\u0219c\u0103turile de insecte \u0219i \u0219arpe.<br><br>Principalele componente chimice ale uleiului esen\u021bial de ylang-ylang sunt: \u200b\u200blinalool, acetat de geranil, germacrene-D, beta-cariofilen\u0103, acetat de benzil, geraniol, benzoat de metil, farnesene, eugenol, benzoat de benzil, con\u021bine, de asemenea, acizi (formic, acetic, benzoic \u0219i al\u021bi acizi valerici) \u0219i alte substan\u021be. Aceste ingrediente confer\u0103 uleiului de ylang-ylang urm\u0103toarele propriet\u0103\u021bi:<br><br>&#8211; Calmeaz\u0103 sistemul nervos, are efect antidepresiv, anxiolitic \u0219i energizant<br>&#8211; Antiinflamator \u0219i analgezic<br>&#8211; Antifungic, antiviral, antimicrobian, antibacterian<br>&#8211; Decongestionant<br>&#8211; Insecticid<br>&#8211; Antispastic<br>&#8211; Dezinfectant<br>&#8211; Aromaterapie.<\/p>","protected":false},"excerpt":{"rendered":"<p>Marc\u0103: Nefertiti for natural oils and herbs<br \/>\n\u021aara de origine: Egipt<br \/>\nDenumire botanic\u0103: Cananga odorata<br \/>\nFamilie: Annonaceae<br \/>\nINCI: Ulei aromatic pur de Cananga odorata<br \/>\nComponente utilizate: Flori<br \/>\nMetod\u0103 de extrac\u021bie: Distilare cu abur<br \/>\nParfum: Dulce, picant<br \/>\nAspect: Galben auriu<br \/>\nStare fizic\u0103: Lichid<br \/>\nNatural: Da<br \/>\nPuritate: 100% pur<br \/>\nCertificat: ISO \u0219i MSDS<\/p>","protected":false},"featured_media":7994,"comment_status":"open","ping_status":"closed","template":"","meta":[],"product_cat":[51],"product_tag":[],"class_list":["post-7993","product","type-product","status-publish","has-post-thumbnail","hentry","product_cat-uleiuri-esentiale"],"_links":{"self":[{"href":"https:\/\/nefertiti-eg.ro\/en\/wp-json\/wp\/v2\/product\/7993","targetHints":{"allow":["GET"]}}],"collection":[{"href":"https:\/\/nefertiti-eg.ro\/en\/wp-json\/wp\/v2\/product"}],"about":[{"href":"https:\/\/nefertiti-eg.ro\/en\/wp-json\/wp\/v2\/types\/product"}],"replies":[{"embeddable":true,"href":"https:\/\/nefertiti-eg.ro\/en\/wp-json\/wp\/v2\/comments?post=7993"}],"wp:featuredmedia":[{"embeddable":true,"href":"https:\/\/nefertiti-eg.ro\/en\/wp-json\/wp\/v2\/media\/7994"}],"wp:attachment":[{"href":"https:\/\/nefertiti-eg.ro\/en\/wp-json\/wp\/v2\/media?parent=7993"}],"wp:term":[{"taxonomy":"product_cat","embeddable":true,"href":"https:\/\/nefertiti-eg.ro\/en\/wp-json\/wp\/v2\/product_cat?post=7993"},{"taxonomy":"product_tag","embeddable":true,"href":"https:\/\/nefertiti-eg.ro\/en\/wp-json\/wp\/v2\/product_tag?post=7993"}],"curies":[{"name":"wp","href":"https:\/\/api.w.org\/{rel}","templated":true}]}}