{"id":7734,"date":"2024-05-17T10:24:51","date_gmt":"2024-05-17T08:24:51","guid":{"rendered":"https:\/\/nefertiti-eg.ro\/?post_type=product&#038;p=7734"},"modified":"2025-10-14T20:01:10","modified_gmt":"2025-10-14T18:01:10","slug":"lumanare-cu-ulei-5-secrete-pentru-femei","status":"publish","type":"product","link":"https:\/\/nefertiti-eg.ro\/en\/product\/lumanare-cu-ulei-5-secrete-pentru-femei\/","title":{"rendered":"Lum\u00e2nare parfumata-din ceara de albine"},"content":{"rendered":"<p>Lum\u00e2nare din ceara de albine natural\u0103, ceara de la apicultor roman, cu Ulei &#8222;5 Secrete&#8221; marca Nefertiti, decorat\u0103 cu petale de flori uscate si cuar\u021b auriu. Borcan metalic auriu<\/p>","protected":false},"excerpt":{"rendered":"<p><strong>Lum\u00e2nare<\/strong> pentru Femei, cantitate ceara: <strong>170 g<\/strong>, cantitate total\u0103 cutie: <strong>220 g<\/strong><\/p>","protected":false},"featured_media":7737,"comment_status":"open","ping_status":"closed","template":"","meta":[],"product_cat":[86],"product_tag":[],"class_list":["post-7734","product","type-product","status-publish","has-post-thumbnail","hentry","product_cat-lumanari-parfumate"],"_links":{"self":[{"href":"https:\/\/nefertiti-eg.ro\/en\/wp-json\/wp\/v2\/product\/7734","targetHints":{"allow":["GET"]}}],"collection":[{"href":"https:\/\/nefertiti-eg.ro\/en\/wp-json\/wp\/v2\/product"}],"about":[{"href":"https:\/\/nefertiti-eg.ro\/en\/wp-json\/wp\/v2\/types\/product"}],"replies":[{"embeddable":true,"href":"https:\/\/nefertiti-eg.ro\/en\/wp-json\/wp\/v2\/comments?post=7734"}],"wp:featuredmedia":[{"embeddable":true,"href":"https:\/\/nefertiti-eg.ro\/en\/wp-json\/wp\/v2\/media\/7737"}],"wp:attachment":[{"href":"https:\/\/nefertiti-eg.ro\/en\/wp-json\/wp\/v2\/media?parent=7734"}],"wp:term":[{"taxonomy":"product_cat","embeddable":true,"href":"https:\/\/nefertiti-eg.ro\/en\/wp-json\/wp\/v2\/product_cat?post=7734"},{"taxonomy":"product_tag","embeddable":true,"href":"https:\/\/nefertiti-eg.ro\/en\/wp-json\/wp\/v2\/product_tag?post=7734"}],"curies":[{"name":"wp","href":"https:\/\/api.w.org\/{rel}","templated":true}]}}