{"id":7698,"date":"2024-02-18T14:12:35","date_gmt":"2024-02-18T12:12:35","guid":{"rendered":"https:\/\/nefertiti-eg.ro\/?post_type=product&#038;p=7698"},"modified":"2024-02-18T14:15:29","modified_gmt":"2024-02-18T12:15:29","slug":"kit-uleiuri-florale","status":"publish","type":"product","link":"https:\/\/nefertiti-eg.ro\/en\/product\/kit-uleiuri-florale\/","title":{"rendered":"Kit Uleiuri Florale"},"content":{"rendered":"<p>Acest kit con\u021bine o varietate minunat\u0103 de arome florale, a fost special preg\u0103tit pentru a v\u0103 promova sentimentul interior de bun\u0103stare.&nbsp;Indiferent de starea ta de spirit, abandoneaz\u0103-te acestor delicii parfumate pentru a restabili corpul, mintea \u0219i sufletul.<\/p>\n\n\n\n<ul class=\"wp-block-list\">\n<li><strong>Uleiul de iasomie<\/strong>&nbsp;, derivat din frumoasele flori albe parfumate, promoveaza optimismul si senzatia de bine, avand un efect minunat de calmant si oferind un sentiment de armonie.&nbsp;Asociat\u0103 mult timp cu aventurile amoroase, aceast\u0103 arom\u0103 delicioas\u0103 ajut\u0103 la&nbsp;dezvoltarea imagina\u021biei \u0219i a creativit\u0103\u021bii, sporind \u00een acela\u0219i timp \u00eencrederea \u00een sine.<\/li>\n\n\n\n<li><strong>Uleiul de lotus<\/strong>&nbsp;are o arom\u0103 floral\u0103 dulce \u0219i este derivat din florile exotice de lotus, considerate \u00een multe culturi ca un simbol al auto-regener\u0103rii, rena\u0219terii \u0219i purit\u0103\u021bii.&nbsp;Cu capacit\u0103\u021bile sale de relaxare, amelioreaz\u0103 tensiunea \u0219i \u00eencurajeaz\u0103 lini\u0219tea, un plus excelent pentru medita\u021bie.<\/li>\n\n\n\n<li><strong>Uleiul de liliac<\/strong>&nbsp;are un miros intens dulce, simboliz\u00e2nd romantismul \u0219i dragostea nevinovat\u0103.&nbsp;Acest ulei echilibreaz\u0103 \u0219i calmeaz\u0103 mintea \u0219i sufletul, inspir\u00e2nd pace \u0219i bun\u0103stare.<\/li>\n\n\n\n<li><strong>Uleiul de gardenie<\/strong>&nbsp;cu parfumul sau exotic, senzual, floral, induce un sentiment de armonie si bucurie, eliberandu-va de tensiune si promovand increderea in sine.&nbsp;Uleiul de gardenie este excelent pentru a calma durerile de cap, pentru a reduce oboseala \u0219i pentru a preveni insomnia.<\/li>\n\n\n\n<li><strong>Uleiul de violet\u0103<\/strong>&nbsp;\u0219i parfumul s\u0103u fin pudrat reduce stresul emo\u021bional \u0219i tulbur\u0103rile.&nbsp;Poate ajuta la tulbur\u0103rile de somn prin \u00eencurajarea calmului interior.&nbsp;Uleiul stimuleaz\u0103 eliberarea de endorfine \u0219i are propriet\u0103\u021bi afrodisiace.<\/li>\n<\/ul>","protected":false},"excerpt":{"rendered":"<p>Ulei de Iasomie<br \/>\nUlei de Lotus<br \/>\nUlei de Liliac<br \/>\nUlei de Gardenie<br \/>\nUlei de Violete               <\/p>","protected":false},"featured_media":7699,"comment_status":"open","ping_status":"closed","template":"","meta":[],"product_cat":[58],"product_tag":[],"class_list":["post-7698","product","type-product","status-publish","has-post-thumbnail","hentry","product_cat-kit-uri-uleiuri"],"_links":{"self":[{"href":"https:\/\/nefertiti-eg.ro\/en\/wp-json\/wp\/v2\/product\/7698","targetHints":{"allow":["GET"]}}],"collection":[{"href":"https:\/\/nefertiti-eg.ro\/en\/wp-json\/wp\/v2\/product"}],"about":[{"href":"https:\/\/nefertiti-eg.ro\/en\/wp-json\/wp\/v2\/types\/product"}],"replies":[{"embeddable":true,"href":"https:\/\/nefertiti-eg.ro\/en\/wp-json\/wp\/v2\/comments?post=7698"}],"wp:featuredmedia":[{"embeddable":true,"href":"https:\/\/nefertiti-eg.ro\/en\/wp-json\/wp\/v2\/media\/7699"}],"wp:attachment":[{"href":"https:\/\/nefertiti-eg.ro\/en\/wp-json\/wp\/v2\/media?parent=7698"}],"wp:term":[{"taxonomy":"product_cat","embeddable":true,"href":"https:\/\/nefertiti-eg.ro\/en\/wp-json\/wp\/v2\/product_cat?post=7698"},{"taxonomy":"product_tag","embeddable":true,"href":"https:\/\/nefertiti-eg.ro\/en\/wp-json\/wp\/v2\/product_tag?post=7698"}],"curies":[{"name":"wp","href":"https:\/\/api.w.org\/{rel}","templated":true}]}}