{"id":7590,"date":"2023-10-24T12:50:12","date_gmt":"2023-10-24T10:50:12","guid":{"rendered":"https:\/\/nefertiti-eg.ro\/?post_type=product&#038;p=7590"},"modified":"2026-03-28T14:25:01","modified_gmt":"2026-03-28T12:25:01","slug":"ulei-de-vanilie","status":"publish","type":"product","link":"https:\/\/nefertiti-eg.ro\/en\/product\/ulei-de-vanilie\/","title":{"rendered":"Ulei de Vanilie"},"content":{"rendered":"<p class=\"has-medium-font-size\">\u201e<em>Vanilia simpl\u0103<\/em>\u201d \u2013 o expresie care este menit\u0103 s\u0103 descrie cea mai simpl\u0103 \u0219i obi\u0219nuit\u0103 versiune a ceva. Cu siguran\u021b\u0103 complice la aceast\u0103 expresie este \u00eenghe\u021bat\u0103 obi\u0219nuit\u0103 cu arom\u0103 de vanilie, care a devenit disponibil\u0103 pe scar\u0103 larg\u0103 \u0219i ieftin prin dezvoltarea aromei artificiale de vanilie. Cu toate acestea, odat\u0103 ce cunoa\u0219te\u021bi \u00eentregul adev\u0103r despre vanilie, ve\u021bi recunoa\u0219te c\u0103 nu este nimic \u201eclar\u201d la minunata orhidee vanilie! Mai degrab\u0103, vor veni \u00een minte cuvinte precum \u201eexotic\u201d, \u201eremarcabil\u201d \u0219i chiar \u201eseduc\u0103tor\u201d. Ce face ca acest condiment s\u0103 fie cu adev\u0103rat unic?<\/p>\n\n\n\n<p>\u00cen timp ce multe orhidee sunt comestibile, orhideea vanilie se remarc\u0103 prin faptul c\u0103 este singura varietate, dintre aproximativ 25.000 de specii de orhidee, care produce un produs util pentru agricultur\u0103. \u00cen plus, vanilia con\u021bine mai mult de 200 de compu\u0219i de arom\u0103, ceea ce o face una dintre cele mai complexe arome existente. \u0218i pentru a completa totul, florile cerate palide ale vaniliei \u00eenfloresc doar o diminea\u021b\u0103 \u00een fiecare an.<\/p>\n\n\n\n<p>Vanilla Planifolia face parte din Vanilla Orchid Genus. Este originara din America Central\u0103, nordul Americii de Sud, Mexic \u0219i Caraibe. Gustul \u0219i aroma venerate se datoreaz\u0103 cantit\u0103\u021bii de vanilin\u0103 con\u021binut\u0103 \u00een aceast\u0103 surs\u0103 natural\u0103 primar\u0103 de vanilie. Un detaliu izbitor este c\u0103 aroma pronun\u021bat\u0103 de vanilie apare doar \u00een timpul procesului de uscare dup\u0103 recoltare.<\/p>\n\n\n\n<p><strong>Vanilia &amp; Beneficii pentru S\u0103n\u0103tate<\/strong><\/p>\n\n\n\n<p>Vanilina este principalul constituent al p\u0103st\u0103ilor de vanilie care asigur\u0103 dezvoltarea aromei pe care o cunoa\u0219tem sub numele de vanilie. Vanilina este un cristal alb, pudrat, cu un parfum puternic de vanilie \u0219i slab solubil \u00een ap\u0103. Cu c\u00e2t este mai mult\u0103 vanilin\u0103 \u00eentr-o p\u0103staie de vanilie, cu at\u00e2t gustul \u0219i aroma ei sunt mai bune. Calitatea vaniliei este str\u00e2ns legat\u0103 de con\u021binutul de vanilie: niveluri mai mari \u00eenseamn\u0103 o calitate mai bun\u0103 a boabelor de vanilie.<\/p>\n\n\n\n<p>Extractul din vanilin\u0103 real\u0103, produs\u0103 \u00een mod natural (comparativ cu versiunea artificial\u0103) are o structur\u0103 mai groas\u0103 \u0219i o culoare mai \u00eenchis\u0103 \u0219i este p\u0103tat cu fragmente de semin\u021be.<\/p>\n\n\n\n<p>Pe l\u00e2ng\u0103 faptul c\u0103 se g\u0103se\u0219te ca aditiv la multe alimente, b\u0103uturi, cosmetice \u0219i diverse remedii, vanilia are \u0219i propriet\u0103\u021bi care ne pot afecta s\u0103n\u0103tatea? Cu siguran\u021b\u0103! Se spune c\u0103 prezint\u0103 efecte multifunc\u021bionale, cum ar fi efecte antioxidante, anti-mutagene, antiangiogenice \u0219i analgezice. Vanilina are aplica\u021bii complementare de vindecare, inclusiv atenuarea febrei, spasmelor \u0219i irita\u021biilor gastro-intestinale.<\/p>\n\n\n\n<p><strong>Ulei aromat de Vanilie<\/strong><\/p>\n\n\n\n<p>Uleiul aromat de vanilie este un produs cu o cantitate mare de vanilin\u0103 \u2013 cu c\u00e2t concentra\u021bia de vanilin\u0103 este mai mare, cu at\u00e2t produsul este mai puternic. Acest ulei este format din trei componente principale care sunt extrase din p\u0103st\u0103ile de vanilie.<\/p>\n\n\n\n<p>Oleorezin\u0103 \u2013 o r\u0103\u0219in\u0103 semisolid\u0103 extras\u0103 din p\u0103st\u0103i.<\/p>\n\n\n\n<p>Absolut \u2013 o substan\u021b\u0103 concentrat\u0103, groas\u0103, care se amestec\u0103 u\u0219or cu produsele de \u00eengrijire corporal\u0103.<\/p>\n\n\n\n<p>Extract de CO2 \u2013 o substan\u021b\u0103 extras\u0103 din p\u0103st\u0103ile de vanilie care se dizolv\u0103 u\u0219or \u00een uleiuri purt\u0103toare \u0219i este singura substan\u021b\u0103 dintre cele trei care poate fi dispersat\u0103 prin intermediul unui difuzor.<\/p>\n\n\n\n<p>Cu toate acestea, vanilia nu este doar un miros de \u201ese simte bine\u201d, \u0219i este mult mai mult dec\u00e2t un ingredient cu arom\u0103 delicioas\u0103 \u00een produsele de patiserie. Vanilia are o serie de beneficii importante, cum ar fi reducerea inflama\u021biei, poate preveni bolile cronice \u0219i poate proteja inima. Vanilia are capacitatea incredibil\u0103 de a accelera vindecarea, de a \u00eembun\u0103t\u0103\u021bi acneea \u0219i de a promova cre\u0219terea p\u0103rului, ceea ce face de fapt vanilia un instrument multitasking indispensabil \u00een arsenalul t\u0103u de produse naturale de \u00eengrijire a s\u0103n\u0103t\u0103\u021bii.<\/p>\n\n\n\n<p><strong>Uleiul de Vanilie imbunatateste sanatatea pielii<\/strong><\/p>\n\n\n\n<p>Niacina, tiamina \u0219i acidul pantotenic g\u0103site \u00een uleiul de vanilie ajut\u0103 la promovarea s\u0103n\u0103t\u0103\u021bii pielii, men\u021bin\u00e2nd pielea curat\u0103 de acnee \u0219i ap\u0103r\u00e2nd daunele radicalilor liberi. De asemenea, poate preveni ridurile, liniile fine \u0219i petele de v\u00e2rst\u0103.<\/p>\n\n\n\n<p><strong>Ulei de Vanilie &#8211; previne acneea<\/strong><\/p>\n\n\n\n<p>Lupta cu acneea poate fi adesea sim\u021bit\u0103 ca o b\u0103t\u0103lie pierdut\u0103. Natura antibacterian\u0103 a uleiului de vanilie \u00eel face un aliat puternic \u00een combaterea co\u0219urilor. Are capacitatea de a elimina infec\u021bia de baz\u0103 \u0219i de a accelera recuperarea pielii. Chiar \u0219i apari\u021bia cicatricilor \u2013 acea r\u0103m\u0103\u0219i\u021b\u0103 ur\u00e2t\u0103 a acneei \u2013 poate fi redus\u0103 prin utilizarea uleiului de vanilie \u0219i poate lumina tenul.<\/p>\n\n\n\n<p><strong>Ulei de Vanilie \u0219i \u00eengrijirea p\u0103rului<\/strong><\/p>\n\n\n\n<p>Uleiul de vanilie con\u021bine vitamine B, cunoscute a fi importante pentru un p\u0103r s\u0103n\u0103tos \u0219i str\u0103lucitor. Pentru unii chiar ajut\u0103 la prevenirea c\u0103derii p\u0103rului! Uleiul de vanilie este excelent pentru p\u0103rul t\u0103u. Poate fi folosit ca ulei esen\u021bial \u00eempotriva v\u00e2rfurilor despicate, deoarece \u00eent\u0103re\u0219te p\u0103rul \u0219i stimuleaz\u0103 alimentarea cu s\u00e2nge a scalpului, favoriz\u00e2nd cre\u0219terea p\u0103rului.<\/p>\n\n\n\n<p><strong>Ulei de Vanilie pentru a calma anxietatea<\/strong><\/p>\n\n\n\n<p>Se \u0219tie c\u0103 aroma puternic\u0103 a uleiului de vanilie afecteaz\u0103 \u00een mod direct creierul \u0219i nervii. Induce lini\u0219te \u0219i amelioreaz\u0103 stresul, mai ales atunci c\u00e2nd este utilizat \u00een aromoterapie.<\/p>\n\n\n\n<p><strong>Ulei de Vanilie \u0219i Aromaterapie<\/strong><\/p>\n\n\n\n<p>\u00cen timp ce scepticismul cu privire la aromoterapie \u00eenc\u0103 persist\u0103, s-a descoperit c\u0103 una dintre cele mai bune metode naturale de vindecare este pur \u0219i simplu prin sim\u021bul nostru olfactiv. Efectul calmant instant al parfumului de vanilie asupra creierului \u00eel face un remediu excelent \u0219i cel mai accesibil pentru anxietate \u0219i stres cronic.<\/p>\n\n\n\n<p><strong>Uleiul de Vanilie spore\u0219te relaxarea<\/strong><\/p>\n\n\n\n<p>Vanilia este considerat\u0103 pe scar\u0103 larg\u0103 ca o substan\u021b\u0103 calmant\u0103 care creeaz\u0103 asocieri pozitive \u0219i evoc\u0103 sentimente de c\u0103ldur\u0103 \u0219i fericire. Nu e de mirare c\u0103 vanilia este un adaos at\u00e2t de favorit la at\u00e2tea produse de baie \u0219i de corp. Timp de aproape 30 de ani, un centru de s\u0103n\u0103tate din New York a folosit aromaterapie cu vanilie la pacien\u021bii s\u0103i \u00een timpul scan\u0103rilor RMN, pornind de la premisa c\u0103 parfumul calmeaz\u0103 sentimentele de anxietate \u0219i claustrofobie.<\/p>\n\n\n\n<p><strong>Ulei de Vanilie pentru o calitate \u00eembun\u0103t\u0103\u021bit\u0103 a somnului<\/strong><\/p>\n\n\n\n<p>At\u00e2t la nivel fizic, c\u00e2t \u0219i mental, parfumul de vanilie ajut\u0103 la relaxare, calm\u00e2nd mintea \u0219i amelior\u00e2nd tensiunea. Utiliza\u021bi-l \u00eentr-un difuzor din dormitor cu pu\u021bin timp \u00eenainte de a merge la culcare \u0219i permite\u021bi-l s\u0103 v\u0103 am\u00e2ne s\u0103 dormi\u021bi mai repede \u0219i mai mult timp.<\/p>\n\n\n\n<p><strong>Uleiul de Vanilie promoveaz\u0103 s\u0103n\u0103tatea c\u0103ilor respiratorii<\/strong><\/p>\n\n\n\n<p>C\u00e2teva pic\u0103turi de ulei de vanilie aplicate pe perne sau lenjerie de pat pot u\u0219ura respira\u021bia \u00een timpul somnului, deoarece favorizeaz\u0103 relaxarea \u0219i afecteaz\u0103 centrul respirator din creier. Un studiu \u0219tiin\u021bific efectuat pe bebelu\u0219ii prematuri a constatat o \u00eembun\u0103t\u0103\u021bire semnificativ\u0103 a apneei de somn la bebelu\u0219ii care dormeau pe perne care con\u021bin vanilin\u0103.<\/p>\n\n\n\n<p><strong>Uleiul de Vanilie ca afrodisiac<\/strong><\/p>\n\n\n\n<p>Structura molecular\u0103 a uleiului esen\u021bial de vanilie este similar\u0103 cu cea a feromonilor umani. Esen\u021ba secre\u021biei de feromoni este de a asigura \u00een mod natural atrac\u021bia sexual\u0103 \u00eentre persoane. Organul vomeronazal din spatele nasului detecteaz\u0103 feromonii, de\u0219i sunt aproape inodori. Acest lucru face ca partea a creierului care regleaz\u0103 impulsurile sexuale s\u0103 stimuleze niveluri crescute de estrogen \u0219i testosteron, cresc\u00e2nd atrac\u021bia sexual\u0103.<\/p>\n\n\n\n<p><strong>Ulei de Vanilie pentru a ameliora simptomele PMS<\/strong><\/p>\n\n\n\n<p>S-a demonstrat c\u0103 uleiul esen\u021bial de vanilie stimuleaz\u0103 produc\u021bia de estrogen. Drept urmare, poate ajuta la ameliorarea efectelor secundare nepl\u0103cute ale sindromului premenstrual \u2013 cum ar fi balonarea, oboseala \u0219i crampele \u2013 \u0219i poate \u00eembun\u0103t\u0103\u021bi reglarea emo\u021biilor.<\/p>\n\n\n\n<p><strong>Utilizarea \u00een siguran\u021b\u0103 a Uleiului de Vanilie<\/strong><\/p>\n\n\n\n<p>Uleiul aromat de vanilie este considerat sigur pentru utilizare \u00een scopuri aromatice \u0219i pentru uz local numai atunci c\u00e2nd este diluat cu un ulei purt\u0103tor. Aplicarea uleiului de vanilie pur direct pe piele este descurajat\u0103 \u0219i se recomand\u0103 efectuarea unui test de piele \u00eenainte de utilizarea efectiv\u0103. Dac\u0103 apare irita\u021bie, \u00eentrerupe\u021bi utilizarea. Acest ulei nu este potrivit pentru consum.<\/p>","protected":false},"excerpt":{"rendered":"<p><strong><span style=\"color: #000000;\"><span style=\"font-family: Poppins;\"><span style=\"font-size: small;\">Brand:<\/span><\/span><\/span><\/strong><span style=\"color: #000000;\"><span style=\"font-family: Poppins;\"><span style=\"font-size: small;\">\u00a0Nefertiti for natural oils and herbs<\/span><\/span><\/span> <strong><span style=\"color: #000000;\"><span style=\"font-family: Poppins;\"><span style=\"font-size: small;\">Country of origin:<\/span><\/span><\/span><\/strong><span style=\"color: #000000;\"><span style=\"font-family: Poppins;\"><span style=\"font-size: small;\">\u00a0Egypt<\/span><\/span><\/span> <strong><span style=\"color: #000000;\"><span style=\"font-family: Poppins;\"><span style=\"font-size: small;\">Botanical Name:<\/span><\/span><\/span><\/strong><span style=\"color: #000000;\"><span style=\"font-family: Poppins;\"><span style=\"font-size: small;\">\u00a0 Vanilla planifolia<\/span><\/span><\/span> <strong><span style=\"color: #000000;\"><span style=\"font-family: Poppins;\"><span style=\"font-size: small;\">Family Name:<\/span><\/span><\/span><\/strong><span style=\"color: #000000;\"><span style=\"font-family: Poppins;\"><span style=\"font-size: small;\">\u00a0 Orchidaceae<\/span><\/span><\/span> <strong><span style=\"color: #000000;\"><span style=\"font-family: Poppins;\"><span style=\"font-size: small;\">INCHI:<\/span><\/span><\/span><\/strong><span style=\"color: #000000;\"><span style=\"font-family: Poppins;\"><span style=\"font-size: small;\">\u00a0Vanilla Planifolia Ulei <\/span><\/span><\/span><span style=\"color: #000000;\"><span style=\"font-family: Poppins;\"><span style=\"font-size: small;\">Pur<\/span><\/span><\/span> <strong><span style=\"color: #000000;\"><span style=\"font-family: Poppins;\"><span style=\"font-size: small;\">Parts Used:<\/span><\/span><\/span><\/strong><span style=\"color: #000000;\"><span style=\"font-family: Poppins;\"><span style=\"font-size: small;\">\u00a0<\/span><\/span><\/span><span style=\"color: #000000;\"><span style=\"font-family: Poppins;\"><span style=\"font-size: small;\">P\u0103st\u0103i<\/span><\/span><\/span> <strong><span style=\"color: #000000;\"><span style=\"font-family: Poppins;\"><span style=\"font-size: small;\">Extraction Method:<\/span><\/span><\/span><\/strong><span style=\"color: #000000;\"><span style=\"font-family: Poppins;\"><span style=\"font-size: small;\">\u00a0Steam distillation.<\/span><\/span><\/span> <a name=\"tw-target-text\"><\/a><strong><span style=\"color: #000000;\"><span style=\"font-family: Poppins;\"><span style=\"font-size: small;\">Miros<\/span><\/span><\/span><\/strong><strong><span style=\"color: #000000;\"><span style=\"font-family: Poppins;\"><span style=\"font-size: small;\">:<\/span><\/span><\/span><\/strong><span style=\"color: #000000;\"><span style=\"font-family: Poppins;\"><span style=\"font-size: small;\">\u00a0<\/span><\/span><\/span><span style=\"color: #000000;\"><span style=\"font-family: Poppins;\"><span style=\"font-size: small;\"><span lang=\"ro-RO\">Dulce, cald \u0219i reconfortant<\/span><\/span><\/span><\/span> <strong><span style=\"color: #000000;\"><span style=\"font-family: Poppins;\"><span style=\"font-size: small;\">Appearance:<\/span><\/span><\/span><\/strong><span style=\"color: #000000;\"><span style=\"font-family: Poppins;\"><span style=\"font-size: small;\">\u00a0<\/span><\/span><\/span><span style=\"color: #000000;\"><span style=\"font-family: Poppins;\"><span style=\"font-size: small;\">Galben maroniu<\/span><\/span><\/span> <strong><span style=\"color: #000000;\"><span style=\"font-family: Poppins;\"><span style=\"font-size: small;\">Physical state:<\/span><\/span><\/span><\/strong><span style=\"color: #000000;\"><span style=\"font-family: Poppins;\"><span style=\"font-size: small;\">\u00a0Liquid<\/span><\/span><\/span> <strong><span style=\"color: #000000;\"><span style=\"font-family: Poppins;\"><span style=\"font-size: small;\">Natural<\/span><\/span><\/span><\/strong><span style=\"color: #000000;\"><span style=\"font-family: Poppins;\"><span style=\"font-size: small;\">\u00a0Yes<\/span><\/span><\/span> <strong><span style=\"color: #000000;\"><span style=\"font-family: Poppins;\"><span style=\"font-size: small;\">Purity:<\/span><\/span><\/span><\/strong><span style=\"color: #000000;\"><span style=\"font-family: Poppins;\"><span style=\"font-size: small;\">\u00a0100% pure<\/span><\/span><\/span> <strong><span style=\"color: #000000;\"><span style=\"font-family: Poppins;\"><span style=\"font-size: small;\">ISO Certificate:<\/span><\/span><\/span><\/strong><span style=\"color: #000000;\"><span style=\"font-family: Poppins;\"><span style=\"font-size: small;\">\u00a0ISO, COA and MSDS<\/span><\/span><\/span> <strong><span style=\"color: #000000;\"><span style=\"font-family: Poppins;\"><span style=\"font-size: small;\">Shipping:<\/span><\/span><\/span><\/strong><span style=\"color: #000000;\"><span style=\"font-family: Poppins;\"><span style=\"font-size: small;\">\u00a0Calculated at checkout<\/span><\/span><\/span><\/p>","protected":false},"featured_media":7589,"comment_status":"open","ping_status":"closed","template":"","meta":[],"product_cat":[51],"product_tag":[],"class_list":["post-7590","product","type-product","status-publish","has-post-thumbnail","hentry","product_cat-uleiuri-esentiale"],"_links":{"self":[{"href":"https:\/\/nefertiti-eg.ro\/en\/wp-json\/wp\/v2\/product\/7590","targetHints":{"allow":["GET"]}}],"collection":[{"href":"https:\/\/nefertiti-eg.ro\/en\/wp-json\/wp\/v2\/product"}],"about":[{"href":"https:\/\/nefertiti-eg.ro\/en\/wp-json\/wp\/v2\/types\/product"}],"replies":[{"embeddable":true,"href":"https:\/\/nefertiti-eg.ro\/en\/wp-json\/wp\/v2\/comments?post=7590"}],"wp:featuredmedia":[{"embeddable":true,"href":"https:\/\/nefertiti-eg.ro\/en\/wp-json\/wp\/v2\/media\/7589"}],"wp:attachment":[{"href":"https:\/\/nefertiti-eg.ro\/en\/wp-json\/wp\/v2\/media?parent=7590"}],"wp:term":[{"taxonomy":"product_cat","embeddable":true,"href":"https:\/\/nefertiti-eg.ro\/en\/wp-json\/wp\/v2\/product_cat?post=7590"},{"taxonomy":"product_tag","embeddable":true,"href":"https:\/\/nefertiti-eg.ro\/en\/wp-json\/wp\/v2\/product_tag?post=7590"}],"curies":[{"name":"wp","href":"https:\/\/api.w.org\/{rel}","templated":true}]}}