{"id":7568,"date":"2023-07-04T13:10:12","date_gmt":"2023-07-04T11:10:12","guid":{"rendered":"https:\/\/nefertiti-eg.ro\/?post_type=product&#038;p=7568"},"modified":"2025-07-11T20:48:01","modified_gmt":"2025-07-11T18:48:01","slug":"kit-anti-anging","status":"publish","type":"product","link":"https:\/\/nefertiti-eg.ro\/en\/product\/kit-anti-anging\/","title":{"rendered":"Kit Anti-Aging"},"content":{"rendered":"<p class=\"has-text-align-left\"><\/p>\n\n\n\n<p>Cea mai bun\u0103 ap\u0103rare pentru pielea ta \u0219i pentru a-l men\u021bine mai t\u00e2n\u0103r, mai proasp\u0103t \u0219i s\u0103n\u0103tos este s\u0103 \u00eei oferi un regim zilnic de \u00eengrijire folosind ingrediente naturale. Kit-ul nostru anti-\u00eemb\u0103tr\u00e2nire este special creat pentru a oferi hran\u0103 pielii, diminu\u00e2nd ridurile nedorite, contribuind \u00een acela\u0219i timp la prevenirea apari\u021biei altora noi.<\/p>\n\n\n\n<p><\/p>\n\n\n\n<ul class=\"wp-block-list\">\n<li> Uleiul de jojoba ac\u021bioneaz\u0103 similar cu sebumul natural al pielii \u0219i echilibreaz\u0103 pielea. De fapt, este mai mult\u0103 cear\u0103 dec\u00e2t ulei, av\u00e2nd capacitatea de a p\u0103trunde ad\u00e2nc \u00een piele pentru a o reface \u0219i a men\u021bine umiditatea. Ambalat cu concentrate mari de vitamine A \u0219i E, uleiul de jojoba stimuleaz\u0103 regenerarea celular\u0103, lumineaz\u0103 pielea \u0219i o protejeaz\u0103 de soare cu capacitatea sa natural\u0103 de protec\u021bie UV. \u00cen general, diminueaz\u0103 \u0219i protejeaz\u0103 pielea de efectele \u00eemb\u0103tr\u00e2nirii. Fiind perfect pentru toate tipurile de piele, uleiul de jojoba este, de asemenea, suficient de bl\u00e2nd pentru a fi folosit pe zona delicat\u0103 din jurul ochilor \u0219i poate fi folosit ca hidratant \u0219i etan\u0219ant pentru \u00eentregul corp.<\/li>\n<\/ul>\n\n\n\n<ul class=\"wp-block-list\">\n<li>Lo\u021biunea de Aloe Vera este bogat\u0103 \u00een vitaminele A, C, E, unele din vitaminele din grupa B, acid folic, minerale \u0219i un grup echilibrat de substan\u021be biologic active. Acestea \u00eel fac un antioxidant superb, inhib\u00e2nd astfel procesul de oxidare \u00een celule, reduc\u00e2nd efectul lor d\u0103un\u0103tor \u0219i \u00eent\u00e2rziind \u00eemb\u0103tr\u00e2nirea pielii. Acest lucru are ca rezultat o piele cu aspect mai t\u00e2n\u0103r. Lo\u021biunea de Aloe Vera hidrateaz\u0103 pentru a trata \u0219i a preveni pielea uscat\u0103, aspr\u0103, solzoas\u0103, m\u00e2nc\u0103rime \u0219i irita\u021biile minore ale pielii \u0219i stimuleaz\u0103 regenerarea \u021besuturilor. Porii sunt str\u00e2n\u0219i \u0219i pielea \u00eenmuiat\u0103, permi\u021b\u00e2nd un aspect mai tineresc. Datorit\u0103 abilit\u0103\u021bilor sale extrem de r\u0103coritoare \u0219i lini\u0219titoare, ofer\u0103 o calmare instantanee \u00een cazul pielii arsuri de soare sau deteriorate, \u00een timp ce conduce \u00een mod activ la repararea pielii.<\/li>\n<\/ul>\n\n\n\n<ul class=\"wp-block-list\">\n<li>Uleiul de argan ofer\u0103 un rezultat vizibil pentru elasticitatea pielii \u0219i este bogat \u00een vitamina E antioxidant\u0103, prin urmare este foarte hidratant, \u00eembun\u0103t\u0103\u021be\u0219te reten\u021bia de ap\u0103 \u00een piele \u0219i ajut\u0103 la protejarea \u00eempotriva daunelor solare.<\/li>\n<\/ul>\n\n\n\n<ul class=\"wp-block-list\">\n<li>Uleiul antirid contine 4 uleiuri benefice: ulei de argan, ulei de jojoba, ulei de migdale si ulei de germeni de grau. Aceste uleiuri lucreaz\u0103 \u00eempreun\u0103 pentru a v\u0103 sprijini \u00een lupta \u00eempotriva semnelor de \u00eemb\u0103tr\u00e2nire. Uleiul antirid p\u0103trunde ad\u00e2nc \u00een piele \u0219i promoveaz\u0103 re\u00eennoirea celulelor pielii. Hidratarea \u0219i elasticitatea sunt restabilite, iar ridurile sunt netezite.<\/li>\n<\/ul>","protected":false},"excerpt":{"rendered":"<p>&#8211; Ulei de Jojoba: 125 ml &#8211; Lotiune Aloe Vera: 125 ml &#8211; Ulei de Argan: 60 ml &#8211; Ulei Antirid: 60 ml<\/p>","protected":false},"featured_media":7569,"comment_status":"open","ping_status":"closed","template":"","meta":[],"product_cat":[58],"product_tag":[],"class_list":["post-7568","product","type-product","status-publish","has-post-thumbnail","hentry","product_cat-kit-uri-uleiuri"],"_links":{"self":[{"href":"https:\/\/nefertiti-eg.ro\/en\/wp-json\/wp\/v2\/product\/7568","targetHints":{"allow":["GET"]}}],"collection":[{"href":"https:\/\/nefertiti-eg.ro\/en\/wp-json\/wp\/v2\/product"}],"about":[{"href":"https:\/\/nefertiti-eg.ro\/en\/wp-json\/wp\/v2\/types\/product"}],"replies":[{"embeddable":true,"href":"https:\/\/nefertiti-eg.ro\/en\/wp-json\/wp\/v2\/comments?post=7568"}],"wp:featuredmedia":[{"embeddable":true,"href":"https:\/\/nefertiti-eg.ro\/en\/wp-json\/wp\/v2\/media\/7569"}],"wp:attachment":[{"href":"https:\/\/nefertiti-eg.ro\/en\/wp-json\/wp\/v2\/media?parent=7568"}],"wp:term":[{"taxonomy":"product_cat","embeddable":true,"href":"https:\/\/nefertiti-eg.ro\/en\/wp-json\/wp\/v2\/product_cat?post=7568"},{"taxonomy":"product_tag","embeddable":true,"href":"https:\/\/nefertiti-eg.ro\/en\/wp-json\/wp\/v2\/product_tag?post=7568"}],"curies":[{"name":"wp","href":"https:\/\/api.w.org\/{rel}","templated":true}]}}