{"id":7557,"date":"2023-05-16T14:29:58","date_gmt":"2023-05-16T12:29:58","guid":{"rendered":"https:\/\/nefertiti-eg.ro\/?post_type=product&#038;p=7557"},"modified":"2026-01-26T00:44:51","modified_gmt":"2026-01-25T22:44:51","slug":"lotiune-corp-cu-lapte-de-camila","status":"publish","type":"product","link":"https:\/\/nefertiti-eg.ro\/en\/product\/lotiune-corp-cu-lapte-de-camila\/","title":{"rendered":"Lo\u021biune corp cu Lapte de C\u0103mil\u0103"},"content":{"rendered":"<p><strong>Lo\u021biune corp cu lapte de c\u0103mil\u0103 <\/strong><\/p>\n\n\n\n<p>Laptele de c\u0103mil\u0103 este un ingredient puternic \u00een produsele de \u00eengrijire a pielii, deoarece este absolut \u00eenc\u0103rcat cu componente care iubesc pielea, cum ar fi alfa hidroxiacizi naturali (AHA), imunoglobuline (IgG), fosfolipide, vitaminele A, C, D, E \u0219i vitaminele B, plus. minerale inclusiv calciu, cupru, fier, magneziu, potasiu, seleniu, zinc.<\/p>\n\n\n\n<p>Se crede c\u0103 a fost un truc de frumuse\u021be al egiptenilor antici, unii afirm\u00e2nd c\u0103 Cleopatra s-a sc\u0103ldat \u00een lapte de c\u0103mil\u0103 \u0219i nu \u00een lapte de m\u0103g\u0103ri\u021b\u0103. Indiferent, este un elixir pentru piele \u0219i potrivit pentru toate tipurile de ten \u0219i v\u00e2rstele. Un antioxidant puternic, posed\u0103, de asemenea, propriet\u0103\u021bi antimicrobiene \u0219i antiinflamatorii \u0219i este capabil s\u0103 p\u0103trund\u0103 profund \u00een straturile dermei \u0219i epidermei, hidrat\u00e2nd \u0219i stimul\u00e2nd repararea \u0219i \u00eentinerirea pielii.<\/p>\n\n\n\n<p><strong>Ilumineaz\u0103 \u0219i uniformizeaz\u0103 nuan\u021ba pielii<\/strong><\/p>\n\n\n\n<p>AHA-urile naturale ajut\u0103 la exfolierea pielii moarte \u0219i dezvoltarea celulor noi, pe l\u00e2ng\u0103 cre\u0219terea produc\u021biei de ceramide a pielii, care ajut\u0103 la re\u021binerea umidit\u0103\u021bii, prezent\u00e2nd astfel un aspect mai plin \u0219i mai luminos.<\/p>\n\n\n\n<p><strong>Atenueaz\u0103 usc\u0103ciunea<\/strong><\/p>\n\n\n\n<p>Laptele de c\u0103mil\u0103 con\u021bine lanolin\u0103 despre care se \u0219tie c\u0103 hidrateaza pielea.. Spre deosebire de lanolin\u0103 pur\u0103, care este comedogen\u0103 \u0219i poate bloca porii, cantitatea prezent\u0103 \u00een laptele de c\u0103mil\u0103 este echilibrul perfect pentru a estompa uscaciunea f\u0103r\u0103 a compromite porii. Laptele \u00een sine este bogat \u00een fier \u0219i vitamine B, precum \u0219i acizi naturali, care exfoliaz\u0103 u\u0219or si netezeste pielea.<\/p>\n\n\n\n<p><strong>Reduce acneea \u0219i afec\u021biunile pielii<\/strong><\/p>\n\n\n\n<p>Un remediu natural pentru acnee, laptele de c\u0103mil\u0103 echilibreaz\u0103 nivelul pH-ului pielii \u0219i ajut\u0103 la reglarea produc\u021biei de sebum. AHA, inclusiv acidul lactic, ofer\u0103 o ac\u021biune natural\u0103 puternic\u0103 de exfoliere, \u00eendep\u0103rt\u00e2nd celulele moarte ale pielii \u0219i debloc\u00e2nd porii. Propriet\u0103\u021bile antimicrobiene ucid orice bacterie deja prezent\u0103, iar efectul s\u0103u antiinflamator \u00eembl\u00e2nze\u0219te orice ro\u0219ea\u021b\u0103 \u0219i umflare. \u00cen plus, lo\u021biunea cu lapte de c\u0103mil\u0103 poate ajuta la prevenirea cicatricilor \u0219i la reducerea apari\u021biei cicatricilor de acnee existente.<\/p>\n\n\n\n<p>\u00cen plus, cu capacitatea sa de a p\u0103trunde profund \u00een piele \u0219i de a lucra la nivel celular, lo\u021biunea cu lapte de c\u0103mil\u0103 poate ajuta la atenuarea simptomelor afec\u021biunilor pielii, cum ar fi eczema \u0219i psoriazisul.<\/p>\n\n\n\n<p><strong>Anti-\u00eemb\u0103tr\u00e2nire<\/strong><\/p>\n\n\n\n<p>Avand o cantitate mare de vitamine \u0219i minerale esen\u021biale, aceast\u0103 lo\u021biune este un agent puternic anti-\u00eemb\u0103tr\u00e2nire. Propriet\u0103\u021bile sale antioxidante puternice ajut\u0103 la protejarea \u00eempotriva factorilor de mediu \u0219i la prevenirea ridurilor, a petelor de v\u00e2rst\u0103 \u0219i a pielii l\u0103sate. Lo\u021biunea cu lapte de c\u0103mil\u0103 promoveaz\u0103 produc\u021bia de colagen \u0219i elastina, repar\u00e2nd \u0219i re\u00eennoind pielea pentru a-l ridica \u0219i a \u00eent\u0103ri \u0219i, ulterior, reduce aspectul liniilor fine \u0219i ridurilor.<\/p>","protected":false},"excerpt":{"rendered":"<p>Laptele de c\u0103mil\u0103 p\u0103trunde ad\u00e2nc \u00een piele pentru a hr\u0103ni \u0219i proteja. \u00cencurajeaz\u0103 re\u00eennoirea pielii, stimuleaz\u0103 produc\u021bia de colagen \u0219i elastin\u0103 pentru o piele vizibil mai str\u0103lucitoare \u0219i mai neted\u0103. Potrivit pentru toate tipurile de piele, echilibreaz\u0103 pielea, regleaz\u0103 produc\u021bia de sebum \u0219i promoveaz\u0103 o piele curat\u0103, s\u0103n\u0103toas\u0103 \u0219i cu aspect mai t\u00e2n\u0103r.<\/p>","protected":false},"featured_media":7974,"comment_status":"open","ping_status":"closed","template":"","meta":[],"product_cat":[53,60,61],"product_tag":[],"class_list":["post-7557","product","type-product","status-publish","has-post-thumbnail","hentry","product_cat-cosmetice-naturale","product_cat-natural-health-care","product_cat-natural-skin-care"],"_links":{"self":[{"href":"https:\/\/nefertiti-eg.ro\/en\/wp-json\/wp\/v2\/product\/7557","targetHints":{"allow":["GET"]}}],"collection":[{"href":"https:\/\/nefertiti-eg.ro\/en\/wp-json\/wp\/v2\/product"}],"about":[{"href":"https:\/\/nefertiti-eg.ro\/en\/wp-json\/wp\/v2\/types\/product"}],"replies":[{"embeddable":true,"href":"https:\/\/nefertiti-eg.ro\/en\/wp-json\/wp\/v2\/comments?post=7557"}],"wp:featuredmedia":[{"embeddable":true,"href":"https:\/\/nefertiti-eg.ro\/en\/wp-json\/wp\/v2\/media\/7974"}],"wp:attachment":[{"href":"https:\/\/nefertiti-eg.ro\/en\/wp-json\/wp\/v2\/media?parent=7557"}],"wp:term":[{"taxonomy":"product_cat","embeddable":true,"href":"https:\/\/nefertiti-eg.ro\/en\/wp-json\/wp\/v2\/product_cat?post=7557"},{"taxonomy":"product_tag","embeddable":true,"href":"https:\/\/nefertiti-eg.ro\/en\/wp-json\/wp\/v2\/product_tag?post=7557"}],"curies":[{"name":"wp","href":"https:\/\/api.w.org\/{rel}","templated":true}]}}