{"id":7451,"date":"2022-05-20T15:25:49","date_gmt":"2022-05-20T13:25:49","guid":{"rendered":"https:\/\/nefertiti-eg.ro\/?post_type=product&#038;p=7451"},"modified":"2026-03-27T17:32:24","modified_gmt":"2026-03-27T15:32:24","slug":"handal-cream","status":"publish","type":"product","link":"https:\/\/nefertiti-eg.ro\/en\/product\/handal-cream\/","title":{"rendered":"Handal Cream (Colocynth)"},"content":{"rendered":"<p class=\"has-large-font-size\"><strong>Indica\u021bii de utilizare<\/strong><\/p>\n\n\n\n<ul class=\"wp-block-list\">\n<li>Boli inflamatorii ale articula\u021biilor (artrita, poliartrita, artroza, guta, osteoartrita, osteocondroza).<\/li>\n\n\n\n<li>Sciatic\u0103, lombago.<\/li>\n\n\n\n<li>Boli ale tesuturilor extraarticulare (tendovaginite, bursite, leziuni reumatice ale tesuturilor moi), nevralgii, mialgii.<\/li>\n\n\n\n<li>Hernie intervertebral\u0103.<\/li>\n\n\n\n<li>Leziuni sportive (entorse, rupturi de ligamente, v\u00e2n\u0103t\u0103i).<\/li>\n\n\n\n<li>Dureri musculare \u0219i crampe.<\/li>\n\n\n\n<li>Oboseala la efort fizic ridicat.<\/li>\n<\/ul>\n\n\n\n<p class=\"has-large-font-size\"><strong>Aplica\u021bie<\/strong><\/p>\n\n\n\n<p>Aplica\u021bi pe locul dureros \u0219i masa\u021bi timp de c\u00e2teva minute. Se recomand\u0103 utilizarea de 2-3 ori pe zi.<\/p>\n\n\n\n<p class=\"has-large-font-size\"><strong>Ingrediente active<\/strong><\/p>\n\n\n\n<p>Handal (colocint, coloquint), unt de shea, ulei de chimen negru, ulei de maghiran, ulei de eucalipt, ulei de fenicul, ulei de mustar, ulei de ardei iute.<\/p>","protected":false},"excerpt":{"rendered":"<p>Colocint este o plant\u0103 ale c\u0103rei fructe seam\u0103n\u0103 cu dovlecii mici. Planta este otr\u0103vitoare \u0219i este folosit\u0103 numai pentru uz extern. Unguentul din aceast\u0103 plant\u0103 este un produs 100% natural care con\u021bine numai uleiuri naturale \u0219i esen\u021biale. Este foarte eficient \u00een reducerea durerii \u0219i a inflama\u021biei la nivelul articula\u021biilor \u0219i mu\u0219chilor.<\/p>","protected":false},"featured_media":7975,"comment_status":"open","ping_status":"closed","template":"","meta":[],"product_cat":[53,61],"product_tag":[],"class_list":["post-7451","product","type-product","status-publish","has-post-thumbnail","hentry","product_cat-cosmetice-naturale","product_cat-natural-skin-care"],"_links":{"self":[{"href":"https:\/\/nefertiti-eg.ro\/en\/wp-json\/wp\/v2\/product\/7451","targetHints":{"allow":["GET"]}}],"collection":[{"href":"https:\/\/nefertiti-eg.ro\/en\/wp-json\/wp\/v2\/product"}],"about":[{"href":"https:\/\/nefertiti-eg.ro\/en\/wp-json\/wp\/v2\/types\/product"}],"replies":[{"embeddable":true,"href":"https:\/\/nefertiti-eg.ro\/en\/wp-json\/wp\/v2\/comments?post=7451"}],"wp:featuredmedia":[{"embeddable":true,"href":"https:\/\/nefertiti-eg.ro\/en\/wp-json\/wp\/v2\/media\/7975"}],"wp:attachment":[{"href":"https:\/\/nefertiti-eg.ro\/en\/wp-json\/wp\/v2\/media?parent=7451"}],"wp:term":[{"taxonomy":"product_cat","embeddable":true,"href":"https:\/\/nefertiti-eg.ro\/en\/wp-json\/wp\/v2\/product_cat?post=7451"},{"taxonomy":"product_tag","embeddable":true,"href":"https:\/\/nefertiti-eg.ro\/en\/wp-json\/wp\/v2\/product_tag?post=7451"}],"curies":[{"name":"wp","href":"https:\/\/api.w.org\/{rel}","templated":true}]}}