{"id":7448,"date":"2022-05-20T15:21:05","date_gmt":"2022-05-20T13:21:05","guid":{"rendered":"https:\/\/nefertiti-eg.ro\/?post_type=product&#038;p=7448"},"modified":"2026-02-28T18:13:48","modified_gmt":"2026-02-28T16:13:48","slug":"cristale-de-menta","status":"publish","type":"product","link":"https:\/\/nefertiti-eg.ro\/en\/product\/cristale-de-menta\/","title":{"rendered":"Cristale de Menta"},"content":{"rendered":"<p class=\"has-large-font-size\"><strong>Cristale de ment\u0103<\/strong><\/p>\n\n\n\n<p>Cristalele de mentol au o reputa\u021bie pentru diferite propriet\u0103\u021bi terapeutice. Se crede c\u0103 stimuleaz\u0103 circula\u021bia \u0219i prezint\u0103 propriet\u0103\u021bi antibacteriene, revigorante, calmante \u0219i r\u0103coritoare. \u00cen plus, au efect analgezic, anestezic, expectorant, antimicrobian, antispastic, decongestionant, antiemetic \u0219i antitusiv.<\/p>\n\n\n\n<p>Cum acest agent puternic \u00eembun\u0103t\u0103\u021be\u0219te imunitatea corpului \u0219i sus\u021bine capacitatea sa natural\u0103 de a se vindeca singur?<\/p>\n\n\n\n<p class=\"has-large-font-size\"><strong>Origine si Caracteristici<\/strong><\/p>\n\n\n\n<p>Mentha arvensis, planta de ment\u0103 cunoscut\u0103 \u0219i sub denumirea de ment\u0103 de porumb, ment\u0103 de c\u00e2mp sau ment\u0103 s\u0103lbatic\u0103, este o specie din genurile Mentha, parte a familiei Lamiaceae. Cristalele de menta sunt obtinute printr-un proces de congelare usor a uleiului de menta 100% natural (derivat din frunzele de menta), care are ca rezultat formarea cristalelor de menta. Trebuie luat \u00een considerare faptul c\u0103 propriet\u0103\u021bile sale sunt foarte concentrate \u0219i c\u0103 este nevoie de obicei doar de o cantitate mic\u0103 de cristale de ment\u0103 pentru a beneficia de efectele sale puternice.<\/p>\n\n\n\n<p>Din cele mai vechi timpuri, planta de ment\u0103 a fost folosit\u0103 \u00een mai multe culturi pentru a trata afec\u021biunile respiratorii \u0219i simptomele r\u0103celii. Pentru a elimina respira\u021bia ur\u00e2t mirositoare \u0219i a reduce durerea \u00een g\u00e2t, frunzele de ment\u0103 erau mestecate \u0219i erau folosite ca comprese pentru a calma t\u0103ieturile, r\u0103nile, arsurile \u0219i furunculele. Chiar \u00eenainte de secolul al XIX-lea, menta a fost introdus\u0103 \u00een America \u0219i a crescut treptat \u00een popularitate pentru eficacitatea sa \u00een ameliorarea diferitelor st\u0103ri de durere, grea\u021b\u0103 \u0219i congestie.<\/p>\n\n\n\n<p>Datorit\u0103 efectului s\u0103u stimulant \u0219i senza\u021biei de r\u0103coare, menta este un ingredient popular \u00een produsele de igien\u0103 oral\u0103. Sunt folosite \u00een pastile care calmeaz\u0103 durerile de g\u00e2t \u0219i \u00een unguente \u0219i balsamuri pentru propriet\u0103\u021bile lor anestezice. \u00cen plus, este un ingredient utilizat pe scar\u0103 larg\u0103 \u00een produsele cosmetice destinate s\u0103 aib\u0103 un efect de r\u0103cire, precum \u0219i \u00een produsele de \u00eengrijire a p\u0103rului \u0219i deodorante.<\/p>\n\n\n\n<p>\u00cen starea lor natural\u0103, la temperatura camerei, cristalele de menta seam\u0103n\u0103 cu cristalele de ghea\u021b\u0103, aspectul lor incolor p\u00e2n\u0103 la alb translucid. Cristalele sunt mici \u0219i solide, dar foarte fragile, iar materia cristalin\u0103 se simte ca o cear\u0103 \u0219i \u00eencepe s\u0103 se topeasc\u0103 la atingere. Se dizolv\u0103 u\u0219or \u00een alte uleiuri esen\u021biale, ap\u0103 sau alcool. Mirosul distinctiv r\u0103coritor al cristalelor de menta este caracteristic originii sale, planta de ment\u0103.<\/p>","protected":false},"excerpt":{"rendered":"<p>Feericul mentol din cristale de menta iti poate imbunatati calitatea vietii! Cristalele de mentol sunt un remediu de mare calibru pentru multe afec\u021biuni, sunt u\u0219or accesibile \u0219i numeroasele sale beneficii pentru s\u0103n\u0103tate ar trebui cunoscute de toat\u0103 lumea.<\/p>","protected":false},"featured_media":7449,"comment_status":"open","ping_status":"closed","template":"","meta":[],"product_cat":[53],"product_tag":[],"class_list":["post-7448","product","type-product","status-publish","has-post-thumbnail","hentry","product_cat-cosmetice-naturale"],"_links":{"self":[{"href":"https:\/\/nefertiti-eg.ro\/en\/wp-json\/wp\/v2\/product\/7448","targetHints":{"allow":["GET"]}}],"collection":[{"href":"https:\/\/nefertiti-eg.ro\/en\/wp-json\/wp\/v2\/product"}],"about":[{"href":"https:\/\/nefertiti-eg.ro\/en\/wp-json\/wp\/v2\/types\/product"}],"replies":[{"embeddable":true,"href":"https:\/\/nefertiti-eg.ro\/en\/wp-json\/wp\/v2\/comments?post=7448"}],"wp:featuredmedia":[{"embeddable":true,"href":"https:\/\/nefertiti-eg.ro\/en\/wp-json\/wp\/v2\/media\/7449"}],"wp:attachment":[{"href":"https:\/\/nefertiti-eg.ro\/en\/wp-json\/wp\/v2\/media?parent=7448"}],"wp:term":[{"taxonomy":"product_cat","embeddable":true,"href":"https:\/\/nefertiti-eg.ro\/en\/wp-json\/wp\/v2\/product_cat?post=7448"},{"taxonomy":"product_tag","embeddable":true,"href":"https:\/\/nefertiti-eg.ro\/en\/wp-json\/wp\/v2\/product_tag?post=7448"}],"curies":[{"name":"wp","href":"https:\/\/api.w.org\/{rel}","templated":true}]}}