{"id":7445,"date":"2022-05-20T15:13:31","date_gmt":"2022-05-20T13:13:31","guid":{"rendered":"https:\/\/nefertiti-eg.ro\/?post_type=product&#038;p=7445"},"modified":"2025-12-21T14:23:19","modified_gmt":"2025-12-21T12:23:19","slug":"orange-shea-butter","status":"publish","type":"product","link":"https:\/\/nefertiti-eg.ro\/en\/product\/orange-shea-butter\/","title":{"rendered":"Unt de shea cu portocale"},"content":{"rendered":"<h3 class=\"wp-block-heading\"><strong>Unt de shea cu ulei de portocale<\/strong><\/h3>\n\n\n\n<p>Untul de shea este extras din nucile arborelui de shea. Untul de shea con\u021bine \u00een principal acizi gra\u0219i \u0219i oleici, precum \u0219i vitamina E. Acest lucru \u00eel face un produs popular de \u00eengrijire a pielii, deoarece hidrateaz\u0103 \u0219i protejeaz\u0103 pielea. Untul de shea p\u0103trunde ad\u00e2nc \u00een piele, iar ingredientele sale active o protejeaz\u0103 eficient de deshidratare \u0219i formarea ridurilor, hr\u0103nind-o astfel perfect.<\/p>\n\n\n\n<h3 class=\"wp-block-heading\"><strong>Ulei de portocale<\/strong><\/h3>\n\n\n\n<p>Uleiul esen\u021bial de portocal\u0103 este presat la rece din coaj\u0103 de portocal\u0103. Ingredientele sale: geraniol, linalool, citronelal, vitamina C, terpineol, esteri \u0219i aldehide, clarific\u0103 faptul c\u0103 acest ulei este antiviral, antibacterian, dezinfectant, ferm \u0219i calmant pentru piele.<\/p>\n\n\n\n<p>Aceste propriet\u0103\u021bi ale uleiului de portocale sunt folosite pentru a fortifica acest unt de shea. Nu folosi\u021bi ulei de portocale pur; este potrivit pentru cosmetice, \u00een special pentru \u00eembog\u0103\u021birea cremelor, \u0219ampoanelor, lo\u021biunilor \u0219i, \u00een acest caz, a untului nostru de shea Nefertiti.<\/p>\n\n\n\n<h3 class=\"wp-block-heading\"><strong>Unt de shea cu ulei de portocale pentru \u00eengrijirea pielii<\/strong><\/h3>\n\n\n\n<p>Untul de shea cu ulei de portocale tonifiaz\u0103 pielea, reduce ridurile \u0219i \u00eentinere\u0219te pielea fe\u021bei. Utilizarea sa promoveaz\u0103 producerea de colagen natural. Prin urmare, untul de shea este apreciat ca produs anti-\u00eemb\u0103tr\u00e2nire pentru \u00eengrijirea pielii. \u00cembog\u0103\u021bit cu unt de shea cu ulei de portocale, porii dilata\u021bi sunt redu\u0219i, iar pielea este mai delicat\u0103 \u0219i radiant\u0103.<\/p>\n\n\n\n<p>Un alt efect pozitiv este eliminarea petelor de v\u00e2rst\u0103 datorit\u0103 efectului de albire al uleiului de portocale. Datorit\u0103 efectului antibacterian al uleiului de portocale, untul de shea cu ulei de portocale hr\u0103ne\u0219te simultan pielea \u0219i amelioreaz\u0103 acneea \u0219i punctele negre.<\/p>\n\n\n\n<h3 class=\"wp-block-heading\"><strong>Unt de shea cu portocale pentru tratamentul cicatricilor<\/strong><\/h3>\n\n\n\n<p>Pentru a evita cicatricile mari dup\u0103 opera\u021bii sau vergeturile \u00een timpul sarcinii, utiliza\u021bi unt de shea cu ulei de portocale \u00een mod regulat. Untul de shea cu ulei de portocale men\u021bine elasticitatea pielii, amelior\u00e2nd astfel formarea vergeturilor \u0219i a cicatricilor aspre.<\/p>\n\n\n\n<h3 class=\"wp-block-heading\"><strong>Unt de shea cu ulei de portocale pentru masaj<\/strong><\/h3>\n\n\n\n<p>Untul de shea cu ulei de portocale este excelent pentru celulit\u0103. Dup\u0103 baie sau du\u0219, se recomand\u0103 masajul corpului \u00eenc\u0103 cald \u0219i umed cu unt de shea cu ulei de portocale.<\/p>\n\n\n\n<h3 class=\"wp-block-heading\"><strong>Unt de shea cu ulei de portocale pentru \u00eengrijirea p\u0103rului<\/strong><\/h3>\n\n\n\n<p>\u00centruc\u00e2t untul de shea \u0219i uleiul de portocale sunt ideale pentru \u00eengrijirea p\u0103rului, ambele produse se completeaz\u0103 perfect. Ambele produse ajut\u0103 la combaterea p\u0103rului uscat \u0219i a v\u00e2rfurilor despicate. Ingredientele din Untul de Shea cu Ulei de Portocale men\u021bin p\u0103rul puternic \u0219i s\u0103n\u0103tos. Acestea promoveaz\u0103 circula\u021bia la nivelul pielii \u0219i protejeaz\u0103 pielea \u0219i capul de m\u0103trea\u021b\u0103. Maseaz\u0103-\u021bi m\u00e2inile cu pu\u021bin Unt de Shea cu Ulei de Portocale. C\u0103ldura corpului \u00eel va topi rapid, facilit\u00e2nd masajul pe scalp \u0219i p\u0103r. Trece-\u021bi m\u00e2inile prin p\u0103r \u0219i aplic\u0103 Unt de Shea cu Ulei de Portocale la v\u00e2rfuri. Cel mai bine este s\u0103 aplici acest produs seara, iar pentru a-\u021bi proteja perna, s\u0103 o acoperi cu un prosop \u0219i s\u0103 la\u0219i produsul s\u0103 ac\u021bioneze peste noapte.<\/p>","protected":false},"excerpt":{"rendered":"<p>Efectul stimulant al uleiului de portocale asupra produc\u021biei de colagen \u00eel face complementul perfect pentru beneficiile uimitoare ale untului de shea. Re\u00eentinere\u0219te pielea cu calit\u0103\u021bile sale purificatoare \u0219i comb\u0103t\u00e2nd celulita, cicatricile, vergeturile \u0219i semnele \u00eemb\u0103tr\u00e2nirii pielii.<br \/>\nMarc\u0103: Nefertiti pentru uleiuri \u0219i plante naturale<br \/>\n\u021aara de origine: Egipt<br \/>\nDenumire botanic\u0103: Vitellaria paradoxa\/ Citrus \u00d7 Sinensis L<br \/>\nFamilie: Sapotaceae\/Rutaceae<br \/>\nP\u0103r\u021bi utilizate: Miez\/coaj\u0103<br \/>\nNatural: Da<br \/>\nPuritate: 100% pur<br \/>\nCertificare ISO: ISO, COA \u0219i MSDS<br \/>\nIngrediente: triterpene, alcooli triterpenici, acid stearic, alantoin\u0103, acid linolenic, vitamina E, acid palmitic, beta-caroten\/ geraniol, linalool, citronelal, vitamina C, terpineol, esteri \u0219i aldehide<\/p>","protected":false},"featured_media":7969,"comment_status":"open","ping_status":"closed","template":"","meta":[],"product_cat":[53,61],"product_tag":[],"class_list":["post-7445","product","type-product","status-publish","has-post-thumbnail","hentry","product_cat-cosmetice-naturale","product_cat-natural-skin-care"],"_links":{"self":[{"href":"https:\/\/nefertiti-eg.ro\/en\/wp-json\/wp\/v2\/product\/7445","targetHints":{"allow":["GET"]}}],"collection":[{"href":"https:\/\/nefertiti-eg.ro\/en\/wp-json\/wp\/v2\/product"}],"about":[{"href":"https:\/\/nefertiti-eg.ro\/en\/wp-json\/wp\/v2\/types\/product"}],"replies":[{"embeddable":true,"href":"https:\/\/nefertiti-eg.ro\/en\/wp-json\/wp\/v2\/comments?post=7445"}],"wp:featuredmedia":[{"embeddable":true,"href":"https:\/\/nefertiti-eg.ro\/en\/wp-json\/wp\/v2\/media\/7969"}],"wp:attachment":[{"href":"https:\/\/nefertiti-eg.ro\/en\/wp-json\/wp\/v2\/media?parent=7445"}],"wp:term":[{"taxonomy":"product_cat","embeddable":true,"href":"https:\/\/nefertiti-eg.ro\/en\/wp-json\/wp\/v2\/product_cat?post=7445"},{"taxonomy":"product_tag","embeddable":true,"href":"https:\/\/nefertiti-eg.ro\/en\/wp-json\/wp\/v2\/product_tag?post=7445"}],"curies":[{"name":"wp","href":"https:\/\/api.w.org\/{rel}","templated":true}]}}