{"id":7430,"date":"2022-05-20T15:01:26","date_gmt":"2022-05-20T13:01:26","guid":{"rendered":"https:\/\/nefertiti-eg.ro\/?post_type=product&#038;p=7430"},"modified":"2026-01-01T00:01:15","modified_gmt":"2025-12-31T22:01:15","slug":"chocolate-cream","status":"publish","type":"product","link":"https:\/\/nefertiti-eg.ro\/en\/product\/chocolate-cream\/","title":{"rendered":"Chocolate Cream"},"content":{"rendered":"","protected":false},"excerpt":{"rendered":"<h4 class=\"tw-data-text tw-text-large tw-ta\" dir=\"ltr\" data-placeholder=\"Translation\"><span class=\"Y2IQFc\" lang=\"ro\">Ciocolata, o adev\u0103rat\u0103 putere printre produsele de \u00eengrijire a pielii, plin\u0103 de vitamine,<br \/>\nminerale \u0219i ingrediente care iubesc pielea. Ac\u021bion\u00e2nd ca un stimulent pentru sistemul nervos,<br \/>\nsc\u0103z\u00e2nd hormonii de stres \u0219i promov\u00e2nd un sentiment de bun\u0103stare.<\/span><\/h4>","protected":false},"featured_media":7431,"comment_status":"open","ping_status":"closed","template":"","meta":[],"product_cat":[53],"product_tag":[],"class_list":["post-7430","product","type-product","status-publish","has-post-thumbnail","hentry","product_cat-cosmetice-naturale"],"_links":{"self":[{"href":"https:\/\/nefertiti-eg.ro\/en\/wp-json\/wp\/v2\/product\/7430","targetHints":{"allow":["GET"]}}],"collection":[{"href":"https:\/\/nefertiti-eg.ro\/en\/wp-json\/wp\/v2\/product"}],"about":[{"href":"https:\/\/nefertiti-eg.ro\/en\/wp-json\/wp\/v2\/types\/product"}],"replies":[{"embeddable":true,"href":"https:\/\/nefertiti-eg.ro\/en\/wp-json\/wp\/v2\/comments?post=7430"}],"wp:featuredmedia":[{"embeddable":true,"href":"https:\/\/nefertiti-eg.ro\/en\/wp-json\/wp\/v2\/media\/7431"}],"wp:attachment":[{"href":"https:\/\/nefertiti-eg.ro\/en\/wp-json\/wp\/v2\/media?parent=7430"}],"wp:term":[{"taxonomy":"product_cat","embeddable":true,"href":"https:\/\/nefertiti-eg.ro\/en\/wp-json\/wp\/v2\/product_cat?post=7430"},{"taxonomy":"product_tag","embeddable":true,"href":"https:\/\/nefertiti-eg.ro\/en\/wp-json\/wp\/v2\/product_tag?post=7430"}],"curies":[{"name":"wp","href":"https:\/\/api.w.org\/{rel}","templated":true}]}}