{"id":7427,"date":"2022-05-20T14:58:08","date_gmt":"2022-05-20T12:58:08","guid":{"rendered":"https:\/\/nefertiti-eg.ro\/?post_type=product&#038;p=7427"},"modified":"2023-12-14T19:09:54","modified_gmt":"2023-12-14T17:09:54","slug":"lemon-cream","status":"publish","type":"product","link":"https:\/\/nefertiti-eg.ro\/en\/product\/lemon-cream\/","title":{"rendered":"Lemon Cream"},"content":{"rendered":"","protected":false},"excerpt":{"rendered":"<p id=\"tw-target-text\" class=\"tw-data-text tw-text-large tw-ta\" dir=\"ltr\" data-placeholder=\"Translation\"><span class=\"Y2IQFc\" lang=\"ro\">L\u0103m\u00e2ia este un astringent natural care stimuleaz\u0103 circula\u021bia s\u00e2ngelui \u0219i regleaz\u0103 produc\u021bia de sebum.<br \/>\n\u00cencurajeaz\u0103 vindecarea r\u0103nilor, \u00een timp ce efectul de peeling uniformizeaz\u0103 nuan\u021ba pielii.<br \/>\nPromoveaz\u0103 \u00eentinerirea pielii prin fermitatea, lifting \u0219i netezirea pielii.<\/span><\/p>","protected":false},"featured_media":7428,"comment_status":"open","ping_status":"closed","template":"","meta":[],"product_cat":[53],"product_tag":[],"class_list":["post-7427","product","type-product","status-publish","has-post-thumbnail","hentry","product_cat-cosmetice-naturale"],"_links":{"self":[{"href":"https:\/\/nefertiti-eg.ro\/en\/wp-json\/wp\/v2\/product\/7427","targetHints":{"allow":["GET"]}}],"collection":[{"href":"https:\/\/nefertiti-eg.ro\/en\/wp-json\/wp\/v2\/product"}],"about":[{"href":"https:\/\/nefertiti-eg.ro\/en\/wp-json\/wp\/v2\/types\/product"}],"replies":[{"embeddable":true,"href":"https:\/\/nefertiti-eg.ro\/en\/wp-json\/wp\/v2\/comments?post=7427"}],"wp:featuredmedia":[{"embeddable":true,"href":"https:\/\/nefertiti-eg.ro\/en\/wp-json\/wp\/v2\/media\/7428"}],"wp:attachment":[{"href":"https:\/\/nefertiti-eg.ro\/en\/wp-json\/wp\/v2\/media?parent=7427"}],"wp:term":[{"taxonomy":"product_cat","embeddable":true,"href":"https:\/\/nefertiti-eg.ro\/en\/wp-json\/wp\/v2\/product_cat?post=7427"},{"taxonomy":"product_tag","embeddable":true,"href":"https:\/\/nefertiti-eg.ro\/en\/wp-json\/wp\/v2\/product_tag?post=7427"}],"curies":[{"name":"wp","href":"https:\/\/api.w.org\/{rel}","templated":true}]}}