{"id":7424,"date":"2022-05-20T14:43:23","date_gmt":"2022-05-20T12:43:23","guid":{"rendered":"https:\/\/nefertiti-eg.ro\/?post_type=product&#038;p=7424"},"modified":"2025-11-10T00:10:46","modified_gmt":"2025-11-09T22:10:46","slug":"carrot-and-honey-cream","status":"publish","type":"product","link":"https:\/\/nefertiti-eg.ro\/en\/product\/carrot-and-honey-cream\/","title":{"rendered":"Carrot and Honey Cream"},"content":{"rendered":"","protected":false},"excerpt":{"rendered":"<p id=\"tw-target-text\" class=\"tw-data-text tw-text-large tw-ta\" dir=\"ltr\" data-placeholder=\"Translation\"><span class=\"Y2IQFc\" lang=\"ro\">Morcovii \u0219i mierea, ambele superalimente, se combin\u0103 pentru a hr\u0103ni \u0219i proteja pielea de pete, acnee, \u00eemb\u0103tr\u00e2nire, pigmentare \u0219i usc\u0103ciune. Echilibreaz\u0103 \u0219i \u00eentinere\u0219te, asigur\u00e2nd o piele s\u0103n\u0103toas\u0103 \u0219i str\u0103lucitoare.<\/span><\/p>","protected":false},"featured_media":7425,"comment_status":"open","ping_status":"closed","template":"","meta":[],"product_cat":[53,61],"product_tag":[],"class_list":["post-7424","product","type-product","status-publish","has-post-thumbnail","hentry","product_cat-cosmetice-naturale","product_cat-natural-skin-care"],"_links":{"self":[{"href":"https:\/\/nefertiti-eg.ro\/en\/wp-json\/wp\/v2\/product\/7424","targetHints":{"allow":["GET"]}}],"collection":[{"href":"https:\/\/nefertiti-eg.ro\/en\/wp-json\/wp\/v2\/product"}],"about":[{"href":"https:\/\/nefertiti-eg.ro\/en\/wp-json\/wp\/v2\/types\/product"}],"replies":[{"embeddable":true,"href":"https:\/\/nefertiti-eg.ro\/en\/wp-json\/wp\/v2\/comments?post=7424"}],"wp:featuredmedia":[{"embeddable":true,"href":"https:\/\/nefertiti-eg.ro\/en\/wp-json\/wp\/v2\/media\/7425"}],"wp:attachment":[{"href":"https:\/\/nefertiti-eg.ro\/en\/wp-json\/wp\/v2\/media?parent=7424"}],"wp:term":[{"taxonomy":"product_cat","embeddable":true,"href":"https:\/\/nefertiti-eg.ro\/en\/wp-json\/wp\/v2\/product_cat?post=7424"},{"taxonomy":"product_tag","embeddable":true,"href":"https:\/\/nefertiti-eg.ro\/en\/wp-json\/wp\/v2\/product_tag?post=7424"}],"curies":[{"name":"wp","href":"https:\/\/api.w.org\/{rel}","templated":true}]}}