{"id":7421,"date":"2022-05-20T14:17:16","date_gmt":"2022-05-20T12:17:16","guid":{"rendered":"https:\/\/nefertiti-eg.ro\/?post_type=product&#038;p=7421"},"modified":"2024-01-15T15:20:42","modified_gmt":"2024-01-15T13:20:42","slug":"ulei-din-seminte-de-struguri","status":"publish","type":"product","link":"https:\/\/nefertiti-eg.ro\/en\/product\/ulei-din-seminte-de-struguri\/","title":{"rendered":"Ulei din Semin\u021be de Struguri"},"content":{"rendered":"<p class=\"has-large-font-size\"><strong>Ulei din semin\u021be de struguri: propriet\u0103\u021bi \u0219i aplicare<\/strong><\/p>\n\n\n\n<p>Uleiul esential din samburi de struguri are proprietati antioxidante, regenerative si citoprotectoare. Acest ulei este un ingredient cosmetic aproape de ne\u00eenlocuit \u00een fabricarea produselor pentru \u00eengrijirea pielii cu probleme. Uleiul esen\u021bial din semin\u021be de struguri con\u021bine mult mai mult acid linoleic dec\u00e2t multe alte uleiuri naturale. De asemenea, este recomandat pentru un b\u0103rbierit bl\u00e2nd.<\/p>\n\n\n\n<p class=\"has-large-font-size\"><strong>Ulei din samburi de struguri pentru piele<\/strong><\/p>\n\n\n\n<p>Uleiul natural din semin\u021be de struguri are un efect usor astringent care ajut\u0103 la str\u00e2ngerea porilor dilata\u021bi \u0219i la tonifierea pielii. Acidul linoleic, care se gaseste \u00een acest ulei, este foarte benefic \u0219i eficient \u00een tratarea pielii cu probleme precum acneea, dermatita \u0219i eczemele. De asemenea, acidul linoleic calmeaz\u0103 \u0219i hr\u0103ne\u0219te pielea, f\u0103c\u00e2nd-o s\u0103 arate s\u0103n\u0103tos. Uleiul natural din semin\u021be de struguri este u\u0219or de absorbit \u00een piele \u0219i este foarte des folosit \u00een cosmetologie. Acest ulei este excelent pentru hidratarea profund\u0103 a pielii \u0219i ajut\u0103 la reducerea ridurilor \u0219i la eliminarea vergeturilor. Uleiul de s\u00e2mburi de struguri este, de asemenea, o surs\u0103 extrem de bogat\u0103 de vitamina E pentru tineret \u0219i este adesea o component\u0103 a cremelor anti-\u00eemb\u0103tr\u00e2nire sau a capsulelor de vitamine acum foarte populare care sunt oferite ca adaos necesar pentru a men\u021bine tinere\u021bea \u0219i aspectul s\u0103n\u0103tos al pielii. Acest ulei este unul dintre cei mai puternici antioxidanti.<\/p>\n\n\n\n<p class=\"has-large-font-size\"><strong>Ulei din samburi de struguri pentru riduri<\/strong><\/p>\n\n\n\n<p>\u00cen \u00eengrijirea pielii, uleiul din semin\u021be de struguri este utilizat pentru propriet\u0103\u021bile sale emoliente. Se g\u0103se\u0219te \u00een multe produse cosmetice, cum ar fi balsamurile de buze, cremele de m\u00e2ini \u0219i de corp, lo\u021biunile hidratante, amestecurile \u0219i lo\u021biunile de ulei de protec\u021bie solar\u0103 \u0219i produsele de \u00eengrijire a p\u0103rului. Este necesar\u0103 doar o cantitate mic\u0103 de ulei de semin\u021be de struguri pentru a netezi ridurile fine \u0219i vergeturile mici de pe piele. Uleiul natural din samburi de struguri imbunatateste elasticitatea pielii si incetineste procesul de imbatranire.<\/p>\n\n\n\n<p class=\"has-large-font-size\"><strong>Activitatea antioxidant\u0103 a uleiului din semin\u021be de struguri<\/strong><\/p>\n\n\n\n<p>Un flavonoid, proantocianidin oligomer, care se g\u0103se\u0219te \u00een cantit\u0103\u021bi mari \u00een uleiul de semin\u021be de struguri este un antioxidant incredibil de puternic, chiar mai puternic dec\u00e2t vitaminele C \u0219i E. Acest compus unic protejeaz\u0103 \u00eempotriva daunelor celulare \u0219i tisulare cauzate de obicei de radicalii liberi. Datorit\u0103 propriet\u0103\u021bilor sale antioxidante, uleiul din semin\u021be de struguri este capabil s\u0103 ajute la \u00eencetinirea \u00eemb\u0103tr\u00e2nirii pielii prin legarea radicalilor liberi din celule.<\/p>\n\n\n\n<p class=\"has-large-font-size\"><strong>Propriet\u0103\u021bile uleiului din semin\u021be de struguri<\/strong><\/p>\n\n\n\n<p>Uleiul natural din semin\u021be de struguri este folosit \u00een \u00eengrijirea pielii cu probleme ajutand la \u00eent\u0103rirea \u0219i regenerarea capilarelor \u0219i vaselor de s\u00e2nge deteriorate. Propriet\u0103\u021bile active ale acestui ulei sunt bine cunoscute pentru c\u0103 \u00eembun\u0103t\u0103\u021besc circula\u021bia s\u00e2ngelui \u00een vene \u0219i capilarele mici prin urmare, utilizarea uleiului de semin\u021be de struguri fiind recomandat\u0103 pentru vene varicoase \u0219i hemoroizi. Uleiul din samburi de struguri este, de asemenea, folosit ca ulei purt\u0103tor \u00een aromoterapie.<\/p>\n\n\n\n<p class=\"has-large-font-size\"><strong>Ulei esen\u021bial din semin\u021be de struguri pentru masaj<\/strong><\/p>\n\n\n\n<p>Uleiul din samburi de struguri este ideal ca ulei de baza pentru ingrijirea pielii si diverse tipuri de masaj, predominant datorita consistentei sale matasoase, delicate si netede. Con\u021bine mul\u021bi antioxidan\u021bi, care sunt nutrien\u021bi \u0219i enzime esen\u021biale ce ajut\u0103 la protejarea pielii \u00eempotriva deterior\u0103rii \u0219i \u00eemb\u0103tr\u00e2nirii. Uleiul natural din samburi de struguri contine acid linoleic, un acid gras nesaturat care joaca un rol cheie in mentinerea sanatatii membranelor celulare. Uleiul din samburi de struguri este absorbit usor in piele, lasand un strat hidratant care ajuta la regenerarea intensiva si restructurarea tesuturilor pielii deteriorate si tensionate.<\/p>\n\n\n\n<p class=\"has-large-font-size\"><strong>Ulei din semin\u021be de struguri pentru par <\/strong><\/p>\n\n\n\n<p>Uleiul din samburi de struguri este considerat unul dintre cele mai bune produse cosmetice pentru par. \u00cen niciun caz inferior uleiului de m\u0103sline, uleiul natural din semin\u021be de struguri este un balsam natural pentru p\u0103r. Hidrateaz\u0103 eficient p\u0103rul, \u00eel \u00eent\u0103re\u0219te \u0219i \u00eei \u00eembun\u0103t\u0103\u021be\u0219te starea general\u0103, pe l\u00e2ng\u0103 hidrat\u00e2nd \u0219i scalpul. Datorit\u0103 prezen\u021bei antioxidan\u021bilor, uleiul din semin\u021be de struguri stimuleaz\u0103 cre\u0219terea p\u0103rului \u0219i \u00eel protejeaz\u0103 de efectele nocive ale mediului \u0219i restabile\u0219te \u00een mod natural s\u0103n\u0103tatea p\u0103rului.<\/p>\n\n\n\n<p><\/p>","protected":false},"excerpt":{"rendered":"<p><strong>Country of origin:<\/strong>\u00a0Egypt <strong>Botanical Name:\u00a0<\/strong>Vitis vinifera L.\u00a0<strong>Family:\u00a0<\/strong>Rafflesiaceae\u00a0<strong>INCHI:\u00a0<\/strong>Ulei din semin\u021be de struguri Vitis Vinifera\u00a0<strong>Common Names:\u00a0<\/strong>moscat, Vitis vinifera, extract de semin\u021be de Vitis Vinefera (struguri), Asma, Auzum, struguri domestici, struguri europene, struguri, vi\u021b\u0103 de vie, I&#8217;Nab, P&#8217;U T&#8217;Ao, P&#8217;U T&#8217;Ao Chiu, Stafide, Roseinekaerne, Tav\u0103, Vid, Vigne, Vine, Vite etc.\u00a0<strong>Components Used:\u00a0<\/strong>Semin\u021be\u00a0<strong>Extraction Method:<\/strong>\u00a0Cold pressed\u00a0<strong>Scent: <\/strong>dulce\u00a0<strong>Appearance:\u00a0<\/strong>Pale yellow\u00a0<strong>Physical state: <\/strong>Liquid\u00a0<strong>Natural<\/strong>\u00a0Yes <strong>Purity:<\/strong>\u00a0100% Pure <strong>Certificates:<\/strong>\u00a0ISO, COA and MSDS \u00a0<strong>Livrare:<\/strong> Calculated at Checkout<\/p>","protected":false},"featured_media":7422,"comment_status":"open","ping_status":"closed","template":"","meta":[],"product_cat":[50],"product_tag":[],"class_list":["post-7421","product","type-product","status-publish","has-post-thumbnail","hentry","product_cat-uleiuri-naturale"],"_links":{"self":[{"href":"https:\/\/nefertiti-eg.ro\/en\/wp-json\/wp\/v2\/product\/7421","targetHints":{"allow":["GET"]}}],"collection":[{"href":"https:\/\/nefertiti-eg.ro\/en\/wp-json\/wp\/v2\/product"}],"about":[{"href":"https:\/\/nefertiti-eg.ro\/en\/wp-json\/wp\/v2\/types\/product"}],"replies":[{"embeddable":true,"href":"https:\/\/nefertiti-eg.ro\/en\/wp-json\/wp\/v2\/comments?post=7421"}],"wp:featuredmedia":[{"embeddable":true,"href":"https:\/\/nefertiti-eg.ro\/en\/wp-json\/wp\/v2\/media\/7422"}],"wp:attachment":[{"href":"https:\/\/nefertiti-eg.ro\/en\/wp-json\/wp\/v2\/media?parent=7421"}],"wp:term":[{"taxonomy":"product_cat","embeddable":true,"href":"https:\/\/nefertiti-eg.ro\/en\/wp-json\/wp\/v2\/product_cat?post=7421"},{"taxonomy":"product_tag","embeddable":true,"href":"https:\/\/nefertiti-eg.ro\/en\/wp-json\/wp\/v2\/product_tag?post=7421"}],"curies":[{"name":"wp","href":"https:\/\/api.w.org\/{rel}","templated":true}]}}