{"id":7411,"date":"2022-05-20T11:27:21","date_gmt":"2022-05-20T09:27:21","guid":{"rendered":"https:\/\/nefertiti-eg.ro\/?post_type=product&#038;p=7411"},"modified":"2026-02-25T21:16:06","modified_gmt":"2026-02-25T19:16:06","slug":"ulei-de-mir","status":"publish","type":"product","link":"https:\/\/nefertiti-eg.ro\/en\/product\/ulei-de-mir\/","title":{"rendered":"Ulei de Smirna &#8211; Mir"},"content":{"rendered":"<p>Povestea spune c\u0103 Nefertiti, so\u021bia frumoas\u0103 a faraonului egiptean Akhenaton (circa 1350 \u00ee.Hr.), a pus conuri parfumate pe capetele oaspe\u021bilor din palat. Aceste conuri con\u021bineau un amestec de gr\u0103sime animal\u0103 cu r\u0103\u0219in\u0103 de smirn\u0103 \u0219i alte ierburi parfumate. Datorit\u0103 temperaturii corpului, r\u0103\u0219ina se topea \u0219i se prelingea prin p\u0103r \u0219i pe umerii oaspe\u021bilor. Acest lucru \u00eei transforma \u00een &#8222;nori de parfum&#8221; plimb\u0103tori prin tot palatul. Existen\u021ba conurilor a fost mult timp pus\u0103 la \u00eendoial\u0103 pentru c\u0103 existau doar pe desenele g\u0103site p\u00e2n\u0103 \u00een 2019, c\u00e2nd \u00een Egipt a fost descoperit un schelet av\u00e2nd pe cap ceea ce p\u0103rea un astfel de con parfumat. Alte s\u0103p\u0103turi arheologice g\u0103siser\u0103 anterior dulapurile de piatr\u0103 \u00een care Nefertiti obi\u0219nuia s\u0103 depoziteze smirna.<\/p>\n\n\n\n<p>Prima men\u021biune despre smirn\u0103 are loc acum aproximativ 3.700 de ani, ceea ce \u00eel face cel mai vechi parfum cunoscut din lume. Este bine cunoscut faptul c\u0103 smirna \u00een Egiptul Antic era folosit pentru \u00eemb\u0103ls\u0103marea mumiilor, dar era \u0219i parfum \u0219i se folosea pentru \u00eengrijirea bucal\u0103 (pentru respira\u021bia ur\u00e2t mirositoare \u0219i probleme dentare) \u0219i ca remediu pentru multe infec\u021bii, inclusiv lepr\u0103 \u0219i sifilis.<\/p>\n\n\n\n<p>R\u0103\u0219ina de smirn\u0103 a fost \u00eentotdeauna o marf\u0103 scump\u0103 \u00een \u021b\u0103rile din Arabia de Sud. Era nevoie de ea peste tot, fie pentru slujbele de \u00eenchinare \u00een temple \u0219i \u00een numeroase ofrande de fum c\u0103tre zei care con\u021bineau at\u00e2t smirn\u0103, c\u00e2t \u0219i t\u0103m\u00e2ie, fie pentru a izgoni diavoli \u0219i a onora mor\u021bii. Smirna a fost folosit\u0103 \u0219i la ungerea regilor, a reginelor \u0219i a profe\u021bilor. Mirosul revigorant \u0219i p\u0103trunz\u0103tor al r\u0103\u0219inii este binevenit \u00een toate ocaziile. S-a considerat c\u0103 mirul promoveaz\u0103 \u0219i spore\u0219te spiritualitatea \u00eenc\u0103 din cele mai vechi timpuri \u0219i a avut o semnifica\u021bie religioas\u0103 de secole.<\/p>\n\n\n\n<p class=\"has-large-font-size\"><strong>Origine \u0219i caracteristicile smirnei<\/strong><\/p>\n\n\n\n<p>Smirna este o substan\u021b\u0103 parfumat\u0103, dar cu gust amar, f\u0103cut\u0103 din gum\u0103 \u0219i r\u0103\u0219in\u0103, la fel ca olibanul sau t\u0103m\u00e2ia. Mirosurile at\u00e2t de smirn\u0103, c\u00e2t \u0219i de t\u0103m\u00e2ie sunt exotice \u0219i remarcabile, cu toate c\u0103, din p\u0103cate, vei \u00eent\u00e2lni rar aceste arome. Numele de smirn\u0103 provine dintr-o limb\u0103 semitic\u0103: r\u0103d\u0103cina \u201emrr\u201d \u00eenseamn\u0103 \u201eamar\u201d.<\/p>\n\n\n\n<p>Smirna poate fi extras\u0103 din mai multe specii din genul de plante Commiphora, dar se ob\u021bine \u00een principal din Commiphora africana. R\u0103\u0219ina brut\u0103 este procesat\u0103 prin distilare cu abur, rezult\u00e2nd un ulei gros, galben pal, cu un miros cald, condimentat, dar dulce \u0219i u\u0219or afumat. Smirna produce un miros puternic atunci c\u00e2nd este ars\u0103.<\/p>\n\n\n\n<p>Speciile de Commiphora sunt de obicei arbu\u0219ti foarte ramifica\u021bi, de foioase, cu tulpina principal\u0103, de obicei, curbat\u0103. Majoritatea soiurilor au ramuri \u00een form\u0103 de spini care sunt perpendiculare pe tulpin\u0103 \u0219i dau plantei un aspect capricios. Planta are frunze triunghiulare rare, aromate. Dup\u0103 ploaie apar flori galbene-ro\u0219ii sau verde-albe, urmate de boabe mici.<\/p>\n\n\n\n<p>Smirna apare ca plant\u0103 s\u0103lbatic\u0103 \u00een zonele uscate de de\u0219ert. \u00cen Somalia, de unde a provenit planta, se nume\u0219te \u201emolmol\u201d. Ast\u0103zi cre\u0219te \u00een nordul Somaliei, Etiopia, Arabia, Yemen, Africa de Sud, Arabia Saudit\u0103, Orientul Mijlociu \u0219i India.<\/p>\n\n\n\n<p>R\u0103\u0219ina granular\u0103 este colectat\u0103 prin incizia trunchiului. Datorit\u0103 temperaturilor foarte ridicate din de\u0219ert, r\u0103\u0219ina \u00eenmuiat\u0103 se scurge de la sine. Recoltarea r\u0103\u0219inii are loc \u00een principal \u00een iulie \u0219i august, cele mai calde luni ale anului. Conductele de r\u0103\u0219in\u0103 se scurg \u00eencet \u0219i planta trebuie l\u0103sat\u0103 singur\u0103 \u00een urm\u0103toarele \u0219ase p\u00e2n\u0103 la dou\u0103zeci \u0219i patru de luni dup\u0103 t\u0103iere, pentru a preveni uscarea \u0219i moartea plantei. R\u0103\u0219ina este uscat\u0103 \u00eenainte de distilare. Randamentul uleiului esen\u021bial din smirn\u0103 este de aproximativ \u0219ase p\u00e2n\u0103 la opt procente, ceea ce \u00eenseamn\u0103 c\u0103 este nevoie de aproximativ 16 kg de r\u0103\u0219in\u0103 pentru a produce un litru de ulei. Culoarea uleiului v\u00e2scos poate varia \u00eentre galben-verde \u0219i chihlimbar, iar aceste devine mai v\u00e2scos odat\u0103 cu v\u00e2rsta. Ca nota de baza, smirna este folosita in procente foarte mici in parfumurile orientale sau florale puternice. Uleiul esen\u021bial de smirn\u0103 are un parfum puternic picant \u0219i dulce.<\/p>\n\n\n\n<p class=\"has-large-font-size\"><strong>Ulei de smirn\u0103 \u0219i beneficii<\/strong><\/p>\n\n\n\n<p>Smirna este folosit\u0103 \u00een industria cosmetic\u0103 \u00een produc\u021bia de past\u0103 de din\u021bi \u0219i ap\u0103 de gur\u0103 \u0219i ca agent de aromatizare \u00een alimente \u0219i b\u0103uturi (alcoolice). \u00cen Orientul Mijlociu, mirul amar este mestecat pentru efectul s\u0103u antiseptic. \u00cen remediile populare africane este cunoscut \u0219i folosit pentru capacitatea sa de dezinfectare.<\/p>\n\n\n\n<p>Multe propriet\u0103\u021bi vindec\u0103toare au fost atribuite smirnei din cele mai vechi timpuri. Se spune c\u0103 este un antiseptic, astringent (membrana mucoas\u0103 a gingiilor \u0219i a cavit\u0103\u021bii bucale), expectorant \u0219i cur\u0103\u021b\u0103 s\u00e2ngele.&nbsp; Efectul dezinfectant poate fi atribuit taninurilor din r\u0103\u0219in\u0103 care asigur\u0103 \u0219i etan\u0219area r\u0103nilor. R\u0103\u0219ina de smirn\u0103 r\u0103m\u00e2ne ca strat protector pe rana tratat\u0103, \u00eempiedic\u00e2nd p\u0103trunderea oric\u0103ror bacterii. Smirna are multe aplica\u021bii pentru s\u0103n\u0103tate, cum ar fi combaterea bron\u0219itei, eczemelor, pecinginei, ridurilor, r\u0103nilor, artritei, durerilor de din\u021bi, durerilor de cap, menstrua\u021biilor neregulate, r\u0103celii (cronice), hemoroizilor, infec\u021biilor c\u0103ilor respiratorii, laringitei, pielii impure, piciorului de atlet, gingivitei (boala gingiilor), ulcerelor sau inflama\u021biilor la nivelul gurii, bolilor pulmonare \u0219i posibil bolilor tiroidiene.<\/p>\n\n\n\n<p class=\"has-large-font-size\"><strong>Ucide bacteriile d\u0103un\u0103toare<\/strong><\/p>\n\n\n\n<p>Unul dintre uleiurile folosite \u00een Egiptul Antic pentru \u00eemb\u0103ls\u0103marea mumiilor era smirna. Pe l\u00e2ng\u0103 mirosul pl\u0103cut pe care \u00eel oferea, \u00eencetinea \u0219i degradarea. Oamenii de \u0219tiin\u021b\u0103 \u0219tiu acum c\u0103 uleiurile folosite pentru \u00eemb\u0103ls\u0103mare ucid bacteriile \u0219i al\u021bi microbi. \u00cen plus, t\u0103m\u00e2ia de smirn\u0103 \u2013 adesea combinat\u0103 cu t\u0103m\u00e2ie \u2013 a fost ars\u0103 \u00een l\u0103ca\u0219urile de cult pentru a ajuta la purificarea aerului \u0219i pentru a preveni r\u0103sp\u00e2ndirea bolilor contagioase, inclusiv a celor cauzate de bacterii. Un studiu recent a constatat c\u0103 arderea smirnei \u0219i t\u0103m\u00e2ii reduce num\u0103rul de bacterii din aer cu 68%.<\/p>\n\n\n\n<p>Cercet\u0103rile preliminare pe animale sugereaz\u0103 c\u0103 smirna poate ucide direct bacteriile, precum \u0219i poate stimula sistemul imunitar s\u0103 produc\u0103 mai multe globule albe, care ucid \u0219i bacteriile. \u00cen studiile pe eprubet\u0103, uleiul de smirn\u0103 are efecte puternice \u00eempotriva mai multor bacterii infec\u021bioase, inclusiv a unor bacterii rezistente la medicamente.<\/p>\n\n\n\n<p class=\"has-large-font-size\"><strong>Poate sprijini s\u0103n\u0103tatea oral\u0103<\/strong><\/p>\n\n\n\n<p>Smirna a fost folosit\u0103 \u00een mod tradi\u021bional pentru a trata infec\u021biile bucale \u0219i inflama\u021biile datorit\u0103 propriet\u0103\u021bilor sale antimicrobiene. Un studiu a constatat c\u0103 dintre persoanele cu boala Behcet \u2013 o tulburare inflamatorie \u2013 folosind o ap\u0103 de gur\u0103 cu smirn\u0103 (de 4 ori pe zi pe parcursul unei s\u0103pt\u0103m\u00e2ni) pentru a trata r\u0103nile dureroase, 50% au avut o ameliorare complet\u0103 a durerii \u0219i 19% s-au vindecat complet. Studiile pe eprubet\u0103 sugereaz\u0103 c\u0103 apa de gur\u0103 care con\u021bine ulei de smirn\u0103 poate ajuta \u0219i la gingivita, o inflama\u021bie a gingiilor din jurul din\u021bilor din cauza acumul\u0103rii de plac\u0103. Sunt necesare mai multe studii pentru a confirma aceste beneficii, re\u021bine\u021bi \u00eentre timp s\u0103 nu \u00eenghi\u021bi niciodat\u0103 produse de \u00eengrijire oral\u0103 cu mir.<\/p>\n\n\n\n<p class=\"has-large-font-size\"><strong>Vindecarea pielii<\/strong><\/p>\n\n\n\n<p>Utilizarea tradi\u021bional\u0103 a smirnei include tratarea r\u0103nilor \u0219i infec\u021biilor pielii. Un studiu pe eprubet\u0103 a constatat c\u0103 uleiul de smirn\u0103 amestecat cu ulei de lemn de santal a fost deosebit de eficient \u00een uciderea microbilor care infecteaz\u0103 r\u0103nile pielii. \u00cen plus, uleiul de smirn\u0103 singur a inhibat 43-61% din cre\u0219terea a cinci ciuperci care cauzeaz\u0103 afec\u021biuni ale pielii, cum ar fi pecinginele \u0219i piciorul atletului. De\u0219i sunt necesare mai multe cercet\u0103ri pentru a confirma aceste beneficii, uleiul de smirn\u0103 poate fi folosit pentru s\u0103n\u0103tatea general\u0103 a pielii atunci c\u00e2nd este diluat \u0219i aplicat direct pe piele.<\/p>\n\n\n\n<p class=\"has-large-font-size\"><strong>Reduce durerea \u0219i umfl\u0103turile<\/strong><\/p>\n\n\n\n<p>Durerile de cap, durerile articulare \u0219i durerile de spate sunt afectiuni frecvente. Uleiul de smirn\u0103 con\u021bine compu\u0219i care interac\u021bioneaz\u0103 cu receptorii opioizi ai corpului, inform\u00e2nd creierul c\u0103 nu ai dureri. De asemenea, smirna blocheaz\u0103 producerea de substan\u021be chimice inflamatorii care pot duce la inflamatii \u0219i durere.<\/p>\n\n\n\n<p class=\"has-large-font-size\"><strong>Antioxidant puternic<\/strong><\/p>\n\n\n\n<p>Smirna este un antioxidant puternic care combate daunele oxidative. Daunele oxidative de la radicalii liberi contribuie la \u00eemb\u0103tr\u00e2nire \u0219i la unele boli. \u00centr-un studiu pe eprubet\u0103, antioxidan\u021bii uleiului de smirn\u0103 s-au dovedit a fi mai eficien\u021bi \u00een combaterea radicalilor liberi dec\u00e2t vitamina E, un alt antioxidant puternic. Inhalarea uleiului de smirn\u0103 sau aplicarea acestuia local sunt dou\u0103 utiliz\u0103ri sigure ale uleiului de smirn\u0103, care ar putea ajuta la protejarea organismului \u00eempotriva daunelor oxidative.<\/p>\n\n\n\n<p class=\"has-large-font-size\"><strong>Alte beneficii poten\u021biale<\/strong><\/p>\n\n\n\n<p>Urm\u0103toarele aplica\u021bii sunt \u00een studiu pentru a confirma beneficiile uleiului de smirn\u0103.<\/p>\n\n\n\n<p>Crem\u0103 de protec\u021bie solar\u0103 \u2013 Studiul pe eprubet\u0103 a constatat c\u0103 uleiul de smirn\u0103 ad\u0103ugat la cremele solare SPF 15 a crescut semnificativ blocarea razelor ultraviolete. Uleiul de smirn\u0103 \u00een sine, a fost vizibil mai pu\u021bin eficient dec\u00e2t crema de protec\u021bie solar\u0103.<\/p>\n\n\n\n<p>Cancer&nbsp;\u2013 alte studii pe eprubet\u0103 sugereaz\u0103 c\u0103 uleiul de smirn\u0103 poate ajuta la uciderea sau \u00eencetinirea cre\u0219terii celulelor canceroase din ficat, prostat\u0103, s\u00e2n \u0219i piele. Acest lucru pare foarte promi\u021b\u0103tor, de\u0219i sunt necesare teste umane pentru a demonstra aceste efecte.<\/p>\n\n\n\n<p>Mucegaiul&nbsp;\u2013 se sugereaz\u0103, de asemenea, c\u0103 uleiul de smirn\u0103 poate ucide mucegaiul, inclusiv Aspergillus niger (care apare \u00een mod obi\u0219nuit ca mucegai pe pere\u021bii umezi \u0219i care uneori poate fi o cauz\u0103 atribuit\u0103 a pneumoniei) \u0219i Aspergillus flavus (responsabil pentru alterarea \u0219i contaminarea cu ciuperci a alimentelor).<\/p>\n\n\n\n<p class=\"has-large-font-size\"><strong>Ulei de smirn\u0103 \u0219i aromaterapie<\/strong><\/p>\n\n\n\n<p>Uleiul de smirn\u0103 este popular pentru utilizare \u00een aromoterapie, se spune c\u0103 parfumul s\u0103u evoc\u0103 claritate, perspicacitate \u0219i pace interioar\u0103.<\/p>\n\n\n\n<p class=\"has-large-font-size\"><strong>Evaporarea uleiului de smirn\u0103<\/strong><\/p>\n\n\n\n<p>Pentru a distribui uleiul sub form\u0103 de cea\u021b\u0103 fin\u0103 \u00een aer, pur \u0219i simplu ad\u0103uga\u021bi 3 sau 4 pic\u0103turi de ulei de smirn\u0103 \u00eentr-un difuzor sau lampa de arom\u0103. Uleiul de smirn\u0103 poate fi, de asemenea, inhalat dintr-un \u0219erve\u021bel sau c\u00e2rp\u0103 cu c\u00e2teva pic\u0103turi de ulei, sau ad\u0103uga\u021bi c\u00e2teva pic\u0103turi \u00een ap\u0103 fierbinte \u0219i inhala\u021bi aburul. Un alt truc simplu este sa pui cateva picaturi in tubul de carton al hartiei igienice, fiecare utilizare a hartiei va elibera putina aroma.<\/p>\n\n\n\n<p>\u00cen plus, uleiul de smirn\u0103 vaporizat poate, de asemenea, s\u0103 resping\u0103 insectele \u0219i s\u0103 le \u021bin\u0103 la distan\u021b\u0103.<\/p>\n\n\n\n<p>Aroma p\u0103m\u00e2nteasc\u0103 a uleiului de smirn\u0103 se \u00eembin\u0103 bine cu uleiurile esen\u021biale picante, citrice \u0219i florale, cum ar fi cele de t\u0103m\u00e2ie, l\u0103m\u00e2ie \u0219i lavand\u0103. Deosebit de popular\u0103 este combina\u021bia de smirn\u0103 \u0219i t\u0103m\u00e2ie \u2013 pe l\u00e2ng\u0103 faptul c\u0103 se completeaz\u0103 reciproc, interac\u021biunea lor produce beneficii \u0219i mai mari.<\/p>\n\n\n\n<p class=\"has-large-font-size\"><strong>Masaj cu ulei de smirn\u0103<\/strong><\/p>\n\n\n\n<p>Uleiul de smirn\u0103 este foarte potrivit pentru utilizare ca ulei de masaj. Pentru a evita orice irita\u021bie a pielii, se recomand\u0103 diluarea a 10 p\u00e2n\u0103 la 15 pic\u0103turi de ulei de smirn\u0103 cu orice ulei de masaj preferat sau cu un ulei purt\u0103tor, cum ar fi germeni de gr\u00e2u, jojoba, ulei de migdale, nuc\u0103 de cocos sau ulei de s\u00e2mburi de struguri. Acest lucru previne, de asemenea, evaporarea prea rapid\u0103 a uleiului de smirn\u0103.<\/p>\n\n\n\n<p class=\"has-large-font-size\"><strong>Recomand\u0103ri de utilizare<\/strong><\/p>\n\n\n\n<p>Evita\u021bi aplicarea uleiului de smirn\u0103 \u00een zonele sensibile din jurul ochilor \u0219i urechii interne. Cur\u0103\u021ba\u021bi-v\u0103 m\u00e2inile cu ap\u0103 cu s\u0103pun dup\u0103 manipularea uleiurilor esen\u021biale pentru a evita expunerea accidental\u0103 la zonele sensibile.<\/p>\n\n\n\n<p>P\u0103stra\u021bi uleiul \u00eentr-un loc uscat, r\u0103coros \u0219i \u00eentunecat (15-25\u00baC) \u0219i nu l\u0103sa\u021bi la \u00eendem\u00e2na copiilor. Utilizarea mirului \u00een timpul sarcinii \u0219i al\u0103pt\u0103rii este puternic descurajat\u0103.<\/p>","protected":false},"excerpt":{"rendered":"<p><strong>Country of origin:\u00a0<\/strong>Egypt <strong>Botanical Name:\u00a0<\/strong>Commiphora myrrh\u00a0<strong>Family:\u00a0<\/strong>Buseraceae\u00a0<strong>INCHI:\u00a0<\/strong>Commiphora Myrrha Pure Aroma Oil <strong>Components Used:\u00a0<\/strong>Resin\u00a0<strong>Extraction Method:\u00a0<\/strong>Steam distillation <strong>Scent:\u00a0<\/strong>p\u0103m\u00e2ntos, lemnos \u0219i u\u0219or dulce <strong>Appearance:<\/strong>\u00a0chihlimbar spre maro <strong>Physical state:<\/strong>\u00a0Liquid <strong>Natural\u00a0<\/strong>Yes <strong>Purity:\u00a0<\/strong>100% Pure <strong>Certificates:\u00a0<\/strong>ISO and MSDS <strong>Compozitie:<\/strong> Pure aroma oil <strong>Livrare:<\/strong> Calculated at Checkout<\/p>","protected":false},"featured_media":7412,"comment_status":"open","ping_status":"closed","template":"","meta":[],"product_cat":[51],"product_tag":[],"class_list":["post-7411","product","type-product","status-publish","has-post-thumbnail","hentry","product_cat-uleiuri-esentiale"],"_links":{"self":[{"href":"https:\/\/nefertiti-eg.ro\/en\/wp-json\/wp\/v2\/product\/7411","targetHints":{"allow":["GET"]}}],"collection":[{"href":"https:\/\/nefertiti-eg.ro\/en\/wp-json\/wp\/v2\/product"}],"about":[{"href":"https:\/\/nefertiti-eg.ro\/en\/wp-json\/wp\/v2\/types\/product"}],"replies":[{"embeddable":true,"href":"https:\/\/nefertiti-eg.ro\/en\/wp-json\/wp\/v2\/comments?post=7411"}],"wp:featuredmedia":[{"embeddable":true,"href":"https:\/\/nefertiti-eg.ro\/en\/wp-json\/wp\/v2\/media\/7412"}],"wp:attachment":[{"href":"https:\/\/nefertiti-eg.ro\/en\/wp-json\/wp\/v2\/media?parent=7411"}],"wp:term":[{"taxonomy":"product_cat","embeddable":true,"href":"https:\/\/nefertiti-eg.ro\/en\/wp-json\/wp\/v2\/product_cat?post=7411"},{"taxonomy":"product_tag","embeddable":true,"href":"https:\/\/nefertiti-eg.ro\/en\/wp-json\/wp\/v2\/product_tag?post=7411"}],"curies":[{"name":"wp","href":"https:\/\/api.w.org\/{rel}","templated":true}]}}