{"id":7408,"date":"2022-05-20T11:23:32","date_gmt":"2022-05-20T09:23:32","guid":{"rendered":"https:\/\/nefertiti-eg.ro\/?post_type=product&#038;p=7408"},"modified":"2026-02-02T00:12:37","modified_gmt":"2026-02-01T22:12:37","slug":"ulei-de-tamaie","status":"publish","type":"product","link":"https:\/\/nefertiti-eg.ro\/en\/product\/ulei-de-tamaie\/","title":{"rendered":"Ulei de T\u0103m\u00e2ie"},"content":{"rendered":"<p>R\u0103\u0219ina de t\u0103m\u00e2ie \u0219i uleiul esen\u021bial de t\u0103m\u00e2ie erau \u201eaurul caravanelor\u201d \u00een vremurile str\u0103vechi. T\u0103m\u00e2ia era folosit\u0103 \u00een principal \u00een riturile religioase \u0219i \u00een locurile de rug\u0103ciune \u0219i medita\u021bie \u0219i era considerat\u0103 o marf\u0103 sacr\u0103 \u0219i pre\u021bioas\u0103.<\/p>\n\n\n\n<p>T\u0103m\u00e2ia a fost cunoscut\u0103 \u00een mod tradi\u021bional ca agent cosmetic \u0219i terapeutic. A fost \u00eentotdeauna asociat\u0103 cu longevitatea \u0219i memoria. R\u0103\u0219ina era ars\u0103 pentru a alunga spiritele rele. T\u0103m\u00e2ia are un miros lemnos, condimentat, pl\u0103cut \u00eemb\u0103t\u0103tor. Aroma balsamic\u0103 dulce \u0219i cald\u0103 revigoreaz\u0103 spiritul.<\/p>\n\n\n\n<p class=\"has-large-font-size\"><strong>Origine \u0219i caracteristici ale t\u0103m\u00e2iei<\/strong><\/p>\n\n\n\n<p>T\u0103m\u00e2ia este o r\u0103\u0219in\u0103 parfumat\u0103, numit\u0103 \u0219i \u201eolibanum\u201d, din arborele Boswellia Sacra. Cuv\u00e2ntul olibanum este probabil derivat din arab\u0103 al-lub\u00e1n, adic\u0103 lapte \u2013 o posibil\u0103 referire la fluidul l\u0103ptos care curge din arborele boswellia dup\u0103 ce a fost t\u0103iat. Numele ar putea fi, de asemenea, o contrac\u021bie pentru \u201epetrol din Liban\u201d, deoarece olibanum a fost v\u00e2ndut din Liban comercian\u021bilor europeni. R\u0103\u0219ina Olibanum este una dintre cele mai vechi r\u0103\u0219ini de t\u0103m\u00e2ie existente, str\u0103vechi rute comerciale \u0219i ora\u0219e au fost descoperite \u00een de\u0219ertul arab, care \u00ee\u0219i datoreaz\u0103 bog\u0103\u021bia comer\u021bului cu t\u0103m\u00e2ie \u0219i smirn\u0103. P\u00e2n\u0103 \u00een secolul al XX-lea, t\u0103m\u00e2ia arab\u0103 era la fel de pre\u021bioas\u0103 ca aurul.<\/p>\n\n\n\n<p>Boswellia sacra este un copac mic de foioase cu unul sau mai multe trunchiuri. Scoarta are o textura hartie si este usor de indepartat. Frunzele compuse cresc una fata de cealalta de-a lungul ramurilor si florile mici, alb-galbui, sunt adunate in ciorchine. Copacii individuali care cresc pe pante abrupte tind s\u0103 dezvolte r\u0103d\u0103cini de contrafort: r\u0103d\u0103cini mari \u0219i largi pe toate p\u0103r\u021bile, care \u00eempiedic\u0103 c\u0103derea copacului, adun\u00e2nd \u00een acela\u0219i timp mai mul\u021bi nutrien\u021bi.<\/p>\n\n\n\n<p>Func\u021bia natural\u0103 a r\u0103\u0219inii este de a proteja copacul atunci c\u00e2nd scoar\u021ba este deteriorat\u0103, r\u0103\u0219ina protejeaz\u0103 copacul de invadatorii care pot provoca boli sau ciuperci. Pentru un randament mai mare de r\u0103\u0219in\u0103, se fac incizii ad\u00e2nci \u00een scoar\u021b\u0103 \u0219i se colecteaz\u0103 r\u0103\u0219ina care curge.<\/p>\n\n\n\n<p>Uleiul de t\u0103m\u00e2ie, cunoscut drept regele uleiurilor esen\u021biale, are diverse utiliz\u0103ri \u0219i beneficii notabile. Acest ulei puternic este venerat pentru capacitatea sa de a \u00eenfrumuse\u021ba \u0219i \u00eentineri pielea atunci c\u00e2nd este aplicat local. La fel ca \u00een trecutul pre\u021buit, c\u00e2nd t\u0103m\u00e2ia era foarte apreciat\u0103 pentru utilizare \u00een timpul ceremoniilor religioase, \u00een unguente \u0219i parfumuri calmante pentru piele, ea continu\u0103 s\u0103 fie unul dintre cele mai populare uleiuri esen\u021biale. Aroma emanat\u0103 de t\u0103m\u00e2ie promoveaz\u0103 sentimente de satisfac\u021bie, pace \u0219i relaxare.<\/p>\n\n\n\n<p>Uleiul de t\u0103m\u00e2ie, ob\u021binut din r\u0103\u0219in\u0103 prin distilare cu abur, este de culoare galben deschis. Ca ulei hr\u0103nitor, t\u0103m\u00e2ia este potrivit\u0103 \u00een special pentru pielea uscat\u0103 \u0219i \u00eemb\u0103tr\u00e2nit\u0103. Cantit\u0103\u021bile mari de monoterpene \u0219i sesquiterpene con\u021binute \u00een uleiul de t\u0103m\u00e2ie sunt antibacteriene \u0219i favorizeaz\u0103 vindecarea pielii. Mai mult, uleiul de t\u0103m\u00e2ie are efecte antiinflamatoare, antiseptice, astringente, cicatrizante, stimulent imunitar, expectorant, antidepresiv, sedative \u0219i eventual antitumorale.<\/p>\n\n\n\n<p class=\"has-large-font-size\"><strong>Ulei de t\u0103m\u00e2ie pentru \u00eengrijirea pielii<\/strong><\/p>\n\n\n\n<p>Uleiul de t\u0103m\u00e2ie a fost folosit pentru \u00eengrijirea pielii din cele mai vechi timpuri. \u00cen special pentru pielea matur\u0103, sa demonstrat c\u0103 are calit\u0103\u021bi excelente de \u00eengrijire \u0219i c\u0103 \u00eencetine\u0219te procesul natural de \u00eemb\u0103tr\u00e2nire a pielii. Deoarece uleiul de t\u0103m\u00e2ie este plin de antioxidan\u021bi, promoveaz\u0103 vindecarea r\u0103nilor \u0219i erup\u021biilor cutanate, arsurilor, t\u0103ieturilor \u0219i zg\u00e2rieturilor.<\/p>\n\n\n\n<p>De fapt, uleiul de t\u0103m\u00e2ie este un remediu indispensabil pentru \u00eengrijirea pielii, folosit adesea \u00een produsele cosmetice pentru a stimula re\u00eennoirea celular\u0103, a promova elasticitatea \u0219i a \u00eencetini formarea ridurilor. Uleiul este folosit pentru a preveni vergeturile \u0219i pentru a reduce cicatricile \u0219i, de asemenea, ajut\u0103 la ameliorarea m\u00e2nc\u0103rimilor \u0219i inflamatiilor cauzate de mu\u0219c\u0103turile de insecte. T\u0103m\u00e2ia regleaz\u0103 \u0219i produc\u021bia de sebum, f\u0103c\u00e2nd-o potrivit\u0103 pentru tenul gras.<\/p>\n\n\n\n<p>Calmant&nbsp;\u2013 Propriet\u0103\u021bile puternice de purificare ale uleiului esen\u021bial de t\u0103m\u00e2ie \u00eel fac eficient pentru calmarea pielii. Are capacitatea de a spori func\u021bia de protec\u021bie a epidermei \u00een timp ce calmeaz\u0103 \u0219i hr\u0103ne\u0219te zonele afectate ale pielii. Imperfec\u021biunile \u0219i irita\u021biile pielii, cum ar fi dup\u0103 ras pot fi ameliorate cu ulei de t\u0103m\u00e2ie. Propriet\u0103\u021bile calmante ale acestui ulei pot aduce beneficii pielii iritate pur \u0219i simplu dilu\u00e2nd-o cu produsul t\u0103u obi\u0219nuit pentru ras \u0219i aplic\u00e2ndu-l local.<\/p>\n\n\n\n<p>\u00centinerire&nbsp;\u2013 Uleiul de t\u0103m\u00e2ie este ideal ca produs anti-\u00eemb\u0103tr\u00e2nire pentru pielea matur\u0103, reduce liniile fine \u0219i ridurile prin hr\u0103nirea \u0219i fermitatea epidermei, ceea ce ofer\u0103 pielii un aspect revigorat \u0219i tineresc.<\/p>\n\n\n\n<p>M\u00e2inile uscate sau pielea cr\u0103pat\u0103 din cauza aerului rece de iarn\u0103? Dori\u021bi o \u00eembun\u0103t\u0103\u021bire aspectul m\u00e2inilor solzoase? T\u0103m\u00e2ia poate ajuta \u0219i aici! Ad\u0103ugarea c\u00e2torva pic\u0103turi de ulei de t\u0103m\u00e2ie la crema hidratant\u0103 preferat\u0103 v\u0103 va rehidrata \u0219i \u00eentineri m\u00e2inile. Pune\u021bi o pic\u0103tur\u0103 din acest ulei esen\u021bial pe unghii, \u0219i ele vor ar\u0103ta din nou str\u0103lucitoare \u0219i s\u0103n\u0103toase.<\/p>\n\n\n\n<p>Echilibrare&nbsp;\u2013 Uleiul esen\u021bial de t\u0103m\u00e2ie este eficient \u00eempotriva impurit\u0103\u021bilor pielii sau chiar a pigment\u0103rii. Acest ulei eficient purific\u0103 pielea gras\u0103 \u0219i stabilizeaz\u0103 epiderma pentru o str\u0103lucire cu aspect s\u0103n\u0103tos. T\u0103m\u00e2ia are efect tonic \u0219i astringent \u0219i este potrivit\u0103 pentru pielea uscat\u0103, pielea mai \u00een v\u00e2rst\u0103 \u0219i pentru prevenirea vergeturilor. Uleiul calmeaz\u0103 \u0219i vindec\u0103 r\u0103nile mici, cicatricile \u0219i r\u0103nile. Ulcerele cauzate de varice pot fi tratate \u0219i cu t\u0103m\u00e2ie.<\/p>\n\n\n\n<p>T\u0103m\u00e2ia prezint\u0103 efecte antiinflamatorii \u0219i antimicrobiene, f\u0103c\u00e2ndu-l util \u0219i pentru acnee \u0219i eczeme.<\/p>\n\n\n\n<p class=\"has-large-font-size\"><strong>Ulei de t\u0103m\u00e2ie pentru c\u0103ile respiratorii<\/strong><\/p>\n\n\n\n<p>De asemenea, uleiul de t\u0103m\u00e2ie s-a dovedit a fi un agent eficient \u00een combaterea r\u0103celii comune. Elibereaz\u0103 mucusul blocat, ajut\u0103 la cur\u0103\u021barea c\u0103ilor respiratorii \u0219i cre\u0219te rezisten\u021ba lor natural\u0103. Folosit ca ulei de masaj, are efect antiinflamator \u0219i, prin urmare, reduce riscul de infec\u021bi<\/p>\n\n\n\n<p class=\"has-large-font-size\"><strong>T\u0103m\u00e2ie \u00een artrit\u0103<\/strong><\/p>\n\n\n\n<p>Acizii triterpenici con\u021binu\u021bi \u00een uleiul de t\u0103m\u00e2ie sunt responsabili pentru efectul s\u0103u antiinflamator. T\u0103m\u00e2ia a fost folosit\u0103 de secole \u00een India pentru artrit\u0103 \u00een remediile tradi\u021bionale. Cercet\u0103rile au ar\u0103tat c\u0103 mai multe substan\u021be din t\u0103m\u00e2ie stimuleaz\u0103 \u00eentr-adev\u0103r formarea de colagen \u0219i lupt\u0103 \u00eempotriva inflama\u021biei care cauzeaz\u0103 artrita. Alte studii \u0219tiin\u021bifice au concluzionat c\u0103 efectele t\u0103m\u00e2iei asupra bolilor inflamatorii precum astmul, artrita \u0219i osteoartrita pot contribui favorabil la tratament.<\/p>\n\n\n\n<p class=\"has-large-font-size\"><strong>Ulei de t\u0103m\u00e2ie \u0219i aromaterapie<\/strong><\/p>\n\n\n\n<p>Ca \u0219i alte uleiuri esen\u021biale \u0219i aromatice, uleiul de t\u0103m\u00e2ie are, de asemenea, o gam\u0103 larg\u0103 de utiliz\u0103ri \u0219i aplica\u021bii, cum ar fi \u00eengrijirea pielii, s\u0103n\u0103tatea fizic\u0103 \u0219i mental\u0103. Uleiul de t\u0103m\u00e2ie are un puternic efect purificator asupra atmosferei, precum \u0219i asupra corpului \u0219i min\u021bii.<\/p>\n\n\n\n<p>Prin urmare, uleiul de t\u0103m\u00e2ie este deosebit de popular \u00een aromaterapie. Deoarece acest ulei \u00ee\u0219i pierde efectul benefic asupra s\u0103n\u0103t\u0103\u021bii mintale atunci c\u00e2nd este \u00eenc\u0103lzit \u00eentr-un arz\u0103tor cu ulei, se recomand\u0103 difuzarea mirosului cu ajutorul unui nebulizator rece. Uleiul de t\u0103m\u00e2ie d\u0103 o senza\u021bie de detensionare, ajut\u0103 la ameliorarea durerilor de cap \u0219i promoveaz\u0103 un somn bun. Relaxeaz\u0103 mintea \u0219i este foarte potrivit pentru utilizare \u00een medita\u021bie \u0219i yoga.<\/p>\n\n\n\n<p class=\"has-large-font-size\"><strong>Relaxant \u0219i stimulator<\/strong><\/p>\n\n\n\n<p>S-a demonstrat c\u0103 uleiul esen\u021bial de t\u0103m\u00e2ie are un efect pozitiv semnificativ asupra simptomelor legate de stres \u0219i este foarte eficient \u00een stimularea concentr\u0103rii. Propriet\u0103\u021bile calmante ale uleiului esen\u021bial de t\u0103m\u00e2ie pot restabili echilibrul emo\u021bional \u0219i pot ajuta la dep\u0103\u0219irea stresului \u0219i a dezn\u0103dejdii.<\/p>\n\n\n\n<p>Uleiul de t\u0103m\u00e2ie este potrivit pentru inhalare sau pulverizare sau pentru aplicare local\u0103 pe corp pentru o respira\u021bie mai profund\u0103 \u0219i o senza\u021bie lini\u0219titoare. \u00centr-un evaporator de arom\u0103, t\u0103m\u00e2ia d\u0103 un miros proasp\u0103t de r\u0103\u0219in\u0103 aromatic\u0103, este, de asemenea, potrivit\u0103 pentru a fi amestecat\u0103 cu alte uleiuri esen\u021biale. T\u0103m\u00e2ia are calitatea de a face alte arome mai bogate \u0219i mai intrigante. \u00cen vaporizatorul de arom\u0103, bron\u0219ita (astmatic\u0103 \u0219i catarral\u0103) este calmat\u0103, excesul de mucus este reglat \u0219i respira\u021bia este \u00eembun\u0103t\u0103\u021bit\u0103.<\/p>\n\n\n\n<p>T\u0103m\u00e2ia este un ulei esen\u021bial foarte versatil care ar trebui s\u0103 fie disponibil \u00een orice gospod\u0103rie.<\/p>","protected":false},"excerpt":{"rendered":"<p><b>Country of origin:<\/b>\u00a0Egypt<\/p>\n<p><b>Botanical Name:\u00a0<\/b>Boswellia sacra<\/p>\n<p><b>Family:\u00a0<\/b>Buseraceae<b>\u00a0<\/b><\/p>\n<p><b>INCHI:\u00a0<\/b>Boswellia Sacra Pure Aroma Oil<b>\u00a0<\/b><\/p>\n<p><b>Components Used:<\/b>Resin<b>\u00a0<\/b><\/p>\n<p><b>Extraction Method:\u00a0<\/b>Steam distillation<b>\u00a0<\/b><\/p>\n<p><b>Scent:\u00a0<\/b>lemnos, picant<b>\u00a0<\/b><\/p>\n<p><b>Appearance:\u00a0<\/b>Sunny yellow<b> \u00a0<\/b><\/p>\n<p><b>Physical state:\u00a0<\/b>Liquid<\/p>\n<p><b><strong>Natural<\/strong><\/b>\u00a0Yes<\/p>\n<p><b><strong>Purity:\u00a0<\/strong><\/b>100% Pure <\/p>\n<p><b><strong>Certificates:<\/strong><\/b>\u00a0ISO and MSDS<\/p>\n<p><b><strong>Compozitie:<\/strong><\/b>Pure aroma oil<\/p>\n<p><b><strong>Livrare:<\/strong><\/b>Calculated at Checkout<\/p>","protected":false},"featured_media":7409,"comment_status":"open","ping_status":"closed","template":"","meta":[],"product_cat":[51],"product_tag":[],"class_list":["post-7408","product","type-product","status-publish","has-post-thumbnail","hentry","product_cat-uleiuri-esentiale"],"_links":{"self":[{"href":"https:\/\/nefertiti-eg.ro\/en\/wp-json\/wp\/v2\/product\/7408","targetHints":{"allow":["GET"]}}],"collection":[{"href":"https:\/\/nefertiti-eg.ro\/en\/wp-json\/wp\/v2\/product"}],"about":[{"href":"https:\/\/nefertiti-eg.ro\/en\/wp-json\/wp\/v2\/types\/product"}],"replies":[{"embeddable":true,"href":"https:\/\/nefertiti-eg.ro\/en\/wp-json\/wp\/v2\/comments?post=7408"}],"wp:featuredmedia":[{"embeddable":true,"href":"https:\/\/nefertiti-eg.ro\/en\/wp-json\/wp\/v2\/media\/7409"}],"wp:attachment":[{"href":"https:\/\/nefertiti-eg.ro\/en\/wp-json\/wp\/v2\/media?parent=7408"}],"wp:term":[{"taxonomy":"product_cat","embeddable":true,"href":"https:\/\/nefertiti-eg.ro\/en\/wp-json\/wp\/v2\/product_cat?post=7408"},{"taxonomy":"product_tag","embeddable":true,"href":"https:\/\/nefertiti-eg.ro\/en\/wp-json\/wp\/v2\/product_tag?post=7408"}],"curies":[{"name":"wp","href":"https:\/\/api.w.org\/{rel}","templated":true}]}}