{"id":7380,"date":"2022-05-18T16:53:56","date_gmt":"2022-05-18T14:53:56","guid":{"rendered":"https:\/\/nefertiti-eg.ro\/?post_type=product&#038;p=7380"},"modified":"2025-11-17T18:52:59","modified_gmt":"2025-11-17T16:52:59","slug":"ulei-de-portocale","status":"publish","type":"product","link":"https:\/\/nefertiti-eg.ro\/en\/product\/ulei-de-portocale\/","title":{"rendered":"Ulei de Portocale"},"content":{"rendered":"<p><strong>Orange Essential Oils<br><\/strong>The orange tree is the most commonly cultivated fruit and plant in the world. Centuries ago oranges were known as the \u201cfruit of the Gods\u201d and were depicted as \u201cgolden apples\u201d in the story of Hercules and Titan Atlas. Oranges represent generosity, good fortune, prosperity, strength, wisdom and happiness. In China they are a traditional offering and gift, particularly popular at New Year to offer good fortune and prosperity to the recipient.<\/p>\n\n\n\n<p><strong>Lily of the Valley Origin &amp; Characteristics<br><\/strong>Oranges are the fruit from the Sweet Orange tree (Citrus sinensis) which is believed to have originated in Southern China. Historically, the first mention of sweet orange was in Chinese Literature dating back to 314 BC. The sweet orange tree does not grow in the wild anywhere in the world and is thought to be a natural hybrid between Pummelo (Citrus maxima) and the Mandarin (Citrus reticulata). It is a large evergreen tree, with an average height of approximately 9 to 10 m, and bears small white waxy flowers and vibrant orange coloured fruit. Incidentally, the colour orange was named after the fruit. The name \u201corange\u201d is derived from the Old French and Anglo-Norman name for the fruit \u201cpomme d\u2019orenge\u201d, itself adapted from the Arabic word \u201cn\u0101ranj\u201d, which in turn was from the Persian word \u201cn\u0101rang\u201d, from the Sanskrit word n\u0101ranga, meaning \u201corange tree\u201d. During the 15th-century orange trees were brought back from China by the Portuguese, and introduced to Africa and Europe. Originally it was the medicinal benefits for which it was valued, but the sweet tasting fruit quickly gained popularity as a luxury item, and trees were cultivated by the wealthy and elite who grew them in conservatories known as \u201corangeries\u201d. The grandest Orangerie was at the Palace of Versailles as Louis XIV had a great love for them, and orange trees in silver pots adorned the rooms of the palace also. Sailors were prone to a disease called scurvy (lack of vitamin C) which often killed up to 50% of the crew, so throughout the 15th-17th century, known as the Age of Discovery, the Portuguese, Spanish and Dutch sailors planted such trees along the trade routes, as eating oranges and other citrus fruits were known to decrease the illness significantly.<\/p>\n\n\n\n<p class=\" translation-block\">Orange oil has a long history in Traditional Chinese Medicine, as well as in folk remedies throughout the Mediterranean, the Middle East and India, is used to enhance immunity, and relieve colds, flu and coughs, indigestion, chronic fatigue, spasms, depression, poor circulation and skin infections. The oil is derived from the peel of the orange. If you\u2019ve ever cut into an orange or zested the peel, you will have noticed a small amount of oil seeping from the peel. This is the essential oil that contains limonene, alcohols (citronellol, geraniol, and linalool), monoterpene hydrocarbons (\u03b2-myrcene and \u03b1-pinene) and aldehydes (neral), in addition to vitamin A, B6 (pyridoxine) and C, potassium, calcium and magnesium. The oil is extracted by way of cold-pressing to retain the full value of the oil. The numerous health benefits are due to its antioxidant, anti-inflammatory, antifungal, antiviral, antibiotic, antibacterial, antiseptic, antimicrobial, expectorant, bronchodilator, antispasmodic, anticonvulsant, analgesic, antinociceptive, detoxicant, cholagogic, digestive, stimulant, carminative, antidepressant, antianxiety and sedative properties.<\/p>\n\n\n\n<p><strong>Orange Oil for Skin<br><\/strong>Uleiul de portocale este plin de vitamina C \u0219i are propriet\u0103\u021bi antioxidante,&nbsp;antiinflamatorii, antibacteriene, antiseptice \u0219i astringente, ceea ce \u00eel face un ulei perfect, potrivit pentru toate tipurile de piele. Hr\u0103ne\u0219te complet pielea, calm\u00e2nd orice irita\u021bie sau usc\u0103ciune, cur\u0103\u021b\u00e2nd \u0219i echilibr\u00e2nd f\u0103r\u0103 a priva pielea de uleiurile sale naturale. Elimin\u0103 bacteriile d\u0103un\u0103toare, cur\u0103\u021b\u0103 pielea, echilibreaz\u0103 umiditatea, ajut\u0103 la uscarea acneei, reduce inflama\u021bia \u0219i ro\u0219ea\u021ba, \u00eencurajeaz\u0103 exfolierea pielii \u0219i reduce aspectul porilor, perfect pentru cei care sufer\u0103 de acnee, pori \u00eenfunda\u021bi \u0219i piele gras\u0103 \u0219i ajut\u00e2nd la diminuarea petelor \u00eentunecate. Ajut\u0103 la combaterea radicalilor liberi pentru a preveni \u00eemb\u0103tr\u00e2nirea prematur\u0103, \u00eembun\u0103t\u0103\u021be\u0219te produc\u021bia de colagen \u0219i \u00eencurajeaz\u0103 pielea neted\u0103, elimin\u00e2nd astfel liniile fine \u0219i ridurile. Indiferent de tipul de piele, uleiul de portocale poate \u00eembun\u0103t\u0103\u021bi aspectul general al pielii prin promovarea s\u0103n\u0103t\u0103\u021bii pielii \u0219i \u00eencuraj\u00e2nd luminozitatea, claritatea \u0219i netezimea. De asemenea, este perfect pentru tratarea furunculelor, t\u0103ieturilor, abraziunii sau r\u0103nilor datorit\u0103 propriet\u0103\u021bii sale antiseptice.<br>To use: Add a couple of drops to a carrier oil and massage into the skin. Also suitable for use as a makeup remover or cleanser.<\/p>\n\n\n\n<p><strong>Orange Oil for Allergies<br><\/strong>Allergies can be caused by inflammation of the nasal passages, which are irritated by small particles such as dust, pollen, mould spores, etc. It can cause itchiness, headache, watery eyes and sinus congestion. Alternatively, an allergy could show itself on the skin. The anti-inflammatory property of orange oil can help to reduce swelling and irritation and improve blood flow, thus reducing symptoms.\u00a0<br>To use: Add a few drops to a diffuser. Add a few drops to a cotton ball or pad and inhale, or pin to the collar. Add a couple of drops to a carrier oil and apply to the affected area of the skin.<\/p>\n\n\n\n<p><strong>Orange Oil for Pain &amp; Inflammation<br><\/strong>Orange oil has been shown to reduce inflammation and pain when applied topically. This can be of great use for inflammatory conditions like arthritis, but also for cramps and general muscle and joint pain. In addition, several studies have confirmed the remarkable effect that due to the strong antinociceptive properties of orange oil, fracture pain can be effectively alleviated. This is achieved by vaporising and inhaling this oil, leading to an elevated mood, which also increases the pain threshold. Orange oil has also been shown to be one of the best anti-inflammatory oils, making it very beneficial for people with chronic obstructive pulmonary disease.<br>To use: For pain relief, put a few drops in a diffuser or a few drops on a cotton pad and stick it in the collar. For joint and muscle pain, put a few drops in a carrier oil and massage into the affected area.<\/p>\n\n\n\n<p><strong>Orange Oil to Lower Blood Pressure<br><\/strong>Inhalation of orange oil was shown to naturally reduce both systolic and diastolic blood pressure, a major contributor towards heart disease.\u00a0<br>To use: Add a few drops to a diffuser.<\/p>\n\n\n\n<p><strong>Orange Oil to Improve Digestion<br><\/strong>Combining orange oil with a carrier oil and applying directly to the abdominal area, can help to encourage the release of digestive enzymes, helping to eliminate indigestion, irregular digestion, constipation and flatulence, whilst its diuretic property can help to reduce bloating, stimulate the lymphatic system and bladder, and help to rid the body of toxins.<br>To use: Add a few drops to a carrier oil and massage into the abdominal area.<\/p>\n\n\n\n<p><strong>Orange Oil for Hair<br><\/strong>Orange oil can treat a dry, irritated scalp and help to prevent dandruff and flaky skin, whilst deeply nourishing the hair follicles, encouraging growth, eliminating brittle and dry strands, and making the hair thick, smooth, strong and healthy.<br>To use: Add a couple of drops to your regular hair products. Add a couple of drops to a carrier oil and massage into the scalp and hair strands for a weekly treatment, then wrap the hair in a towel and leave for a couple of hours or overnight and shampoo out.\u00a0<\/p>\n\n\n\n<p><strong>Orange Oil for Air Freshener\/Insecticide<br><\/strong>When used as a spray to scent the air, orange oil can effectively diminish odours from cooking and pets. Additionally, it helps to destroy airborne bacteria and pathogens and can alleviate a spasmodic cough, whilst boosting the immune system. Orange oil has strong insect repellent properties, whether by way of contact or fumigation and is known to deter houseflies and kill their larvae and pupae. It is also a natural ant killer and eliminates their scent-pheromone trails, thus preventing further infestations.\u00a0\u00a0<br>To use: Add several drops to water in a spray bottle and spray as required, or directly onto insects, flooring, etc.<\/p>\n\n\n\n<p><strong>Orange Oil &amp; Aromatherapy<br><\/strong>Orange oil aroma has been likened to a blossoming orchard of sweetly fragrant orange trees. Research has shown that the oil is warming, uplifting and calming, and helps to reduce pulse rate. It banishes depression, anxiety, anger, frustration, stress, sadness and negative moods, replacing them with peace and harmony and boosting the mood and mental clarity and motivation. The aroma also enhances cognitive function, making it easier to recall memories, which may be especially beneficial for people suffering from Alzheimer\u2019s disease. It can help to relieve mental and physical fatigue. Use it as a mood and energy booster in the morning, a relaxant in the evening, and to improve cognitive function or diminish depression, stress or anxiety whenever needed.<\/p>\n\n\n\n<p><strong>Orange Oil for Anxiety and Depression<br><\/strong>Orange oil is a known mood booster and anxiety calmer, both uplifting and tranquillizing, and has been used as a natural antidepressant and mild tranquillizer for centuries. Due to its anxiolytic property, it can take as little as 5 minutes of exposure to the diffused oil to reduce anxiety-related symptoms, and boost the mood. There have been several studies regarding the use of this oil for this purpose, and results showed reduced anxiety in pregnant women during labour and a reduction in the pulse rate and stress hormone of children during dental procedures. The inhalation of orange oil has also been accredited with increasing cognition, a marker for stress levels, plus reducing cortisol secretion and calming the heart rate.<br>To use: Add a few drops to a diffuser.<\/p>\n\n\n\n<p><strong>Orange Oil for Sleep<br><\/strong>Orange oil is known for its ability to induce sleep and enhance sleep quality whilst expediting the detoxification process of the body and helping to balance hormones. A 2015 review of essential oils indicated orange oil as beneficial for the treatment of insomnia.<br>To use: Add a couple of drops to a diffuser. Add a couple of drops to a cotton ball and place near the bed. Add a couple of drops to the pillow or sheets.\u00a0<\/p>\n\n\n\n<p><strong>Orange Oil for Massage<br><\/strong>As a massage oil, orange oil can help to increase blood flow, which is very beneficial to relieve the discomfort of headaches, menstruation, abdominal pain, inflammation and low libido, in addition to helping with stress, and nasal or bronchial congestion. As an anticonvulsant and antispasmodic, it works as a muscle relaxant to help relieve muscle cramps and spasms, convulsions, coughing and diarrhoea, whilst its anti-inflammatory properties assist in pain relief, reduced swelling and redness for infections and injuries including sprains, muscles tears, joint and bone pain, and oedemas.\u00a0<br>To use: To reduce pain and inflammation, relieve stomach problems, or reduce a spasmodic cough add a couple of drops to a carrier oil and massage into the relevant area or the chest and neck for a cough.\u00a0<\/p>\n\n\n\n<p><strong>Orange Oil for Cleaning<br><\/strong>Orange oil is a natural degreaser, whilst its antibacterial, antifungal, antimicrobial and disinfectant properties make it the perfect natural cleaner. Studies have confirmed that it is effective against staph bacteria, e.coli, salmonella and several fungi which can cause food spoilage. Why use harsh chemicals on your counter-tops, cutting board, table, fridge, oven, stovetop, microwave, etc, when you can clean effectively and naturally with orange oil? It can also remove gum and adhesive. Whatsmore, the spray will release the aroma into the air, diminishing odours and eliminating airborne pathogens.<br><strong>To use:<\/strong> Add 5 drops to 100ml of water and spray as required.<\/p>","protected":false},"excerpt":{"rendered":"<p><strong>Country of origin:<\/strong>\u00a0Egypt <strong>Botanical Name:<\/strong>\u00a0Citrus sinensis <strong>Family:\u00a0<\/strong>Rutaceae <strong>INCHI:\u00a0<\/strong>Citrus Sinensis Pure Aroma Oil <strong>Components Used:\u00a0<\/strong>Peel <strong>Extraction Method:<\/strong>\u00a0Steam distillation <strong>Scent:<\/strong>\u00a0Fresh, citrusy <strong>Appearance:<\/strong>\u00a0Yellowish orange to dark orange <strong>Physical state:<\/strong>\u00a0Liquid <strong>Natural<\/strong>\u00a0Yes <strong>Purity:<\/strong>\u00a0100% Pure <strong>Certificates:<\/strong>\u00a0ISO and MSDS <strong>Compozitie:<\/strong> Pure aroma oil <strong>Livrare:<\/strong> Calculated at Checkout<\/p>","protected":false},"featured_media":7382,"comment_status":"open","ping_status":"closed","template":"","meta":[],"product_cat":[51],"product_tag":[],"class_list":["post-7380","product","type-product","status-publish","has-post-thumbnail","hentry","product_cat-uleiuri-esentiale"],"_links":{"self":[{"href":"https:\/\/nefertiti-eg.ro\/en\/wp-json\/wp\/v2\/product\/7380","targetHints":{"allow":["GET"]}}],"collection":[{"href":"https:\/\/nefertiti-eg.ro\/en\/wp-json\/wp\/v2\/product"}],"about":[{"href":"https:\/\/nefertiti-eg.ro\/en\/wp-json\/wp\/v2\/types\/product"}],"replies":[{"embeddable":true,"href":"https:\/\/nefertiti-eg.ro\/en\/wp-json\/wp\/v2\/comments?post=7380"}],"wp:featuredmedia":[{"embeddable":true,"href":"https:\/\/nefertiti-eg.ro\/en\/wp-json\/wp\/v2\/media\/7382"}],"wp:attachment":[{"href":"https:\/\/nefertiti-eg.ro\/en\/wp-json\/wp\/v2\/media?parent=7380"}],"wp:term":[{"taxonomy":"product_cat","embeddable":true,"href":"https:\/\/nefertiti-eg.ro\/en\/wp-json\/wp\/v2\/product_cat?post=7380"},{"taxonomy":"product_tag","embeddable":true,"href":"https:\/\/nefertiti-eg.ro\/en\/wp-json\/wp\/v2\/product_tag?post=7380"}],"curies":[{"name":"wp","href":"https:\/\/api.w.org\/{rel}","templated":true}]}}