{"id":7374,"date":"2022-05-18T16:28:09","date_gmt":"2022-05-18T14:28:09","guid":{"rendered":"https:\/\/nefertiti-eg.ro\/?post_type=product&#038;p=7374"},"modified":"2026-03-12T08:04:34","modified_gmt":"2026-03-12T06:04:34","slug":"ulei-de-liliac","status":"publish","type":"product","link":"https:\/\/nefertiti-eg.ro\/en\/product\/ulei-de-liliac\/","title":{"rendered":"Ulei de Liliac"},"content":{"rendered":"<p>The lilac is more than just an eye-catching flower. The enchanting scent heralds spring and forms a dimension in itself. Lilacs\u2019 aroma can vary from strain to strain, ranging between pleasantly sweet to light spicy.<\/p>\n\n\n\n<p><strong>Origine \u0219i Caracteristici<br><\/strong>Lilac essential oil is a steam-distilled extract of the flowers from the Syringa vulgaris plant, part of the Oleaceae family. The Syringa is native to the Middle East and Eastern Europe, particularly the Balkan region.<br>The lilac tree is a beloved garden decoration for many, displaying its lush florals in spring and spreading the most refreshing scent. The fragrance is characteristic for the light purple coloured oil. Its documented use in curatives only stretches back a few hundred years but has most likely been used by indigenous people for far longer. Since the 19th century, lilac oil has been used to treat various disorders.<\/p>\n\n\n\n<p><strong>Lilac\u00a0Oil &amp; Benefits<br><\/strong>Lilac essential oil\u2019s benefits can be attributed to several healing properties, such as sedative, tonic and antiseptic. As a topical agent lilac oil can be mixed with a carrier oil and applied to sunburn, rashes and wrinkles or be used as a mild massage oil. Diffused in a vaporizer and inhaled, lilac oil will help relieve the symptoms of depression and anxiety. It can be easily added to a bath or beauty products, such as your favourite lotion or cream.<\/p>\n\n\n\n<p><strong>Lilac Oil for Skin Care<br><\/strong>Unul dintre numeroasele beneficii pentru s\u0103n\u0103tate ale uleiului esen\u021bial de liliac este capacitatea sa de a ajuta la tratarea problemelor pielii cum ar fi t\u0103ieturile, erup\u021biile cutanate \u0219i arsurile. Uleiul de liliac este potrivit chiar \u0219i pentru a calma \u0219i trata arsurile solare. \u00cen general, acest ulei promoveaz\u0103 o piele str\u0103lucitoare \u0219i s\u0103n\u0103toas\u0103.<br>Acest ulei cu miros divin are propriet\u0103\u021bi astringente dovedite, ceea ce \u00eel face un agent eficient de str\u00e2ngere a pielii \u0219i tonifiant. Poate ajuta la reducerea liniilor de v\u00e2rst\u0103, a ridurilor \u0219i a las\u0103rii pielii prin aplicarea local\u0103.<\/p>\n\n\n\n<p><strong>Reduces Inflammation<br><\/strong>When foreign substances invade the body, as can happen with skin injuries from cuts or sunburn, inflammation is the body\u2019s natural response. Swelling and redness are common signs of inflammation, which in some cases may need extra external help to support the body in its healing process and to speed up recovery. Lilac oil contains a substance that has been shown to reduce inflammation, including inflammation caused by an internal source.<br>Additionally, lilac oil has strong antibacterial properties, which makes it an ideal means of sterilization purposes that can eliminate infection-inducing bacteria. Due to its potent antifungal properties lilac oil is an effective agent to eliminate fungi from the body as well, and it helps to lower the risk of fungal infections.<\/p>\n\n\n\n<p><strong>Prevents Sunburn<br><\/strong>Even being aware of the harmful effects that UV-rays from the sun can have on our skin, we still like to enjoy the sun. The damage from UV-rays can lead to premature ageing, such as age spots and wrinkles, and carries the risk of certain cancers. However, many products designed to protect the skin from UV-rays also contain substances that can cause other skin problems. The antioxidant properties of lilac oil protect the skin without causing additional problems. It is because of these properties that lilac oil can help repair cells which are already affected by photoageing.<\/p>\n\n\n\n<p><strong>Prevents Premature Ageing<br><\/strong>The combination of the antioxidant and astringent compounds in lilac oil promotes improvement of the skin\u2019s appearance, making it look and feel younger. Fine lines, wrinkles, blemishes or other age-related marks? Lilac essential oil promotes tightening of the skin, increases its elasticity and prevents many symptoms of premature ageing.\u00a0<\/p>\n\n\n\n<p><strong>Reduces Fever<br><\/strong>Lilac oil has been traditionally known as a fever reducer, it can be used as a remedy to break persistent fever and promote the recovery process in cases of respiratory illness or infections. Febrifuges help stimulate the immune system to eliminate toxins from the body by promoting sweating.<\/p>\n\n\n\n<p><strong>Relieves Pain<br><\/strong>Diluted with a carrier oil, lilac oil can work wonders by a soothing massage. Lilac oil can provide relief from rheumatic pain through topical application, rubbing the painful areas a few times a day. A lilac oil massage may also reduce muscle pain, treat gout attacks and relieve pain in sciatica.<\/p>\n\n\n\n<p><strong>Lilac Oil &amp; Aromatherapy<br><\/strong>The aromatic effects of lilac oil are strongly comforting and bring feelings of joy; lilac magically makes everything soft and sweet. The seductive aroma of lilac oil brings inner harmony and a soothing atmosphere to your environment, the scent opens you to new love and innocence. It has a supportive effect in situations of stress, sadness, tension and uncertainty. Lilac oil is said to even have the concealed effect of enhancing psychic abilities.<\/p>\n\n\n\n<p><strong>Mood Lifting<br><\/strong>Let the tantalizing scent of lilac entice you into memories of lazy summer days, the easiest way and the smartest choice to lift your mood. Substances in lilac oil can lead to reduced nerve irritation in the brain, enabling the production and more effective use of the feel-good hormones. Other indicators of stress can also be reduced, such as high blood pressure and the presence of the stress hormone cortisol.<\/p>\n\n\n\n<p><strong>Soothes Anxiety<br><\/strong>Lilac oil\u2019s characteristic sweet fragrance can indeed aid to ease anxiety and calm the mind. In fact, it is much used in aromatherapy for relaxation. Lilac essential oil induces a harmonious mood, promoting calm feelings and reducing the levels of stress hormones in the body. Moreover, lilac oil even has the ability to reduce the risk of chronic diseases (such as diabetes, obesity, and heart disease) by treating insomnia and sleep deprivation.\u00a0<\/p>\n\n\n\n<p>Using lilac oil in a vaporizer can help with anxiety, stress or panic attacks, invigorating your mind while inducing your surroundings with its soothing scent. Just a few drops of this essential oil will work wonders for your limbic system, which is responsible for creating memories, promoting calm feelings, and decreasing the amount of stress hormones in your body.\u00a0<\/p>\n\n\n\n<p><strong>Prevents Depression<br><\/strong>Depression is a common condition worldwide, for which aromatherapy has become a highly touted aid. Lilac oil is a much used oil to promote relaxation and relieve mild depression. If being exposed to many stressful situations or tensions, or to prevent depression, lilac oil is an excellent aromatherapy agent at home. Inhaling lilac fragrance before bed can help alleviate symptoms of insomnia.<\/p>\n\n\n\n<p>For a simple aromatherapy at home, add a few drops of lilac oil to your bath water, for example, or spread the scent using an aroma lamp or diffuser. Besides the wonderful smell it brings to your home, its antibacterial properties make it an ideal sterilizing agent that can eliminate infection-inducing bacteria.<br>Improving your health has never been so enjoyable!<\/p>","protected":false},"excerpt":{"rendered":"<p><strong>Brand\u00a0<\/strong>Nefertiti for natural oils and herbs <strong>Country of origin:\u00a0<\/strong>Egypt <strong>Botanical Name:\u00a0<\/strong>Syringa vulgaris <strong>Family:\u00a0<\/strong>Oleaceae <strong>INCHI:\u00a0<\/strong>Syringa Vulgaris Pure Aroma Oil <strong>Components Used:\u00a0<\/strong>Blossoms <strong>Extraction Method:\u00a0<\/strong>Steam distillation <strong>Scent:\u00a0<\/strong>Slightly bitter, sweet <strong>Appearance:\u00a0<\/strong>Light purple <strong>Physical state:\u00a0<\/strong>Liquid <strong>Natural\u00a0<\/strong>Yes <strong>Purity:\u00a0<\/strong>100% Pure <strong>Certificates:\u00a0<\/strong>ISO and MSDS <strong>Compozitie:<\/strong> Pure aroma oil <strong>Livrare:<\/strong> Calculated at Checkout<\/p>","protected":false},"featured_media":7376,"comment_status":"open","ping_status":"closed","template":"","meta":[],"product_cat":[51],"product_tag":[],"class_list":["post-7374","product","type-product","status-publish","has-post-thumbnail","hentry","product_cat-uleiuri-esentiale"],"_links":{"self":[{"href":"https:\/\/nefertiti-eg.ro\/en\/wp-json\/wp\/v2\/product\/7374","targetHints":{"allow":["GET"]}}],"collection":[{"href":"https:\/\/nefertiti-eg.ro\/en\/wp-json\/wp\/v2\/product"}],"about":[{"href":"https:\/\/nefertiti-eg.ro\/en\/wp-json\/wp\/v2\/types\/product"}],"replies":[{"embeddable":true,"href":"https:\/\/nefertiti-eg.ro\/en\/wp-json\/wp\/v2\/comments?post=7374"}],"wp:featuredmedia":[{"embeddable":true,"href":"https:\/\/nefertiti-eg.ro\/en\/wp-json\/wp\/v2\/media\/7376"}],"wp:attachment":[{"href":"https:\/\/nefertiti-eg.ro\/en\/wp-json\/wp\/v2\/media?parent=7374"}],"wp:term":[{"taxonomy":"product_cat","embeddable":true,"href":"https:\/\/nefertiti-eg.ro\/en\/wp-json\/wp\/v2\/product_cat?post=7374"},{"taxonomy":"product_tag","embeddable":true,"href":"https:\/\/nefertiti-eg.ro\/en\/wp-json\/wp\/v2\/product_tag?post=7374"}],"curies":[{"name":"wp","href":"https:\/\/api.w.org\/{rel}","templated":true}]}}