{"id":7352,"date":"2022-05-18T14:24:56","date_gmt":"2022-05-18T12:24:56","guid":{"rendered":"https:\/\/nefertiti-eg.ro\/?post_type=product&#038;p=7352"},"modified":"2025-01-24T12:41:40","modified_gmt":"2025-01-24T10:41:40","slug":"ulei-de-eucalipt","status":"publish","type":"product","link":"https:\/\/nefertiti-eg.ro\/en\/product\/ulei-de-eucalipt\/","title":{"rendered":"Ulei de Eucalipt"},"content":{"rendered":"<p>The eucalyptus tree has the ability to adapt effortlessly to different environments. This property is due to the genetic composition of the tree which also ensures that it produces wood easily and more quickly, resulting in more rapid growth. Some refer to the eucalyptus as a gum tree, in fact this reference is incorrect as the secretion from the bark is a tannin-like substance called kino.<\/p>\n\n\n\n<p>Kino is a red, aromatic, sticky substance released from the bark. This tonic has an astringent effect, the Aborigines used it for diarrhoea and topically for sore throats, fever, wounds and ulcers \u2013 the astringent tannin stops bleeding.<br>The eucalyptus tree also provides manna. Manna is caused by insect damage that causes bark and leaves to secrete a sweet edible substance \u2013 red gum or manna. This substance contains many sugars (arabinose, raffinose, dextrose and sucrose), has a pleasant sweet taste and is slightly laxative. It was picked up or scraped from the leaves by the Aborigines, and heavily covered leaves were crushed and baked.<\/p>\n\n\n\n<p>The eucalyptus globulus is the most common among the 800 species of eucalyptus. This tree has the ability to fight the anophelic mosquito responsible for malaria, which raised the nickname \u201cFever Tree\u201d\u2019. Its larvicidal properties suggest that eucalyptus essential oil is a potential source of valuable larvicidal compounds against malaria vectors and an ideal alternative to synthetic insecticides.<\/p>\n\n\n\n<p><strong>Eucalyptus Origin &amp; Characteristics<br><\/strong>The name Eucalyptus refers to the operculum or cap on the flowers that protect the stamens \u2013\u00a0 derived from the Greek \u2018eu\u2019, meaning good, and \u2018calyptos\u2019 which means covered. Under favourable conditions, the fast-growing eucalyptus tree can reach a height of more than 110 meters.<br>The tree is native to Australia, where about three quarters of the vegetation is formed by eucalyptus trees or shrubs. They grow all over Australia, except in the driest areas, where the Acacia takes its place. After being introduced in Europe as an ornamental tree during the 19th century, the eucalyptus tree developed certain characteristics that were not present in its native soil \u2013 for example, it secretes chemicals that poison the surrounding soil, preventing other plants from growing nearby.<\/p>\n\n\n\n<p>The appearance of the trunk and bark comes in many different shapes and forms \u2013 ranging from flaking to smooth, ribbed or split, and some even have beautiful colours, from white and grey to pink in some varieties. Its numerous beautiful flowers are colourful and contain a lot of nectar, the fruit is a woody small capsule.<br>During growth, the shape and colour of the leaves change. Young leaves are blueish and round, without a stem, they grow opposite each other and are directed upwards. Their appearance becomes leathery, elongated and sickle-shaped with age, the colour changes to green. To minimize oil or water loss through evaporation, the toughened leaves start drooping, protecting from sunlight. Although the high content of volatile oils in the leaves make the eucalyptus vulnerable to forest fires, special adaptations in bark and trunk provide protection.\u00a0<\/p>\n\n\n\n<p>The eucalyptus industry claims that the better the wood, the less oil the tree contains \u2013 on the other hand, the wood from a tree that produces a lot of good oil, is of little importance. There are about 10 to 20 types of the latter.<\/p>\n\n\n\n<p><strong>Ulei de eucalipt \u0219i beneficii<br><\/strong>\u00cen zilele noastre, eucaliptul este cultivat \u00een toat\u0103 lumea \u0219i folosit pentru propriet\u0103\u021bile sale vindec\u0103toare. Con\u021binutul ridicat de cineol este responsabil pentru mirosul mai ascu\u021bit al eucaliptului globulus \u00een compara\u021bie cu cel al altor tipuri de eucalipt. Uleiul din acest gen este cel mai faimos \u0219i un ingredient \u00een multe produse, inclusiv pasta de din\u021bi, sirop de tuse \u0219i gum\u0103 de mestecat.<\/p>\n\n\n\n<p>Uleiul de eucalipt este extras din frunzele \u0219i nuielele uscate, zdrobite \u0219i distilate. Acest ulei are o culoare galben deschis, iar aldehidele volatile pot irita mucoasele. Este un dezinfectant \u0219i foarte eficient \u00eempotriva piciorului de atlet, a inflama\u021biei, a r\u0103celilor \u0219i a m\u00e2inilor uscate aspre. Uleiul esen\u021bial din eucalipt este potrivit doar pentru uz extern.<\/p>\n\n\n\n<p><strong>Amelioreaz\u0103 simptomele r\u0103celii \u0219i gripei<br><\/strong>Uleiul de eucalipt a fost folosit de mult\u0103 vreme pentru a calma tusea, este unul dintre ingredientele active din unele siropuri de tuse f\u0103r\u0103 prescrip\u021bie medical\u0103 \u0219i produse populare pentru frecare, care pot fi aplicate pe piept \u0219i g\u00e2t pentru a ameliora simptomele de tuse ale r\u0103celii sau gripei. Uleiul de eucalipt poate ameliora tusea \u0219i poate ajuta eliminarea mucusului din piept prin inhalarea vaporilor acestuia. Aceste propriet\u0103\u021bi pot fi, de asemenea, benefice pentru a reduce simptomele astmului.<\/p>\n\n\n\n<p><strong>Dezinfecteaz\u0103 r\u0103nile<br><\/strong>Pe urmele aborigenilor australieni, care foloseau frunzele de eucalipt pentru tratarea r\u0103nilor \u0219i prevenirea infec\u021biilor, uleiul de eucalipt \u00een form\u0103 diluat\u0103 este potrivit pentru utilizare local\u0103 pe piele. Acest ulei esen\u021bial poate lupta \u00eempotriva inflama\u021biei \u0219i poate promova vindecarea pielii. Este potrivit pentru tratarea t\u0103ieturilor superficiale, a arsurilor minore sau a altor leziuni.<\/p>\n\n\n\n<p><strong>Calmeaz\u0103 herpesul labial<br><\/strong>Propriet\u0103\u021bile antiinflamatorii ale eucaliptului pot ameliora simptomele herpesului. Aplicarea uleiului de eucalipt pe un herpes rece poate reduce durerea \u0219i accelera procesul de vindecare.<\/p>\n\n\n\n<p><strong>Relieves Pain<br><\/strong>Cercet\u0103rile sugereaz\u0103 c\u0103 uleiul de eucalipt amelioreaz\u0103 durerile articulare. De fapt, multe creme \u0219i unguente populare f\u0103r\u0103 prescrip\u021bie medical\u0103, concepute pentru a calma durerea din afec\u021biuni precum osteoartrita \u0219i artrita reumatoid\u0103, con\u021bin ulei esen\u021bial de eucalipt. Uleiul de eucalipt ajut\u0103 la reducerea durerii \u0219i a inflama\u021biei asociate cu multe afec\u021biuni. De asemenea, poate fi util pentru durerile de spate sau atunci c\u00e2nd v\u0103 recupera\u021bi dup\u0103 leziuni articulare sau musculare.<\/p>\n\n\n\n<p><strong>Insecticid<br><\/strong>Ca o alternativ\u0103 eficient\u0103 \u0219i 100% natural\u0103 la substan\u021bele disponibile \u00een mod obi\u0219nuit, uleiul de eucalipt este ideal pentru a \u021bine la distan\u021b\u0103 \u021b\u00e2n\u021barii \u0219i alte insecte care mu\u0219c\u0103.<\/p>\n\n\n\n<p><strong>Odorizant pentru respira\u021bie<br><\/strong>Datorit\u0103 propriet\u0103\u021bilor sale antibacteriene, uleiul de eucalipt poate fi folosit pentru a lupta \u00eempotriva germenilor care provoac\u0103 mirosul urat al gurii. Apa de gur\u0103 \u0219i pastele de din\u021bi obi\u0219nuite con\u021bin deja acest ulei ca ingredient activ. Utiliza\u021bi acest ulei diluat ca ap\u0103 de gur\u0103 sau past\u0103 de din\u021bi&nbsp;(nu \u00eenghi\u021bi!),&nbsp;poate ajuta la prevenirea form\u0103rii pl\u0103cii dentare pe din\u021bi \u0219i la protejarea gingiilor de infec\u021biile bacteriene.<\/p>\n\n\n\n<p><strong>Ulei de eucalipt \u0219i aromaterapie<br><\/strong>Uleiul esen\u021bial de eucalipt este un ulei purificator, de cur\u0103\u021bare, de str\u0103lucire \u0219i de stimulare a sistemului imunitar, care este ideal pentru utilizare pe piele, \u00een aromoterapie \u0219i ca agent de cur\u0103\u021bare a suprafe\u021belor \u0219i odorizant pentru \u021bes\u0103turi.<\/p>\n\n\n\n<p>Mirosul r\u0103coritor al uleiului de eucalipt amelioreaz\u0103 epuizarea mental\u0103 prin promovarea circula\u021biei c\u0103tre creier, stimul\u00e2nd \u0219i \u00eentinerind mintea. \u00cen cazul congestiei sinusurilor, r\u0103sp\u00e2ndirea vaporilor de eucalipt pe tot parcursul nop\u021bii \u00een dormitor poate cur\u0103\u021ba c\u0103ile nazale \u0219i poate elimina bacteriile d\u0103un\u0103toare din aer.<\/p>","protected":false},"excerpt":{"rendered":"<p><strong>Brand<\/strong>\u00a0Nefertiti for natural oils and herbs <strong>Country of origin:<\/strong>\u00a0Egypt <strong>Botanical Name:\u00a0<\/strong>Eucalyptus Globulus <strong>Family:\u00a0<\/strong>Myrtaceae <strong>INCHI:<\/strong>\u00a0Eucalyptus Globulus Pure Aroma Oil <strong>Components Used:<\/strong>\u00a0Leaves <strong>Extraction Method:\u00a0<\/strong>Steam distillation <strong>Scent:<\/strong>\u00a0Minty, camphorous \u2013 sharp and highly pungent <strong>Appearance:\u00a0<\/strong>Colorless <strong>Physical state:\u00a0<\/strong>Liquid <strong>Natural\u00a0<\/strong>Yes <strong>Purity:<\/strong>\u00a0100% Pure <strong>Certificates:\u00a0<\/strong>ISO and MSDS <strong>Compozitie:<\/strong> Pure aroma oil <strong>Livrare:<\/strong> Calculated at Checkout<\/p>","protected":false},"featured_media":7354,"comment_status":"open","ping_status":"closed","template":"","meta":[],"product_cat":[51],"product_tag":[],"class_list":["post-7352","product","type-product","status-publish","has-post-thumbnail","hentry","product_cat-uleiuri-esentiale"],"_links":{"self":[{"href":"https:\/\/nefertiti-eg.ro\/en\/wp-json\/wp\/v2\/product\/7352","targetHints":{"allow":["GET"]}}],"collection":[{"href":"https:\/\/nefertiti-eg.ro\/en\/wp-json\/wp\/v2\/product"}],"about":[{"href":"https:\/\/nefertiti-eg.ro\/en\/wp-json\/wp\/v2\/types\/product"}],"replies":[{"embeddable":true,"href":"https:\/\/nefertiti-eg.ro\/en\/wp-json\/wp\/v2\/comments?post=7352"}],"wp:featuredmedia":[{"embeddable":true,"href":"https:\/\/nefertiti-eg.ro\/en\/wp-json\/wp\/v2\/media\/7354"}],"wp:attachment":[{"href":"https:\/\/nefertiti-eg.ro\/en\/wp-json\/wp\/v2\/media?parent=7352"}],"wp:term":[{"taxonomy":"product_cat","embeddable":true,"href":"https:\/\/nefertiti-eg.ro\/en\/wp-json\/wp\/v2\/product_cat?post=7352"},{"taxonomy":"product_tag","embeddable":true,"href":"https:\/\/nefertiti-eg.ro\/en\/wp-json\/wp\/v2\/product_tag?post=7352"}],"curies":[{"name":"wp","href":"https:\/\/api.w.org\/{rel}","templated":true}]}}