{"id":7343,"date":"2022-05-18T13:48:13","date_gmt":"2022-05-18T11:48:13","guid":{"rendered":"https:\/\/nefertiti-eg.ro\/?post_type=product&#038;p=7343"},"modified":"2026-04-14T18:37:54","modified_gmt":"2026-04-14T16:37:54","slug":"ulei-de-violete","status":"publish","type":"product","link":"https:\/\/nefertiti-eg.ro\/en\/product\/ulei-de-violete\/","title":{"rendered":"Ulei de Violete"},"content":{"rendered":"<p>Viola Odorata, also known as Sweet Violet, English violet, Wood Violet and Garden Violet, has a sweetly soothing, warm, powdery floral aroma, known to reduce stress and anxiety, and symbolises modesty as well as truth and loyalty. Violet is derived from the old French word \u201cViolette\u201d which itself was from the Latin word \u201cViola\u201d, meaning violet flower. Flowers of the viola odorata are also edible, and are used to garnish desserts and salads, candied, or to flavour syrups and liqueurs. Leaves can be added to a salad, and when added to a soup they have a thickening effect. According to legend, St Valentine used ink made from the violets he grew to write his love notes. The scent of violets was particularly popular during the late Victorian period, and the oil is a \u201cgreen\u201d note in the perfumer\u2019s palette of aromatics, an essential note in the world of perfumery. Incidentally, violets are the birth flower of February.<\/p>\n\n\n\n<p><strong>Violet Origin &amp; Characteristics<br><\/strong>There are around 500 species of violets, and all are said to have therapeutic properties, but the sweetest smelling of them all is Viola Odorata or Sweet Violet. You may be forgiven for wondering if you imagined the divine scent, when inhaled directly from the violet flower, since it disappears on a second smell. This is due to a chemical called ionine, found in the flowers, which desensitises the nose and sense of smell after just one quick sniff. The plant is a small low growing hardy perennial with heart shaped furry leaves, commonly bearing delicate blue-violet flowers with five oval petals, although the flowers can also be white, lilac or pink. It is native to Europe, North Africa and West\u00a0Asia, although most of the oil production is now primarily produced in Egypt. Violet oil has been in production in Egypt since the early 20th century and the violet is planted alongside corn to afford it protection from the strong Egyptian sun. The oil is extracted from the flowers and leaves by way of the steam distillation method.<br>Se spune c\u0103 violetele au fost cultivate ini\u021bial de grecii antici \u00een anul 500 \u00ee.Hr., care le-au folosit \u00een re\u021bete alimentare, vin, po\u021biuni de dragoste \u0219i medicamente \u0219i au f\u0103cut din ea simbolul Atenei. Violeta a fost folosit\u0103 de herbori\u0219tii medievali pentru propriet\u0103\u021bile sale vindec\u0103toare \u0219i de vechii britanici ca produs cosmetic datorit\u0103 capacit\u0103\u021bii sale de a ajuta la diferite afec\u021biuni ale pielii. Este bine cunoscut \u00een medicina ayurvedic\u0103 \u0219i unani \u0219i a fost folosit \u00een mod tradi\u021bional, precum \u0219i \u00een Europa, pentru a trata tusea convulsiv\u0103 \u0219i alte probleme respiratorii, febr\u0103, dureri \u00een g\u00e2t \u0219i amigdalita. \u00cen Grecia Antic\u0103 a fost folosit ca remediu pentru durerile de cap \u0219i ame\u021beli, iar din secolul al XVI-lea utilizarea sa ca analgezic a fost pe scar\u0103 larg\u0103, nu este surprinz\u0103tor, deoarece con\u021bine acid salicilic,&nbsp;un ingredient principal \u00een unele dintre cele mai populare analgezice f\u0103r\u0103 prescrip\u021bie medical\u0103.<\/p>\n\n\n\n<p><strong>Violet Oil &amp; Benefits<br><\/strong>Violeta are o multitudine de \u00eentrebuin\u021b\u0103ri \u0219i beneficii, fiind emolient, analgezic, sedativ, antiinflamator, antioxidant, antibacterian, antifungic, expectorant, decongestionant, diaforetic, antipiretic, febrifug \u0219i insecticent. Uleiul de violete nu trebuie aplicat direct pe piele, ci trebuie diluat \u00eentr-un ulei purt\u0103tor, cum ar fi uleiul de jojoba, nuc\u0103 de cocos, migdale sau m\u0103sline.<\/p>\n\n\n\n<p><strong>Violet Oil Promotes Skin Health<\/strong><\/p>\n\n\n\n<p>Violet essential oil is very mild and gentle on the skin, and its soothing, cooling and anti-inflammatory properties are helpful in the treatment of a variety of skin conditions. As a moisturiser and emollient it can help to soothe conditions such as eczema, dermatitis,\u00a0rosacea and psoriasis, dryness, itchiness or general redness and inflammation. In case of acne, its antibacterial and antimicrobial properties will ensure that any infection is removed from the skin, and it will tighten enlarged pores. Violet oil can even effectively reduce the appearance of thread veins. As this oil helps to stimulate the blood circulation,\u00a0it is a useful tool in the treatment and prevention of cellulite and oedemas, and is cooling and soothing for bruises. Due to its calming and relaxing effects, violet oil is very effective against stress related skin disorders.<\/p>\n\n\n\n<p><strong>Violet Oil Offers Relief of Respiratory Tract<br><\/strong>Violet oil can be very helpful to alleviate respiratory symptoms related to the common cold, flu, sinusitis, bronchitis and seasonal allergies such as asthma and hay fever, meanwhile providing pain relief.\u00a0As a natural expectorant and decongestant it will loosen and help to disperse excess mucus and phlegm in the respiratory and nasal tracts, and reduce lung inflammation, thus ensuring easier breathing, and reducing symptoms such as coughing.<\/p>\n\n\n\n<p><strong>Violet Oil For the Feet<br><\/strong>Violet oil\u2019s cooling, anti-inflammatory, anti-bacterial, anti-fungal, moisturising and calming properties can work wonders for the feet. Tired and aching feet are instantly relieved and soothed. Dry, hard and damaged skin is moisturised, Athlete\u2019s Foot, fungal infections of the nails, cuts and abrasions are soothed and treated.<\/p>\n\n\n\n<p><strong>Violet Oil Repels Mosquitoes<br><\/strong>Violet oil has been reported to be a significant repellent against the mosquito species tested including Aedes aegypti (carries Yellow Fever), Anopheles stephensi (carries Malaria) and Culex quinquefasciatus (known as Southern House Mosquito and infamous for its nocturnal biting habit) according to a report by Amer and Mehlhorn, 2006. It was shown to provide protection of up to 8 hours.<\/p>\n\n\n\n<p><strong>Cum se folose\u0219te uleiul esen\u021bial de violete<br><\/strong>Learn how to reap the benefits from this amazing oil, by either diffusing it or applying topically.<\/p>\n\n\n\n<p>Respiratory relief:\u00a0Add a few drops to your vaporiser or diffuser. Add a few drops to a warm bath and inhale the steam, and luxuriate in the bath, calming body and mind. Add a few drops to a bowl of hot water, place a towel over the top and inhale, taking care not to place your face too near to the hot steam.<br>To provide pain relief:\u00a0Add a few drops of the oil to a hot bath, and allow the analgesic properties to soothe away aches and pains. Add a few drops to a carrier oil (such as jojoba, coconut, almond or olive) and massage gently into the affected area. Add a few drops to a vaporiser or diffuser to relieve headache or migraine.<br>Skincare:\u00a0Dilute with a carrier oil (such as jojoba, coconut or almond) and apply to the affected area. You can also add a couple of drops to your regular skin care product.<br>For Feet:\u00a0Add a few drops to a carrier oil and massage into the soles of your feet and affected areas (heels, nails, etc). Add a few drops to a bowl of warm water and soak your feet.<\/p>\n\n\n\n<p><strong>Violet Oil &amp; Aromatherapy\u00a0\u00a0\u00a0\u00a0\u00a0<br><\/strong>Violet oil is extremely calming, soothing, balancing and calming. It eliminates stress, nerves and mental fatigue. It promotes inspiration and reflection. Renowned for encouraging peace and tranquillity during meditation. It is reputed to be comforting when dealing with grief or loss, encouraging acceptance of change and independence.<\/p>\n\n\n\n<p><strong>Violet Oil Boosts Mental Health<br><\/strong>With its natural calming and therapeutic properties, violet oil can help to alleviate stress, fatigue, anxiety levels and exhaustion, plus headaches, migraines and stiff necks associated with tension. Promoting calmness, tranquillity and relaxation, it can boost your mental health.<\/p>\n\n\n\n<p><strong>Violet Oil as a Potent Aphrodisiac<br><\/strong>Sexual dysfunction and problems in the bedroom can often be the result of stress. Emotionally uplifting and stimulating relaxation, violet oil can help to enhance your libido and overcome any difficulties caused by stress or anxiety.<\/p>\n\n\n\n<p><strong>Violet Oil Helps Treat Insomnia<br><\/strong>A good night\u2019s sleep is essential to ensure the maintenance of vital organs and the correct functioning of the bodily systems since the body uses the conserved energy to repair and recharge itself. A restful sleep allows us to be physically and mentally able to perform our daily tasks. By relieving tension and stress, and promoting calm and relaxation, the aroma of violet essential oil can radically assist in getting a peaceful night\u2019s sleep, and is a natural remedy for insomnia or sleep disorders.<\/p>\n\n\n\n<p><strong>How to use:\u00a0Add a few drops to your vaporiser or diffuser.<\/strong>&nbsp;Ad\u0103uga\u021bi c\u00e2teva pic\u0103turi \u00een vaporizator sau difuzor.<\/p>","protected":false},"excerpt":{"rendered":"<p><strong>Brand<\/strong>\u00a0Nefertiti for natural oils and herbs <strong>Country of origin:\u00a0<\/strong>Egypt <strong>Botanical Name:\u00a0<\/strong>Viola odorata <strong>Family:\u00a0<\/strong>Violaceae <strong>INCHI:<\/strong>\u00a0Viola Odorata Pure Aroma Oil <strong>Components Used:\u00a0<\/strong>Blossoms and roots <strong>Extraction Method:\u00a0<\/strong>Steam distillation <strong>Scent:<\/strong>\u00a0Delicate typical floral <strong>Appearance:<\/strong>\u00a0Greenish brown <strong>Physical state:<\/strong>\u00a0Liquid <strong>Natural\u00a0<\/strong>Yes <strong>Purity:<\/strong>\u00a0100% Pure <strong>Certificates:<\/strong>\u00a0ISO and MSDS <strong>Compozitie:<\/strong> Pure aroma oil <strong>Livrare:<\/strong> Calculated at Checkout<\/p>","protected":false},"featured_media":7344,"comment_status":"open","ping_status":"closed","template":"","meta":[],"product_cat":[51],"product_tag":[],"class_list":["post-7343","product","type-product","status-publish","has-post-thumbnail","hentry","product_cat-uleiuri-esentiale"],"_links":{"self":[{"href":"https:\/\/nefertiti-eg.ro\/en\/wp-json\/wp\/v2\/product\/7343","targetHints":{"allow":["GET"]}}],"collection":[{"href":"https:\/\/nefertiti-eg.ro\/en\/wp-json\/wp\/v2\/product"}],"about":[{"href":"https:\/\/nefertiti-eg.ro\/en\/wp-json\/wp\/v2\/types\/product"}],"replies":[{"embeddable":true,"href":"https:\/\/nefertiti-eg.ro\/en\/wp-json\/wp\/v2\/comments?post=7343"}],"wp:featuredmedia":[{"embeddable":true,"href":"https:\/\/nefertiti-eg.ro\/en\/wp-json\/wp\/v2\/media\/7344"}],"wp:attachment":[{"href":"https:\/\/nefertiti-eg.ro\/en\/wp-json\/wp\/v2\/media?parent=7343"}],"wp:term":[{"taxonomy":"product_cat","embeddable":true,"href":"https:\/\/nefertiti-eg.ro\/en\/wp-json\/wp\/v2\/product_cat?post=7343"},{"taxonomy":"product_tag","embeddable":true,"href":"https:\/\/nefertiti-eg.ro\/en\/wp-json\/wp\/v2\/product_tag?post=7343"}],"curies":[{"name":"wp","href":"https:\/\/api.w.org\/{rel}","templated":true}]}}