{"id":7322,"date":"2022-05-18T11:28:35","date_gmt":"2022-05-18T09:28:35","guid":{"rendered":"https:\/\/nefertiti-eg.ro\/?post_type=product&#038;p=7322"},"modified":"2025-09-11T07:37:03","modified_gmt":"2025-09-11T05:37:03","slug":"uleiul-cairo","status":"publish","type":"product","link":"https:\/\/nefertiti-eg.ro\/en\/product\/uleiul-cairo\/","title":{"rendered":"Ulei Cairo"},"content":{"rendered":"<p><strong>Application &amp; Effect<br>Top note<br><\/strong>The fresh, pleasant and fruity aroma is immediately noticeable in the top note. The floral scent of hyacinth and iris is complimented with the freshness of pineapple. Pink pepper blows the whistle. The top note is absolutely charming, but wait for what follows\u2026<\/p>\n\n\n\n<p><strong>Heart note<br><\/strong>Jasmine comes into play and makes the floral note even more intense, yet the noble character of the fragrance remains. The mix of citrus in the background leaves an even fresher accent.<\/p>\n\n\n\n<p><strong>Note de baz\u0103<br><\/strong>In the base note, Cairo changes into a slightly heavier scent. Musk, patchouli and vanilla come to play their fragrant role. Musk and patchouli are instrumental in turning Cairo into a nighttime fragrance, with amazing results! Vanilla weakens the intense \u201cbomb\u201d by wrapping it with warmth.<\/p>\n\n\n\n<p>Cairo is the fragrance that puts elegant women in the spotlight every day. Allow this fragrance to seduce you. Feel good and enjoy the intense yet gentle complete bouquet of scents \u2013 citrusy, floral, woody \u2013 which envelop the wearer charmingly<\/p>","protected":false},"excerpt":{"rendered":"<p><strong>Women\u2019s fragrance<\/strong><\/p>\n<p><strong>Not\u0103 de parfum:<\/strong>\u00a0Floral \u2013 proasp\u0103t. Odata cu Cairo Oil, a fost creat un parfum excelent pentru femeia moderna. Nota floral\u0103 nobil\u0103 este u\u0219or grea, ceea ce face ca acest parfum s\u0103 fie ideal pentru sear\u0103. \u00censo\u021bitorul t\u0103u se va bucura cu siguran\u021b\u0103! <strong>Top note:<\/strong>\u00a0Pineapple, hyacinth, iris, pink pepper <strong>Heart note:\u00a0<\/strong> Jasmine, citrus fruits <strong>Base note:\u00a0<\/strong>Musk, patchouli, vanilla, vetiver<\/p>","protected":false},"featured_media":7324,"comment_status":"open","ping_status":"closed","template":"","meta":[],"product_cat":[52,51],"product_tag":[],"class_list":["post-7322","product","type-product","status-publish","has-post-thumbnail","hentry","product_cat-uleiuri-amestec","product_cat-uleiuri-esentiale"],"_links":{"self":[{"href":"https:\/\/nefertiti-eg.ro\/en\/wp-json\/wp\/v2\/product\/7322","targetHints":{"allow":["GET"]}}],"collection":[{"href":"https:\/\/nefertiti-eg.ro\/en\/wp-json\/wp\/v2\/product"}],"about":[{"href":"https:\/\/nefertiti-eg.ro\/en\/wp-json\/wp\/v2\/types\/product"}],"replies":[{"embeddable":true,"href":"https:\/\/nefertiti-eg.ro\/en\/wp-json\/wp\/v2\/comments?post=7322"}],"wp:featuredmedia":[{"embeddable":true,"href":"https:\/\/nefertiti-eg.ro\/en\/wp-json\/wp\/v2\/media\/7324"}],"wp:attachment":[{"href":"https:\/\/nefertiti-eg.ro\/en\/wp-json\/wp\/v2\/media?parent=7322"}],"wp:term":[{"taxonomy":"product_cat","embeddable":true,"href":"https:\/\/nefertiti-eg.ro\/en\/wp-json\/wp\/v2\/product_cat?post=7322"},{"taxonomy":"product_tag","embeddable":true,"href":"https:\/\/nefertiti-eg.ro\/en\/wp-json\/wp\/v2\/product_tag?post=7322"}],"curies":[{"name":"wp","href":"https:\/\/api.w.org\/{rel}","templated":true}]}}