{"id":7319,"date":"2022-05-18T11:23:29","date_gmt":"2022-05-18T09:23:29","guid":{"rendered":"https:\/\/nefertiti-eg.ro\/?post_type=product&#038;p=7319"},"modified":"2026-04-08T17:42:22","modified_gmt":"2026-04-08T15:42:22","slug":"uleiul-5-secrete","status":"publish","type":"product","link":"https:\/\/nefertiti-eg.ro\/en\/product\/uleiul-5-secrete\/","title":{"rendered":"Ulei 5 Secrete"},"content":{"rendered":"<p><strong>Application &amp; Effect<br>Top note<br><\/strong>Quickly after application the scent of mandarin develops. The first perception of the nose is summer freshness! This is accompanied by the slight influence of sage, which gives the impression of strength.<\/p>\n\n\n\n<p><strong>Heart note<br><\/strong>After a while, the floral hyacinth scent emerges. Helped by the scent of peach blossom, iris and cyclamen, a true bouquet of flowers unfurls. This intense yet subtle scent of flowering fields retains long-lasting power until the base note announces itself.<\/p>\n\n\n\n<p><strong>Base note<br><\/strong>To round off this great fragrance, the woody note of musk, sandalwood and cedar wood forms the base note of 5 Secrets, completing the rich perfume. Fresh-floral-woody!<\/p>\n\n\n\n<p>5 Secrets\u2019 strong yet unobtrusive character makes it an enigmatic scent that accompanies the wearer all day long without being intrusive. Mystery exudes elegance and confidence.\u00a0<\/p>","protected":false},"excerpt":{"rendered":"<p><strong>Women\u2019s fragrance<\/strong> <strong>Fragrance:<\/strong>\u00a0proasp\u0103t floral \u0219i lemnos. Misterul se dezv\u0103luie \u00eentr-un parfum asa cum segereaza si numele 5 Secrets Oil (5 Secrete). Dup\u0103 primele note de fructe, varietatea de mirosuri florale combinat\u0103 cu\u00a0un subtil miros de lemn \u00eenc\u00e2nt\u0103 at\u00e2t sim\u021burile\u00a0purtatoarei, c\u00e2t \u0219i ale celor din apropierea ei. Amestecul nostru de 5 Secrete v\u0103 ofer\u0103 un miros elegant \u0219i magic. <strong>Top Note:<\/strong>\u00a0Tangerine, reseda, sage <strong>Heart note:\u00a0<\/strong>\u00a0Cyclamen, Rose hip, Hyacinth, Iris, Nectarine, Peach blossom, Violet root <strong>Base note:\u00a0<\/strong>Musk, sandalwood, cedar wood<\/p>","protected":false},"featured_media":7321,"comment_status":"open","ping_status":"closed","template":"","meta":[],"product_cat":[52,51],"product_tag":[],"class_list":["post-7319","product","type-product","status-publish","has-post-thumbnail","hentry","product_cat-uleiuri-amestec","product_cat-uleiuri-esentiale"],"_links":{"self":[{"href":"https:\/\/nefertiti-eg.ro\/en\/wp-json\/wp\/v2\/product\/7319","targetHints":{"allow":["GET"]}}],"collection":[{"href":"https:\/\/nefertiti-eg.ro\/en\/wp-json\/wp\/v2\/product"}],"about":[{"href":"https:\/\/nefertiti-eg.ro\/en\/wp-json\/wp\/v2\/types\/product"}],"replies":[{"embeddable":true,"href":"https:\/\/nefertiti-eg.ro\/en\/wp-json\/wp\/v2\/comments?post=7319"}],"wp:featuredmedia":[{"embeddable":true,"href":"https:\/\/nefertiti-eg.ro\/en\/wp-json\/wp\/v2\/media\/7321"}],"wp:attachment":[{"href":"https:\/\/nefertiti-eg.ro\/en\/wp-json\/wp\/v2\/media?parent=7319"}],"wp:term":[{"taxonomy":"product_cat","embeddable":true,"href":"https:\/\/nefertiti-eg.ro\/en\/wp-json\/wp\/v2\/product_cat?post=7319"},{"taxonomy":"product_tag","embeddable":true,"href":"https:\/\/nefertiti-eg.ro\/en\/wp-json\/wp\/v2\/product_tag?post=7319"}],"curies":[{"name":"wp","href":"https:\/\/api.w.org\/{rel}","templated":true}]}}