{"id":7313,"date":"2022-05-18T11:10:37","date_gmt":"2022-05-18T09:10:37","guid":{"rendered":"https:\/\/nefertiti-eg.ro\/?post_type=product&#038;p=7313"},"modified":"2025-09-30T21:03:53","modified_gmt":"2025-09-30T19:03:53","slug":"uleiul-omar-al-khayyam","status":"publish","type":"product","link":"https:\/\/nefertiti-eg.ro\/en\/product\/uleiul-omar-al-khayyam\/","title":{"rendered":"Ulei Omar Al-Khayyam"},"content":{"rendered":"<p><strong>Application &amp; Effect<br>Top note<br><\/strong>The top note immediately kicks off with a spicy note. The bitter birch leaf fragrance is caught by the lavender and offers the best start for a splendid evening fragrance \u2013 pure masculinity!<\/p>\n\n\n\n<p><strong>Heart note<br><\/strong>Shortly after, the heart note drops in, allowing jasmine and violets to appear, quickly enveloped by the spicy scent of cardamom. Gradually the full fragrance develops.<\/p>\n\n\n\n<p><strong>Base note<br><\/strong>Sandalwood then comes into play, providing this striking scent with a woody note, rounded off by the heavy musk.<\/p>\n\n\n\n<p>In short, the confident man loves this fragrance that supports his masculine appearance. If applied in the evening the scent will last until the next morning. Omar Al Khayyam envelops its wearer with an irresistible aroma.<\/p>","protected":false},"excerpt":{"rendered":"<p><strong>Men\u2019s fragrance<\/strong> Parfum:\u00a0Picant, lemnos, greu. Omar Al Khayyam, un parfum masculin seduc\u0103tor, ideal pentru acele seri lungi de club. Acest parfum elegant pentru b\u0103rba\u021bi se adreseaz\u0103 b\u0103rbatului tenace, carismatic, caruia ii va da o aur\u0103 irezistibil\u0103. <strong>Top Note:\u00a0<\/strong>Birch leaf, lavender <strong>Note de inima:<\/strong> Cardamom, jasmine, African violet <strong>Base note:\u00a0<\/strong>Laurel wood, musk notes, sandalwood<\/p>","protected":false},"featured_media":7314,"comment_status":"open","ping_status":"closed","template":"","meta":[],"product_cat":[52,51],"product_tag":[],"class_list":["post-7313","product","type-product","status-publish","has-post-thumbnail","hentry","product_cat-uleiuri-amestec","product_cat-uleiuri-esentiale"],"_links":{"self":[{"href":"https:\/\/nefertiti-eg.ro\/en\/wp-json\/wp\/v2\/product\/7313","targetHints":{"allow":["GET"]}}],"collection":[{"href":"https:\/\/nefertiti-eg.ro\/en\/wp-json\/wp\/v2\/product"}],"about":[{"href":"https:\/\/nefertiti-eg.ro\/en\/wp-json\/wp\/v2\/types\/product"}],"replies":[{"embeddable":true,"href":"https:\/\/nefertiti-eg.ro\/en\/wp-json\/wp\/v2\/comments?post=7313"}],"wp:featuredmedia":[{"embeddable":true,"href":"https:\/\/nefertiti-eg.ro\/en\/wp-json\/wp\/v2\/media\/7314"}],"wp:attachment":[{"href":"https:\/\/nefertiti-eg.ro\/en\/wp-json\/wp\/v2\/media?parent=7313"}],"wp:term":[{"taxonomy":"product_cat","embeddable":true,"href":"https:\/\/nefertiti-eg.ro\/en\/wp-json\/wp\/v2\/product_cat?post=7313"},{"taxonomy":"product_tag","embeddable":true,"href":"https:\/\/nefertiti-eg.ro\/en\/wp-json\/wp\/v2\/product_tag?post=7313"}],"curies":[{"name":"wp","href":"https:\/\/api.w.org\/{rel}","templated":true}]}}