{"id":7311,"date":"2022-05-18T11:03:56","date_gmt":"2022-05-18T09:03:56","guid":{"rendered":"https:\/\/nefertiti-eg.ro\/?post_type=product&#038;p=7311"},"modified":"2026-03-28T08:40:04","modified_gmt":"2026-03-28T06:40:04","slug":"uleiul-de-amon-ra","status":"publish","type":"product","link":"https:\/\/nefertiti-eg.ro\/en\/product\/uleiul-de-amon-ra\/","title":{"rendered":"Ulei Amun Ra&#8217;"},"content":{"rendered":"<p><strong>Application &amp; Effect<br>Top note<br><\/strong>Right after applying this masculine fragrance, the fresh, tart scent of grapefruit develops, accompanied by spicy cardamom and rosemary.<\/p>\n\n\n\n<p><strong>Heart note<br><\/strong>Dup\u0103 un timp, nota de mijloc dezvolt\u0103 o arom\u0103 complexa. T\u0103m\u00e2ia introduce o elegan\u021b\u0103 parfumului, \u00een timp ce interac\u021biunea imediat\u0103 dintre tuberoz\u0103 \u0219i ylang ylang produce o not\u0103 u\u0219or fermecatoare.<\/p>\n\n\n\n<p><strong>Base note<br><\/strong>The woody masculine scent of cedar in the base note gives Amun Ra a sharp note, providing it and its wearer with a distinct elegance.<\/p>\n\n\n\n<p>Amun Ra is a pleasant fresh citrusy, yet woody fragrance that gives a distinct undertone of masculinity. It is a young fragrance that perfectly suits hot summer days and lasts all day.<\/p>","protected":false},"excerpt":{"rendered":"<p><strong>Men\u2019s fragrance<\/strong> <strong>Fragrance:\u00a0<\/strong>proasp\u0103t, fructat, acidulat. Amun Ra este un parfum pentru b\u0103rba\u021bi care, prin prospe\u021bimea sa de lung\u0103 durat\u0103 \u0219i atingerea u\u0219or acidulat\u0103, devine parfumul ideal pentru uz zilnic. Acest parfum \u00eel va \u00eenso\u021bi pe b\u0103rbatul care \u00eel poart\u0103 intreaga zi. <strong>Top note:\u00a0<\/strong>Grapefruit, cardamom, rosemary, cedar leaf <strong>Heart note:\u00a0\u00a0<\/strong>Tuberose, frankincense, ylang-ylang <strong>Base note: Amber, musk, tonka bean, vanilla, cedar<\/strong> Georgywood\u00ae, vetiver, suede, cedar wood<\/p>","protected":false},"featured_media":7312,"comment_status":"open","ping_status":"closed","template":"","meta":[],"product_cat":[52,51],"product_tag":[],"class_list":["post-7311","product","type-product","status-publish","has-post-thumbnail","hentry","product_cat-uleiuri-amestec","product_cat-uleiuri-esentiale"],"_links":{"self":[{"href":"https:\/\/nefertiti-eg.ro\/en\/wp-json\/wp\/v2\/product\/7311","targetHints":{"allow":["GET"]}}],"collection":[{"href":"https:\/\/nefertiti-eg.ro\/en\/wp-json\/wp\/v2\/product"}],"about":[{"href":"https:\/\/nefertiti-eg.ro\/en\/wp-json\/wp\/v2\/types\/product"}],"replies":[{"embeddable":true,"href":"https:\/\/nefertiti-eg.ro\/en\/wp-json\/wp\/v2\/comments?post=7311"}],"wp:featuredmedia":[{"embeddable":true,"href":"https:\/\/nefertiti-eg.ro\/en\/wp-json\/wp\/v2\/media\/7312"}],"wp:attachment":[{"href":"https:\/\/nefertiti-eg.ro\/en\/wp-json\/wp\/v2\/media?parent=7311"}],"wp:term":[{"taxonomy":"product_cat","embeddable":true,"href":"https:\/\/nefertiti-eg.ro\/en\/wp-json\/wp\/v2\/product_cat?post=7311"},{"taxonomy":"product_tag","embeddable":true,"href":"https:\/\/nefertiti-eg.ro\/en\/wp-json\/wp\/v2\/product_tag?post=7311"}],"curies":[{"name":"wp","href":"https:\/\/api.w.org\/{rel}","templated":true}]}}