{"id":7306,"date":"2022-05-18T10:36:31","date_gmt":"2022-05-18T08:36:31","guid":{"rendered":"https:\/\/nefertiti-eg.ro\/?post_type=product&#038;p=7306"},"modified":"2025-08-01T19:43:02","modified_gmt":"2025-08-01T17:43:02","slug":"uleiul-tutankhamon","status":"publish","type":"product","link":"https:\/\/nefertiti-eg.ro\/en\/product\/uleiul-tutankhamon\/","title":{"rendered":"Ulei Tutankhamen"},"content":{"rendered":"<p><strong>Application &amp; Effect<br>Top note<br><\/strong>The top note components\u00a0\u00a0slowly release over the course of a few minutes after application, with grapefruit and lavender clearly visible. The top note lasts about 15 minutes before the heart note emerges.<\/p>\n\n\n\n<p class=\" translation-block\"><strong>Not\u0103 de mijloc<br><\/strong>Apare parfumul floral al iasomiei, care se \u00eembin\u0103 \u00een mod unic cu parfumul picant al frunzei de dafin. Combina\u021bia dintre aceste dou\u0103 arome ofer\u0103 o not\u0103 seduc\u0103toare picant-dulce.<\/p>\n\n\n\n<p><strong>Base note<br><\/strong>A similar fusion of sweet and spicy takes place in the base note. Here the oriental sweetness of patchouli meets the musky honey scent of amber, together creating the perfect perfume. A fresh and floral fragrance, yet masculinely spicy! Tutankhamen captivates with its long-lasting fragrance that accompanies the wearer throughout the day.<\/p>\n\n\n\n<p>The amazing composition of fruity freshness, floral summer and the obvious spicy addition in Tutankhamen makes it a great fragrance. It is an intense but non-intrusive perfume, excellent for both summer or cold winter days. All in all, a typical all-rounder for the sporty young man!\u00a0<\/p>","protected":false},"excerpt":{"rendered":"<p><strong>Men\u2019s fragrance<\/strong><br \/><strong>Fragrance:\u00a0<\/strong>Fresh, spicy-sweet.<br \/>Tutankhamun is a sporty fragrance, specifically created for the young athletic man. With its fresh scent it is particularly reminiscent of leisure\u00a0time and sports, and is a welcome\u00a0companion for the whole day.<br \/><strong>Top note:\u00a0<\/strong>Top note:\u00a0Grapefruit, maritime notes, lavender<br \/><strong>Heart note:\u00a0\u00a0<\/strong>Bay leaf, jasmine<br \/><strong>Base note:\u00a0<\/strong>Guaiac wood, oakmoss, patchouli, ambergris<\/p>","protected":false},"featured_media":7308,"comment_status":"open","ping_status":"closed","template":"","meta":[],"product_cat":[52,51],"product_tag":[],"class_list":["post-7306","product","type-product","status-publish","has-post-thumbnail","hentry","product_cat-uleiuri-amestec","product_cat-uleiuri-esentiale"],"_links":{"self":[{"href":"https:\/\/nefertiti-eg.ro\/en\/wp-json\/wp\/v2\/product\/7306","targetHints":{"allow":["GET"]}}],"collection":[{"href":"https:\/\/nefertiti-eg.ro\/en\/wp-json\/wp\/v2\/product"}],"about":[{"href":"https:\/\/nefertiti-eg.ro\/en\/wp-json\/wp\/v2\/types\/product"}],"replies":[{"embeddable":true,"href":"https:\/\/nefertiti-eg.ro\/en\/wp-json\/wp\/v2\/comments?post=7306"}],"wp:featuredmedia":[{"embeddable":true,"href":"https:\/\/nefertiti-eg.ro\/en\/wp-json\/wp\/v2\/media\/7308"}],"wp:attachment":[{"href":"https:\/\/nefertiti-eg.ro\/en\/wp-json\/wp\/v2\/media?parent=7306"}],"wp:term":[{"taxonomy":"product_cat","embeddable":true,"href":"https:\/\/nefertiti-eg.ro\/en\/wp-json\/wp\/v2\/product_cat?post=7306"},{"taxonomy":"product_tag","embeddable":true,"href":"https:\/\/nefertiti-eg.ro\/en\/wp-json\/wp\/v2\/product_tag?post=7306"}],"curies":[{"name":"wp","href":"https:\/\/api.w.org\/{rel}","templated":true}]}}