{"id":7298,"date":"2022-05-18T09:59:28","date_gmt":"2022-05-18T07:59:28","guid":{"rendered":"https:\/\/nefertiti-eg.ro\/?post_type=product&#038;p=7298"},"modified":"2026-03-28T08:40:04","modified_gmt":"2026-03-28T06:40:04","slug":"queen-nefertiti-oil","status":"publish","type":"product","link":"https:\/\/nefertiti-eg.ro\/en\/product\/queen-nefertiti-oil\/","title":{"rendered":"Ulei Regina Nefertiti"},"content":{"rendered":"<p><strong>Perfume production with Aroma oil blends<\/strong>.<\/p>\n\n\n\n<p>Our Nefertiti Aroma blends provide the best base for producing your own tailor made perfume.<\/p>\n\n\n\n<p>Mix the Nefertiti Aroma Oil of your choice with 96% alcohol in a 1:1 ratio to create your favourite perfume.<\/p>\n\n\n\n<p>When using your favourite fragrance in its pure form, only apply it in small amounts. Just a small drop is sufficient to be applied topically with a finger, for example rubbed behind the ear.<\/p>\n\n\n\n<p><strong>Never apply undiluted Aroma Blends to clothing as the pure oil may stain!<\/strong><\/p>\n\n\n\n<p>Other applications<br><strong>Aromaterapie cu Aroma Blend:&nbsp;Ad\u0103uga\u021bi c\u00e2teva pic\u0103turi de Aroma Blend \u00eentr-un difuzor.<\/strong><\/p>\n\n\n\n<p>Room refreshment with Aroma Blend:\u00a0Mix 1:2 Aroma Oil Blend (1) with distilled water (2).<\/p>\n\n\n\n<p>Bath additive with Aroma Blend:\u00a0Envelop yourself completely with your favourite scent! Add a few drops of the Aroma Blend of your choice to your bath water.\u00a0<\/p>\n\n\n\n<p>Did you know?<br>Egypt is the main supplier of aroma oils for all the famous perfume brands worldwide.<\/p>\n\n\n\n<p>Nefertiti Aroma Blends are extracted from the essences of flowers and herbs that grow under the influence of the Egyptian sun in our agricultural area in Fayum. These aroma oils are obtained by cold pressing or by distilling the harvest in our own factory in Fayum, Egypt, and bottled there. Our agricultural products are therefore 100% of the highest quality and form the healthy basis for an excellent end product. Nefertiti Aroma Blends are suitable for use in aromatherapy and for making fine perfumes.<\/p>","protected":false},"excerpt":{"rendered":"<p><strong>Women\u2019s fragrance<\/strong> <strong>Fragrance:<\/strong> floral-fructat. Pentru femeia elegant\u0103, romantic\u0103, seduc\u0103toare. Cu acest parfum floral-fructat, fiecare femeie poate atrage \u00een mod magic sexul puternic. Este un parfum feminin intens, distinctiv. Queen Nefertiti poate fi parfumul perfect al fiec\u0103rei femei pentru orice ocazie. Mirosul senzual al Queen Nefertiti subliniaz\u0103 \u00eencrederea \u00een sine \u0219i este \u00een acela\u0219i timp atractiv. <strong>Top note:<\/strong>\u00a0Bergamot, grapefruit, cassia, tangerine, orange, blackcurrant <strong>Heart note:<\/strong> Apricot, jasmine, lily, lily of the valley, rose <strong>Base note: Amber, musk, tonka bean, vanilla, cedar<\/strong> ambra, mosc, boabe de tonka, vanilie, cedru Aplicare \u0219i efect <strong>Top note<\/strong> On application of Queen Nefertiti, the top note unfolds first, releasing a fruity berry fragrance. The intense, berry-like and slightly sour note, as well as the slight scent of cinnamon which can be perceived, develop from the currant. With the scent of orange and the influence of bergamot, Queen Nefertiti gives a touch of summer freshness, similar to a fruit cocktail.\u00a0All in all, a refreshing scent develops in the top note. <strong>Heart note<\/strong> After about 15 minutes, the heart note develops as the life-affirming scent of jasmine. The scent of rose and lily of the valley give the feminine note to Queen Nefertiti. The heart note develops as a slightly sweet note. <strong>Base note<\/strong> Dup\u0103 aproximativ 4 ore, apare nota de baz\u0103. Se dezvolt\u0103 \u00eentr-un parfum cald, asem\u0103n\u0103tor migdalelor, care este dat de boabele de tonka combinate cu vanilie. Intensitatea este subliniat\u0103 de parfumul de mosc. Acest parfum dureaz\u0103 ore \u00eentregi \u00eenainte sa dispar\u0103 lent. Interac\u021biunea acestui amestec unic de diferite parfumuri face ca uleiul Queen Nefertiti s\u0103 fac\u0103 parte din femeia sofisticat\u0103 care iube\u0219te un parfum intens, floral-fructat. Uleiul Queen Nefertiti evidentiaza frumuse\u021bea feminin\u0103 care afirm\u0103 via\u021ba. Aplicarea amestecurilor de arome Nefertiti<\/p>","protected":false},"featured_media":7300,"comment_status":"open","ping_status":"closed","template":"","meta":[],"product_cat":[52,51],"product_tag":[],"class_list":["post-7298","product","type-product","status-publish","has-post-thumbnail","hentry","product_cat-uleiuri-amestec","product_cat-uleiuri-esentiale"],"_links":{"self":[{"href":"https:\/\/nefertiti-eg.ro\/en\/wp-json\/wp\/v2\/product\/7298","targetHints":{"allow":["GET"]}}],"collection":[{"href":"https:\/\/nefertiti-eg.ro\/en\/wp-json\/wp\/v2\/product"}],"about":[{"href":"https:\/\/nefertiti-eg.ro\/en\/wp-json\/wp\/v2\/types\/product"}],"replies":[{"embeddable":true,"href":"https:\/\/nefertiti-eg.ro\/en\/wp-json\/wp\/v2\/comments?post=7298"}],"wp:featuredmedia":[{"embeddable":true,"href":"https:\/\/nefertiti-eg.ro\/en\/wp-json\/wp\/v2\/media\/7300"}],"wp:attachment":[{"href":"https:\/\/nefertiti-eg.ro\/en\/wp-json\/wp\/v2\/media?parent=7298"}],"wp:term":[{"taxonomy":"product_cat","embeddable":true,"href":"https:\/\/nefertiti-eg.ro\/en\/wp-json\/wp\/v2\/product_cat?post=7298"},{"taxonomy":"product_tag","embeddable":true,"href":"https:\/\/nefertiti-eg.ro\/en\/wp-json\/wp\/v2\/product_tag?post=7298"}],"curies":[{"name":"wp","href":"https:\/\/api.w.org\/{rel}","templated":true}]}}