{"id":7246,"date":"2022-05-02T16:14:59","date_gmt":"2022-05-02T14:14:59","guid":{"rendered":"https:\/\/nefertiti-eg.ro\/?post_type=product&#038;p=7246"},"modified":"2026-03-28T08:40:04","modified_gmt":"2026-03-28T06:40:04","slug":"parfum-pentru-barbati-ramses","status":"publish","type":"product","link":"https:\/\/nefertiti-eg.ro\/en\/product\/parfum-pentru-barbati-ramses\/","title":{"rendered":"Ulei Ramses &#8211; parfum pentru b\u0103rba\u021bi"},"content":{"rendered":"<p>Note:<\/p>\n\n\n\n<p>Note de varf: litchi, frunze de lotus, mandarina, bergamota<br>Not\u0103 de mijloc: note maritime, portocal\u0103, lemn de trandafir<br>Note de baza: ambra, mosc, benzoic, boabe de tonka<\/p>\n\n\n\n<p>Nota de varf: Odat\u0103 cu aplicarea parfumului, apar imediat notele fructate de<\/p>\n\n\n\n<p>mandarine \u0219i litchi. Bergamota completeaza cu acel \u201eceva\u201d nota de v\u00e2rf.<\/p>\n\n\n\n<p>Nota de mijloc: \u201eProspetimea\u201d care apare dupa cateva minute aduce o nota maritima, portocala intensifica nota fructat\u0103 iar floarea de trandafir adauga un u\u0219or efect lemnos.<\/p>\n\n\n\n<p>Nota de baza: aroma de chihlimbar \u0219i mosc se desfasoara \u00eencet lasand un parfum proasp\u0103t si cald.<\/p>\n\n\n\n<p>Ramses este un parfum excelent pentru sportivi \u0219i, de asemenea, ideal pentru \u00eent\u00e2lnirile de sear\u0103. Nota sa de fructe u\u0219or dulce nu pare intruziva, ci ofer\u0103 purt\u0103torului o aur\u0103 maritim\u0103 sportiv\u0103.<\/p>\n\n\n\n<p><\/p>\n\n\n\n<p><\/p>","protected":false},"excerpt":{"rendered":"<p>Miros: fructat &#8211; proaspat &#8211; usor lemnos Ramses este un parfum pentru barbati dulce \u0219i cald de var\u0103, care aduce instantaneu buna dispozi\u021bie. Este un parfum grozav atat pentru zi cat si pentru seara.<\/p>","protected":false},"featured_media":7492,"comment_status":"open","ping_status":"closed","template":"","meta":[],"product_cat":[52,51],"product_tag":[],"class_list":["post-7246","product","type-product","status-publish","has-post-thumbnail","hentry","product_cat-uleiuri-amestec","product_cat-uleiuri-esentiale"],"_links":{"self":[{"href":"https:\/\/nefertiti-eg.ro\/en\/wp-json\/wp\/v2\/product\/7246","targetHints":{"allow":["GET"]}}],"collection":[{"href":"https:\/\/nefertiti-eg.ro\/en\/wp-json\/wp\/v2\/product"}],"about":[{"href":"https:\/\/nefertiti-eg.ro\/en\/wp-json\/wp\/v2\/types\/product"}],"replies":[{"embeddable":true,"href":"https:\/\/nefertiti-eg.ro\/en\/wp-json\/wp\/v2\/comments?post=7246"}],"wp:featuredmedia":[{"embeddable":true,"href":"https:\/\/nefertiti-eg.ro\/en\/wp-json\/wp\/v2\/media\/7492"}],"wp:attachment":[{"href":"https:\/\/nefertiti-eg.ro\/en\/wp-json\/wp\/v2\/media?parent=7246"}],"wp:term":[{"taxonomy":"product_cat","embeddable":true,"href":"https:\/\/nefertiti-eg.ro\/en\/wp-json\/wp\/v2\/product_cat?post=7246"},{"taxonomy":"product_tag","embeddable":true,"href":"https:\/\/nefertiti-eg.ro\/en\/wp-json\/wp\/v2\/product_tag?post=7246"}],"curies":[{"name":"wp","href":"https:\/\/api.w.org\/{rel}","templated":true}]}}