{"id":6994,"date":"2022-04-15T12:22:58","date_gmt":"2022-04-15T10:22:58","guid":{"rendered":"https:\/\/nefertiti-eg.ro\/?post_type=product&#038;p=6994"},"modified":"2025-07-01T19:55:17","modified_gmt":"2025-07-01T17:55:17","slug":"ulei-din-seminte-de-morcov","status":"publish","type":"product","link":"https:\/\/nefertiti-eg.ro\/en\/product\/ulei-din-seminte-de-morcov\/","title":{"rendered":"Ulei din semin\u021be de Morcov"},"content":{"rendered":"<figure class=\"wp-block-image size-full\"><img loading=\"lazy\" decoding=\"async\" width=\"900\" height=\"500\" src=\"https:\/\/nefertiti-eg.ro\/wp-content\/uploads\/2022\/04\/carrot-Seed-discribe.webp\" alt=\"\" class=\"wp-image-7011\" srcset=\"https:\/\/nefertiti-eg.ro\/wp-content\/uploads\/2022\/04\/carrot-Seed-discribe.webp 900w, https:\/\/nefertiti-eg.ro\/wp-content\/uploads\/2022\/04\/carrot-Seed-discribe-150x83.webp 150w, https:\/\/nefertiti-eg.ro\/wp-content\/uploads\/2022\/04\/carrot-Seed-discribe-600x333.webp 600w, https:\/\/nefertiti-eg.ro\/wp-content\/uploads\/2022\/04\/carrot-Seed-discribe-300x167.webp 300w, https:\/\/nefertiti-eg.ro\/wp-content\/uploads\/2022\/04\/carrot-Seed-discribe-768x427.webp 768w, https:\/\/nefertiti-eg.ro\/wp-content\/uploads\/2022\/04\/carrot-Seed-discribe-441x245.webp 441w\" sizes=\"auto, (max-width: 900px) 100vw, 900px\" \/><\/figure>\n\n\n\n<h3 class=\"wp-block-heading\">Benefits of Carrot Seed Oil<\/h3>\n\n\n\n<p><br>Natural carrot seed oil is good for eyesight, strengthens the immune system, is an effective diuretic, helps to remove kidney stones and restore liver cells.<\/p>\n\n\n\n<p>Carrot seed oil helps to cleanse the blood and lymph system, removes toxins, and is effective in the treatment of arthritis, gout and rheumatism. It protects the body from radiation and tobacco smoke, and symptomatically relieves digestive disorders, specifically being most effective for problems with bowel function. In addition to its many healthy components, carrot seed oil is rich in carotene and vitamin A, both of which are very beneficial for eye health and are well known for being powerful antioxidants. Scientific research has shown that antioxidants can repair the damage done to human tissues by oxidants (free radicals) and help to protect against further harm. Carrot seed oil activates intracellular redox processes, which improves the flow of oxygen into the cells and contributes to their renewal. Regular consumption of this oil regulates water-salt and carbohydrate metabolism, improves the formation of protein compounds, and thus restores an organism exhausted by diseases.<\/p>\n\n\n\n<h3 class=\"wp-block-heading\">Carrot Seed Oil as an Antioxidant<\/h3>\n\n\n\n<p><br>Natural carrot seed oil is rich in carotenoids that protect the human body from the damaging effects of free radicals and the harmful effects of tobacco smoke. Antioxidants can help repair the damage done to your tissues by oxidants and protect your body by blocking their further effects. Carrot seed oil activates intracellular redox processes, which improves oxygen flow to cells and promotes cell renewal. This oil is highly advantageous for the restoration of strength and bodily functions after serious illnesses, anemia and vitamin deficiency, in particular vitamin A deficiency, and following surgery.\u00a0<\/p>\n\n\n\n<h3 class=\"wp-block-heading\">Carrot Seed Oil for Kidney and Liver<\/h3>\n\n\n\n<p><br>Carrot seed oil ensures the good functioning of the thyroid gland, kidneys, adrenal glands, liver, digestive tract and urinary tract. Natural carrot seed oil is used to remove kidney stones by helping to flush out sand and small stones from the kidneys, as well as cleanse the liver and promote good liver cell health.<\/p>\n\n\n\n<h3 class=\"wp-block-heading\">Carrot Seed Oil for Eyes<\/h3>\n\n\n\n<p><br>Carrot seed oil is especially beneficial for cataracts and age-related macular degeneration of the eyes, it enhances twilight vision and sense of light, normalises intraocular pressure and improves the condition of the mucous membranes of the eyes. It is useful for office workers and anyone who spends a lot of time at the computer, increasing visual acuity, allowing the eyes to better adapt to various lighting and relieving eye fatigue.<\/p>\n\n\n\n<h3 class=\"wp-block-heading\">Carrot Seed Oil for Skin<\/h3>\n\n\n\n<p><br>Uleiul de semin\u021be de morcov are un efect pozitiv asupra regener\u0103rii epiteliului pielii, vindec\u0103rii r\u0103nilor \u0219i amelioreaz\u0103 erup\u021biile. Amestec\u00e2nd ulei de semin\u021be de morcov cu orice produs de bronzat pe care \u00eel utiliza\u021bi, \u00eembun\u0103t\u0103\u021be\u0219te tonusul pielii \u0219i promoveaz\u0103 un bronz s\u0103n\u0103tos \u0219i plin de farmec, care dureaz\u0103 mult mai mult pe pielea dumneavoastr\u0103. Uleiul de semin\u021be de morcov este utilizat pe scar\u0103 larg\u0103 \u00een produc\u021bia de produse cosmetice anti \u00eemb\u0103tr\u00e2nire \u0219i este recunoscut ca un agent natural anti \u00eemb\u0103tr\u00e2nire. Are un efect de \u00eentinerire \u0219i \u00eent\u0103re\u0219te pielea l\u0103sat\u0103, care devine vizibil mai ferm\u0103 \u0219i mai elastic\u0103.<\/p>\n\n\n\n<h3 class=\"wp-block-heading\">Carrot Seed Oil for Hair<\/h3>\n\n\n\n<p><br>The well-known youth vitamins A and E, as well as other nutrients abundantly present in carrot seed oil, contribute to the strengthening and health of hair. Hair masks using carrot seed oil stimulate hair growth, prevent hair loss and maintain its natural color, improve hair structure, making it silky. Regular use of carrot seed oil strengthens hair and gives it a healthy shine. Carrot seed oil has excellent moisturizing properties.<\/p>\n\n\n\n<h3 class=\"wp-block-heading\">Carrot Seed Oil for Face<\/h3>\n\n\n\n<p><br>Natural carrot seed oil improves complexion, age spots and freckles become noticeably lighter. It actively fights dryness and peeling of the skin. It promotes facial skin regeneration, stimulates cell renewal, promotes healing of small wounds, improves the elasticity and firmness of the facial skin and makes the skin smooth and elastic. Thanks to its high content of vitamins A and E, it nourishes the skin, heals acne and delivers a healthy complexion.<\/p>\n\n\n\n<h3 class=\"wp-block-heading\">Carrot Seed Oil for Acne<\/h3>\n\n\n\n<p><br>Carrot seed oil is an ideal solution for fighting skin rashes. It has anti-inflammatory properties, normalizes the functioning of the sebaceous glands, and therefore can successfully relieve acne.<\/p>","protected":false},"excerpt":{"rendered":"<p><strong>Brand:<\/strong> Nefertiti for natural oils and herbs<\/p>\n<p><strong>Country of origin:<\/strong> Egypt<\/p>\n<p><strong>Botanical Name:<\/strong> Daucus carota subsp. sativus L.<\/p>\n<p><strong>Family Name:<\/strong> Apiaceae<\/p>\n<p><strong>INCHI:<\/strong> Daucus carota Sativa Seed Oil<\/p>\n<p><strong>Synonyms:<\/strong> Carrot, \u062c\u0632\u0631, \u041c\u043e\u0440\u043a\u043e\u0432\u044c, \u041c\u043e\u0440\u043a\u0432\u0430, Carotte, Carota, \u80e1\u841d\u535c<\/p>\n<p><strong>Parts Used:<\/strong> Seeds<\/p>\n<p><strong>Extraction Method:<\/strong> Cold pressed<\/p>\n<p><strong>Scent:<\/strong> Earthy bitter smell<\/p>\n<p><strong>Appearance:<\/strong> Amber-color to pale orange-brown<\/p>\n<p><strong>Physical state:<\/strong> Liquid<\/p>\n<p><strong>Natural<\/strong> Yes<\/p>\n<p><strong>P<\/strong><strong>uritate:<\/strong> 100% pure<\/p>\n<p><strong>Certificates:<\/strong> ISO, COA and MSDS<\/p>\n<p><strong>Composition:<\/strong> Vitamins: A, B and E, Carotol, pinene, limonene, geraniol, daucol, geranyl acetate, euganol, asarone<\/p>\n<p><strong>Shipping:<\/strong> Calculated at checkout<\/p>","protected":false},"featured_media":7013,"comment_status":"open","ping_status":"closed","template":"","meta":[],"product_cat":[60,50],"product_tag":[],"class_list":["post-6994","product","type-product","status-publish","has-post-thumbnail","hentry","product_cat-natural-health-care","product_cat-uleiuri-naturale"],"_links":{"self":[{"href":"https:\/\/nefertiti-eg.ro\/en\/wp-json\/wp\/v2\/product\/6994","targetHints":{"allow":["GET"]}}],"collection":[{"href":"https:\/\/nefertiti-eg.ro\/en\/wp-json\/wp\/v2\/product"}],"about":[{"href":"https:\/\/nefertiti-eg.ro\/en\/wp-json\/wp\/v2\/types\/product"}],"replies":[{"embeddable":true,"href":"https:\/\/nefertiti-eg.ro\/en\/wp-json\/wp\/v2\/comments?post=6994"}],"wp:featuredmedia":[{"embeddable":true,"href":"https:\/\/nefertiti-eg.ro\/en\/wp-json\/wp\/v2\/media\/7013"}],"wp:attachment":[{"href":"https:\/\/nefertiti-eg.ro\/en\/wp-json\/wp\/v2\/media?parent=6994"}],"wp:term":[{"taxonomy":"product_cat","embeddable":true,"href":"https:\/\/nefertiti-eg.ro\/en\/wp-json\/wp\/v2\/product_cat?post=6994"},{"taxonomy":"product_tag","embeddable":true,"href":"https:\/\/nefertiti-eg.ro\/en\/wp-json\/wp\/v2\/product_tag?post=6994"}],"curies":[{"name":"wp","href":"https:\/\/api.w.org\/{rel}","templated":true}]}}