{"id":6887,"date":"2022-04-13T09:42:13","date_gmt":"2022-04-13T07:42:13","guid":{"rendered":"https:\/\/nefertiti-eg.ro\/?post_type=product&#038;p=6887"},"modified":"2026-03-28T14:48:52","modified_gmt":"2026-03-28T12:48:52","slug":"ulei-din-seminte-negre-chimen-negru-presat-la-rece","status":"publish","type":"product","link":"https:\/\/nefertiti-eg.ro\/en\/product\/ulei-din-seminte-negre-chimen-negru-presat-la-rece\/","title":{"rendered":"Ulei din semin\u021be de chimen negru &#8211; presat la rece"},"content":{"rendered":"<figure class=\"wp-block-image size-full\"><img loading=\"lazy\" decoding=\"async\" width=\"900\" height=\"500\" src=\"https:\/\/nefertiti-eg.ro\/wp-content\/uploads\/2022\/04\/black-seed-3.webp\" alt=\"\" class=\"wp-image-6888\" srcset=\"https:\/\/nefertiti-eg.ro\/wp-content\/uploads\/2022\/04\/black-seed-3.webp 900w, https:\/\/nefertiti-eg.ro\/wp-content\/uploads\/2022\/04\/black-seed-3-150x83.webp 150w, https:\/\/nefertiti-eg.ro\/wp-content\/uploads\/2022\/04\/black-seed-3-600x333.webp 600w, https:\/\/nefertiti-eg.ro\/wp-content\/uploads\/2022\/04\/black-seed-3-300x167.webp 300w, https:\/\/nefertiti-eg.ro\/wp-content\/uploads\/2022\/04\/black-seed-3-768x427.webp 768w, https:\/\/nefertiti-eg.ro\/wp-content\/uploads\/2022\/04\/black-seed-3-441x245.webp 441w\" sizes=\"auto, (max-width: 900px) 100vw, 900px\" \/><\/figure>\n\n\n\n<h3 class=\"wp-block-heading\">Ulei natural din semin\u021be de chimen negru: beneficii<\/h3>\n\n\n\n<p><br>Uleiul din semin\u021be de chimen negru este un imunomodulator puternic. Compozi\u021bia uleiului de semin\u021be negre este impresionant\u0103, con\u021bine vitaminele A, B, C \u0219i E, precum \u0219i calciu, fosfor, zinc, fier, magneziu, mangan, flavonoide, uleiuri esen\u021biale, aminoacizi esen\u021biali, plus omega-3,6 , 9. Una dintre cele mai importante propriet\u0103\u021bi este capacitatea sa de a lupta \u00eempotriva cancerului, deoarece \u00eencetine\u0219te reproducerea celulelor canceroase. Uleiul natural de semin\u021be negre este, de asemenea, utilizat pentru boli precum: hepatit\u0103, ciroz\u0103, boli ale stomacului \u0219i duodenului; reumatism; boli musculo-scheletice; patologii cardiovasculare, boli de rinichi \u0219i vezic\u0103, bron\u0219it\u0103, astm bron\u0219ic, r\u0103celi, sinuzit\u0103 \u0219i alergii de orice tip. De asemenea, \u00eembun\u0103t\u0103\u021be\u0219te semnificativ digestia \u0219i motilitatea intestinal\u0103. \u00cen plus, acest ulei are propriet\u0103\u021bi antibacteriene, anti fungice \u0219i antivirale \u0219i ajut\u0103 la tratarea bolilor de piele.<\/p>\n\n\n\n<p><\/p>\n\n\n\n<h3 class=\"wp-block-heading\">Ulei din semin\u021be de chimen negru pentru diabet<\/h3>\n\n\n\n<p><br>This oil has been shown to treat type I and type II diabetes as it regulates blood sugar levels. Furthermore, black seed oil contains powerful antioxidants that have a positive effect on the overall health of diabetics.<\/p>\n\n\n\n<h3 class=\"wp-block-heading\">Beneficiile pentru s\u0103n\u0103tate ale uleiului din semin\u021be de chimen negru<\/h3>\n\n\n\n<p><br>Uleiul natural de semin\u021be de chimen negru este cel mai puternic remediu natural pentru sc\u0103derea colesterolului din s\u00e2nge. \u00cembun\u0103t\u0103\u021be\u0219te func\u021bia sexual\u0103 masculin\u0103, este utilizat pentru probleme de concep\u021bie \u0219i previne disfunc\u021bia prostatei. Acest ulei are capacitatea de a zdrobi pietrele la rinichi \u0219i de a \u00eendep\u0103rta u\u0219or nisipul din vezic\u0103. Uleiul de semin\u021be negre restabile\u0219te, de asemenea, sistemul imunitar \u0219i este utilizat pentru boli precum sinuzita, tuse uscat\u0103, astm, bron\u0219it\u0103 astmatic\u0103, r\u0103celi, amigdalit\u0103 etc. Este recomandat \u00een special persoanelor cu hipertensiune arterial\u0103.<\/p>\n\n\n\n<h3 class=\"wp-block-heading\">Uleiul din semin\u021be de chimen negru ca antioxidant natural<\/h3>\n\n\n\n<p><br>Numerous scientific studies have proven the ability of natural black seed oil to completely cleanse the body of harmful substances that are left in the body after the digestion process, as well as protect against adverse environmental impacts. The effect of this cold pressed product is achieved by increasing the number of Natural\u00a0Killer T\u00a0(NKT) cells. Scientists compare the power of black seed oil with the five most powerful antibiotics, but unlike antibiotics, it generally has no side effects on the body.<\/p>\n\n\n\n<h3 class=\"wp-block-heading\">Ulei din semin\u021be de chimen negru pentru piele<\/h3>\n\n\n\n<p><br>Uleiul natural din semin\u021be de chimen negru este excelent pentru tratarea eczemelor, psoriazisului, neurodermatitei, diferitelor boli ale pielii, infec\u021biilor fungice \u0219i orice tip de alergie. Combate eficient acneea \u0219i este un puternic agent de vindecare a r\u0103nilor. De asemenea, \u00eembog\u0103\u021be\u0219te pielea cu nutrien\u021bi naturali \u0219i vitamine.<\/p>\n\n\n\n<h3 class=\"wp-block-heading\">Ulei din semin\u021be de chimen negru pentru psoriazis<\/h3>\n\n\n\n<p><br>Psoriazisul este o boal\u0103 primar\u0103 a pielii cauzat\u0103 de un r\u0103spuns imun anormal. Uleiul natural din semin\u021be de chimen negru regleaz\u0103 activitatea celulelor imune \u0219i \u00eembun\u0103t\u0103\u021be\u0219te capacitatea organismului de a reduce reproducerea anormal\u0103 a celulelor pielii.<\/p>\n\n\n\n<h3 class=\"wp-block-heading\">Ulei din semin\u021be de chimen negru pentru p\u0103r<\/h3>\n\n\n\n<p><br>Uleiul din semin\u021be negre a devenit o senza\u021bie \u00een \u00eengrijirea p\u0103rului. Utilizarea acestuia contribuie la cre\u0219terea rapid\u0103 a p\u0103rului \u0219i la \u00eent\u0103rirea foliculilor de p\u0103r. Dup\u0103 o utilizare regulat\u0103, p\u0103rul se va opri din cadere, printre alte beneficii aflandu-se si eliminarea m\u00e2nc\u0103rimii scalpului \u0219i disparitia m\u0103trea\u021bii.<\/p>\n\n\n\n<p>Contraindications:\u00a0avoid internal consumption during pregnancy; not recommended for patients with organ transplants.<\/p>","protected":false},"excerpt":{"rendered":"<p><strong>Brand:<\/strong> Nefertiti for natural oils and herbs<br \/><strong>Country of origin:<\/strong> Egipt.<br \/><strong>Botanical name:<\/strong> Nigella (lat. Nig\u0113lla sat\u012bva)<br \/><strong>Family:<\/strong> Ranunculaceae<br \/><strong>INCHI:<\/strong> Nigella Sativa Seed Oil (Black Cumin)<br \/><strong>Other names:<\/strong> Nigella Sativa Oil , Mattock, Nigella, Roman Coriander; Nielle (French, German), Melansion (Greek), Shoniz, Siach Dana (pers.), Ketzach, Ketjach (Chebru), Kalonji (Hindi, Urdu), Krishn Jirak (sans.), Kalijra (Beng.), Kalonji Jiram (Gujrati), Nilajirakira (tel.) Kalijira (mar.) Karunjeeragam (tamil.), Karun Chiragam (small), \u201cBlack Caraway Seed \u201d, \u201cHabbatul-Barakah\u201d (Blessed Seed) (Arabic)<br \/><strong>Components Used:<\/strong> Seeds<br \/><strong>Extraction Method:<\/strong> Cold pressed<br \/><strong>Scent:<\/strong> The characteristic smell of the oil is due to the content of the substance carvone<br \/><strong>Appearance:<\/strong> Galben pal p\u00e2n\u0103 la chihlimbar<br \/><strong>Physicial state:<\/strong>Liquid<br \/><strong>Natural<\/strong> Yes<br \/><strong>Purity:<\/strong> 100% pure<br \/><strong>Certificates:<\/strong> ISO, COA and MSDS<br \/><strong>Composition:<\/strong> Vitamins C, B1, B2, B6, folic acid, biotin, beta-carotene. Minerals: magnesium, selenium, zinc. Amino acids: valine, lysine, phenylalanine, tyrosine, arginine, glycine, serine, asparagine, essential oils.<br \/><strong>Shipping:<\/strong> Calculated at checkout<\/p>","protected":false},"featured_media":8040,"comment_status":"open","ping_status":"closed","template":"","meta":[],"product_cat":[53,60,61,50],"product_tag":[],"class_list":["post-6887","product","type-product","status-publish","has-post-thumbnail","hentry","product_cat-cosmetice-naturale","product_cat-natural-health-care","product_cat-natural-skin-care","product_cat-uleiuri-naturale"],"_links":{"self":[{"href":"https:\/\/nefertiti-eg.ro\/en\/wp-json\/wp\/v2\/product\/6887","targetHints":{"allow":["GET"]}}],"collection":[{"href":"https:\/\/nefertiti-eg.ro\/en\/wp-json\/wp\/v2\/product"}],"about":[{"href":"https:\/\/nefertiti-eg.ro\/en\/wp-json\/wp\/v2\/types\/product"}],"replies":[{"embeddable":true,"href":"https:\/\/nefertiti-eg.ro\/en\/wp-json\/wp\/v2\/comments?post=6887"}],"wp:featuredmedia":[{"embeddable":true,"href":"https:\/\/nefertiti-eg.ro\/en\/wp-json\/wp\/v2\/media\/8040"}],"wp:attachment":[{"href":"https:\/\/nefertiti-eg.ro\/en\/wp-json\/wp\/v2\/media?parent=6887"}],"wp:term":[{"taxonomy":"product_cat","embeddable":true,"href":"https:\/\/nefertiti-eg.ro\/en\/wp-json\/wp\/v2\/product_cat?post=6887"},{"taxonomy":"product_tag","embeddable":true,"href":"https:\/\/nefertiti-eg.ro\/en\/wp-json\/wp\/v2\/product_tag?post=6887"}],"curies":[{"name":"wp","href":"https:\/\/api.w.org\/{rel}","templated":true}]}}