{"id":7204,"date":"2022-05-02T15:16:16","date_gmt":"2022-05-02T13:16:16","guid":{"rendered":"https:\/\/nefertiti-eg.ro\/?page_id=7204"},"modified":"2022-05-02T15:18:17","modified_gmt":"2022-05-02T13:18:17","slug":"termeni-si-conditii","status":"publish","type":"page","link":"https:\/\/nefertiti-eg.ro\/en\/termeni-si-conditii\/","title":{"rendered":"Terms and conditions"},"content":{"rendered":"<p><strong>Detalii despre proprietarul site-ului<\/strong><\/p>\n\n\n\n<ul class=\"wp-block-list\"><li><strong>NEFERTITI OILS SRL<\/strong><br><strong>J40\/18503\/2021<\/strong><\/li><li><strong>CIF: 45126255<\/strong><\/li><li><strong>Sediu: Bucharest, District 3, 2 Rotunda Street, building Y1C, room 57<\/strong><\/li><\/ul>\n\n\n\n<p>si formeaza ceea ce in continuare va fi denumit \u201cResponsabilii Nefertiti Oils\u201d<\/p>\n\n\n\n<p>Utilizarea site-ului, accesul la serviciile oferite reprezinta o acceptare din partea ta a termenilor si conditiilor detaliate mai jos, cu toate consecintele care decurg din acceptarea acestora.<\/p>\n\n\n\n<p>Utilizatorul va avea acces permanent la Termenii si Conditiile pentru utilizarea site-ului pentru a le putea consulta in orice moment.<br>In situatia in care nu esti de acord cu aceste conditii, iti solicitam sa nu utilizezi site-ul nostru de internet.<\/p>\n\n\n\n<p><strong>Informa\u021bii privitoare la livrare:<\/strong><\/p>\n\n\n\n<p><strong>Responsabilii Nefertiti Oils comercializeaza produse doar pe teritoriul Romaniei.<\/strong><\/p>\n\n\n\n<p>Termenul de livrare este de circa 3-7 zile lucr\u0103toare, socotit de la data prelu\u0103rii comenzii dumneavoastr\u0103. Acest termen este orientativ, el put\u00e2nd fi modificat din motive independente de voin\u0163a noastr\u0103. \u00cen orice condi\u0163ii, inclusiv \u00een situa\u0163ie de for\u0163\u0103 major\u0103 \u015fi sub sanc\u0163iunea de a v\u0103 returna sumele pl\u0103tite, termenul de livrare nu va dep\u0103\u015fi 30 de zile, socotit de la data prelu\u0103rii comenzii dumneavoastr\u0103.<\/p>\n\n\n\n<p>Pre\u0163urile afi\u015fate c\u00e2t \u015fi cheltuielile\/taxele suplimentare sunt calculate cu taxa pe valoare ad\u0103ugat\u0103 (TVA) inclus, reglementata de legile fiscale romane.<\/p>\n\n\n\n<p>Produsele sunt livrate prin intermediul Fan Courier iar taxa de transport este intotdeauna prezentata inainte de finalizarea comenzii.<\/p>\n\n\n\n<p>\u00cen cazul \u00een care dori\u0163i s\u0103 specifica\u0163i anumite aspecte referitoare la livrare, cum ar fi: ora de livrare, adresa sau puncte de reper, v\u0103 rug\u0103m s\u0103 introduce\u0163i \u00een c\u0103su\u0163a de Observa\u0163ii aceste lucruri, \u00eenainte de depunerea comenzii.<\/p>\n\n\n\n<p>R\u0103spunderea pentru orice deteriorare cauzat\u0103 produsului, coletului sau pachetului trimis de c\u0103tre noi, \u00een timpul transportului revine societ\u0103\u0163ii de curierat sau transportatorului conform legisla\u0163iei locale \u00een vigoare. Produsele vor fi \u00eenlocuite de c\u0103tre noi dac\u0103 se va face dovada culpei noastre \u015fi vom fi \u00een\u015ftiin\u0163a\u0163i \u00een timp de maxim 48h de la data primiri coletului.<\/p>\n\n\n\n<p><strong>Modalit\u0103\u0163i de plat\u0103<\/strong><\/p>\n\n\n\n<p><strong>Prin ramburs, catre firma de curierat care livreaza produsul.<\/strong><\/p>\n\n\n\n<p><strong>Prin ordin de plata bancar, direct in contul companiei, pe baza notei de comanda sau a facturii proforme transmise.<\/strong><\/p>\n\n\n\n<p><strong>Prin plata online, prin intermediul Mobil Pay<\/strong><\/p>\n\n\n\n<p>Dac\u0103 a\u0163i ales metoda de plat\u0103 \u201d Online prin card bancar \u201d este necesar s\u0103 completa\u0163i un formular cu informa\u0163iile despre cardul dumneavoastr\u0103 \u00een pagina securizata a procesatorului de pl\u0103\u0163i.<\/p>\n\n\n\n<p>\u2013 Pl\u0103\u0163ile cu carduri de credit\/debit emise sub sigla Visa \u015fi MasterCard (Visa\/Visa Electron \u015fi MasterCard\/Maestro)<\/p>\n\n\n\n<p>\u2013 se efectueaz\u0103 prin intermediul sistemului&nbsp;<strong>\u201e3-D Secure\u201d<\/strong>&nbsp;elaborat de organiza\u0163iile care asigura tranzac\u0163iilor on-line acela\u015fi nivel de securitate ca cele realizate la bancomat sau \u00een mediul fizic, la comerciant.<\/p>\n\n\n\n<p>\u2013 \u201e3-D Secure\u201d asigura \u00een primul r\u00e2nd ca nici o informa\u0163ie legat\u0103 de cardul dumneavoastr\u0103 nu este transferat\u0103 sau stocat\u0103,<\/p>\n\n\n\n<p>la nici un moment de timp, pe serverele magazinului sau pe serverele procesatorului de pl\u0103\u0163i, aceste date fiind direct introduse \u00een sistemele Visa \u015fi MasterCard.<\/p>\n\n\n\n<p>Important de \u015ftiut! \u2013 Pentru pl\u0103\u0163ile prin card bancar nu este perceput nici un comision!<\/p>\n\n\n\n<p><strong>Limitarea r\u0103spunderii<\/strong><\/p>\n\n\n\n<p>Noi nu vom fi, \u0219i colaboratorii no\u0219tri nu vor fi responsabili sau r\u0103spunz\u0103tori pentru (A) daune aduse calculatorului dumneavoastr\u0103 sau viru\u0219i care ar putea s\u0103 v\u0103 infecteze calculatorul s\u0103u alt echipament ca urmare a acces\u0103rii, utiliz\u0103rii de c\u0103tre dumneavoastr\u0103 sau navig\u0103rii pe site-ul nostru sau desc\u0103rcarea de c\u0103tre dumneavoastr\u0103 a vreunui con\u021binut, informa\u021bie, materiale, date, text, imagini, video sau audio de pe site-ul nostru sau (B) orice prejudiciu, pierdere, revendicare, daun\u0103, sau orice daune speciale, exemplare, punitive, indirecte, incidente sau de consecin\u021b\u0103 de orice tip, fie bazate pe contract, prejudiciu, r\u0103spundere strict\u0103 sau altfel, care decurge din sau are \u00een vreun fel leg\u0103tur\u0103 cu (I) orice utilizare a site-ului nostru sau a con\u021binutului, datelor, materialelor sau informa\u021biilor g\u0103site \u00een acesta, (\u00ceI) orice ne\u00eendeplinire sau \u00eent\u00e2rziere (inclusiv f\u0103r\u0103 limitare utilizarea sau incapacitatea de a utiliza orice component\u0103 a acestui site pentru achizi\u021bionare, rev\u00e2nzare sau plat\u0103), sau (III) executarea sau neexecutarea de c\u0103tre noi sau de c\u0103tre orice furnizor, chiar dac\u0103 noi sau furnizorul nostru am fost aviza\u021bi de posibilitatea de daune aduse acestor p\u0103rti sau oric\u0103rei alte p\u0103r\u021bi.<\/p>\n\n\n\n<p>Aceast\u0103 exonerare de r\u0103spundere se aplic\u0103 oric\u0103ror daune sau prejudicii cauzate de orice lips\u0103 a performan\u021bei, eroare, omisiune, \u00eentrerupere, eliminare, defect, \u00eent\u00e2rziere \u00een operare sau transmisie, virus de calculator, defec\u021biune a liniei de comunicare, furt sau distrugere sau acces neautorizat la, modificarea, sau utilizarea \u00eenregistr\u0103rii, fie pentru \u00eenc\u0103lcarea contractului, comportament d\u0103un\u0103tor, neglijen\u021b\u0103, sau \u00een baza oric\u0103rei cauze de ac\u021biune.<\/p>\n\n\n\n<p><strong>Protec\u021bia datelor personale<\/strong><\/p>\n\n\n\n<p>Prin comenzile pe care le realiza\u021bi, v\u0103 da\u021bi acordul expres \u0219i neechivoc ca datele dumneavoastr\u0103 de contact s\u0103 fie prelucrate de c\u0103tre Responsabilii Nefertiti Oils\u00a0 conform Politicii de Confidentialitate prezentata <a href=\"https:\/\/nefertiti-eg.ro\/en\/politica-de-confidentialitate\/\" data-type=\"page\" data-id=\"7189\">AICI<\/a><\/p>\n\n\n\n<p><strong>Garan\u021bia produselor<\/strong><\/p>\n\n\n\n<p>Garan\u021bia produselor noastre difer\u0103 de la produs la produs \u015fi este \u00een conformitate cu garan\u0163ia emis\u0103 de c\u0103tre produc\u0103torul produselor. Garan\u0163ia produselor electronice este emis\u0103 de c\u0103tre produc\u0103tor \u015fi se g\u0103se\u015fte \u00een cutia produsul \u00een momentul primiri acestuia. Garan\u0163ia produselor din celelalte categorii este \u00eenscris\u0103 pe ambalaj sau se specific\u0103 pe pagina produsului.<\/p>\n\n\n\n<p>Condi\u021biile de garan\u021bie sunt \u00een conformitate cu legisla\u021bia \u00een vigoare. Garan\u021bia acordat\u0103 nu afecteaz\u0103 drepturile conferite prin legea consumatorului \u0219i este \u00een conformitate cu prevederile OG nr 21\/1992 privind Protec\u021bia Consumatorilor, cu modific\u0103rile ulterioare, \u0219i legea nr 449\/2003.<\/p>\n\n\n\n<p><strong>Drepturi de autor:<\/strong><\/p>\n\n\n\n<p>Noi, \u00eempreun\u0103 cu furnizorii no\u0219tri de servicii \u015fi produse (\u201cFurnizorii\u201d), de\u021binem \u0219i avem drepturile de autor asupra site-ului nostru \u0219i tuturor con\u021binuturilor acestuia. Nu ve\u021bi copia, reproduce, republic\u0103, transfera date (upload), afi\u0219a, transmite, distribui, vinde, transfera sau modifica nimic din con\u021binutul, datele, informa\u021biile sau materialele g\u0103site pe site-ul nostru dec\u00e2t \u00een urma ob\u021binerii acordului scris al reprezentantului societ\u0103\u021bii noastre sau doar \u00een scop necomercial.<\/p>\n\n\n\n<p>Denumirile produselor, Imaginile, Modalitatea de prezentare, M\u0103rcile comerciale, Logo-urile \u0219i M\u0103rcile de serviciu afi\u0219ate pe site-ul nostru (\u201cM\u0103rcile\u201d) sunt proprietate intelectual\u0103 ale Responsabilii Nefertiti Oils \u00a0\u0219i \u00eenregistrate ca fiind ale noastre \u0219i ale Furnizorilor no\u0219tri.<\/p>\n\n\n\n<p>Utilizarea de c\u0103tre dumneavoastr\u0103 a site-ului nostru \u0219i accesul pe site-ul nostru nu va acorda nicio licen\u021b\u0103 sau drept de a utiliza oricare din Denumiri, Imagini, M\u0103rci. Nu ve\u021bi utiliza niciun robot, spider, alt dispozitiv automat, s\u0103u proces manual pentru a monitoriza materialele disponibile prin site-ul nostru. \u00centregul software, aplica\u021biile, \u0219i modulele utilizate pe site-ul nostru sunt proprietatea noastr\u0103 sau a partenerilor no\u0219tri, de la care am ob\u021binut licen\u021be. Nu pute\u021bi reproduce, reconstrui (reverse engineering), crea lucr\u0103ri derivate, dezasambla sau decompila, vinde, \u00eenchiria, distribui, cesiona, transfera, sau modifica orice software de pe site-ul nostru.<\/p>\n\n\n\n<p>Ace\u0219ti Termeni, \u00eempreun\u0103 cu acele articole care au devenit parte din ace\u0219ti Termeni prin referire, alc\u0103tuiesc \u00eentreaga \u00een\u021belegere dintre noi \u0219i dumneavoastr\u0103 \u00een leg\u0103tur\u0103 cu utilizarea de c\u0103tre dumneavoastr\u0103 a site-ului nostru, \u0219i \u00eenlocuie\u0219te orice \u00een\u021belegeri sau acorduri anterioare (orale sau scrise) cu privire la utilizarea de c\u0103tre dumneavoastr\u0103 a site-ului nostru.<\/p>","protected":false},"excerpt":{"rendered":"<p>Detalii despre proprietarul site-ului NEFERTITI OILS SRLJ40\/18503\/2021 CIF: 45126255 Sediu: Bucharest, District 3, 2 Rotunda Street, building Y1C, room 57 si formeaza ceea ce in continuare va fi denumit \u201cResponsabilii Nefertiti Oils\u201d Utilizarea site-ului, accesul la serviciile oferite reprezinta o acceptare din partea ta a termenilor si conditiilor detaliate mai jos, cu toate consecintele care [&hellip;]<\/p>","protected":false},"author":1,"featured_media":0,"parent":0,"menu_order":0,"comment_status":"closed","ping_status":"closed","template":"","meta":{"footnotes":""},"class_list":["post-7204","page","type-page","status-publish","hentry"],"_links":{"self":[{"href":"https:\/\/nefertiti-eg.ro\/en\/wp-json\/wp\/v2\/pages\/7204","targetHints":{"allow":["GET"]}}],"collection":[{"href":"https:\/\/nefertiti-eg.ro\/en\/wp-json\/wp\/v2\/pages"}],"about":[{"href":"https:\/\/nefertiti-eg.ro\/en\/wp-json\/wp\/v2\/types\/page"}],"author":[{"embeddable":true,"href":"https:\/\/nefertiti-eg.ro\/en\/wp-json\/wp\/v2\/users\/1"}],"replies":[{"embeddable":true,"href":"https:\/\/nefertiti-eg.ro\/en\/wp-json\/wp\/v2\/comments?post=7204"}],"version-history":[{"count":3,"href":"https:\/\/nefertiti-eg.ro\/en\/wp-json\/wp\/v2\/pages\/7204\/revisions"}],"predecessor-version":[{"id":7207,"href":"https:\/\/nefertiti-eg.ro\/en\/wp-json\/wp\/v2\/pages\/7204\/revisions\/7207"}],"wp:attachment":[{"href":"https:\/\/nefertiti-eg.ro\/en\/wp-json\/wp\/v2\/media?parent=7204"}],"curies":[{"name":"wp","href":"https:\/\/api.w.org\/{rel}","templated":true}]}}