{"id":7196,"date":"2022-05-02T15:10:34","date_gmt":"2022-05-02T13:10:34","guid":{"rendered":"https:\/\/nefertiti-eg.ro\/?page_id=7196"},"modified":"2022-07-06T11:48:44","modified_gmt":"2022-07-06T09:48:44","slug":"politica-de-cookies","status":"publish","type":"page","link":"https:\/\/nefertiti-eg.ro\/en\/politica-de-cookies\/","title":{"rendered":"Cookies policy"},"content":{"rendered":"<p>POLITICA DE CONFIDEN\u0162IALITATE A COMPANIEI SC NEFERTITI OILS SRL<br>PRIVIND DATELE CU CARACTER PERSONAL<\/p>\n\n\n\n<ul class=\"wp-block-list\"><li><strong>NEFERTITI OILS SRL<\/strong><br><strong>J40\/18503\/2021<\/strong><\/li><li><strong>CIF: 45126255<\/strong><\/li><li><strong>Sediu: Bucharest, District 3, 2 Rotunda Street, building Y1C, room 57<\/strong><\/li><\/ul>\n\n\n\n<p>Politica de utilizare a cookie-urilor<\/p>\n\n\n\n<p>Ce sunt cookie-urile?<\/p>\n\n\n\n<p>Un cookie este un fi\u0219ier text trimis de c\u0103tre server, c\u0103tre browser \u0219i stocat de c\u0103tre browser. Acest fi\u0219ier text este trimis c\u0103tre server de fiecare dat\u0103 c\u00e2nd browserul face o cerere c\u0103tre o pagin\u0103 de la server. Acest proces permite identificarea \u0219i urm\u0103rirea browserului web. \u00cen orice moment po\u021bi refuza utilizarea cookie-urilor, caz \u00een care nu vom mai folosi niciun fel de date \u00een ceea ce te prive\u0219te.<\/p>\n\n\n\n<p>Clasificarea cookie-urilor<\/p>\n\n\n\n<p>Necesare \u2013 acestea sunt utilizate pentru eficientizarea lucrului nostru pe site;<br>De func\u021bionalitate \u2013 pentru \u00eembun\u0103t\u0103\u021birea experien\u021bei tale;<br>De targetare \u2013 utilizate pentru a face schimb de anumite informa\u021bii cu ter\u021be p\u0103r\u021bi cu care facem advertising (Ex: Google, Facebook), sau pentru a \u0219ti care e sursa din care ai ajuns pe site;<br>De performan\u021b\u0103 \u2013 utilizate pentru a analiza modul \u00een care func\u021bioneaz\u0103 site-ul nostru \u0219i cum \u00eel putem \u00eembun\u0103t\u0103\u021bi.<br>Cum utilizeaza \u201cResponsabilii Nefertiti Oils\u201d aceste cookie-uri?<\/p>\n\n\n\n<p>Folosim cookie-urile pentru a monitoriza ce ai f\u0103cut pe site-ul nostru. De asemenea, cu ajutorul lor iti vom oferi reclame comportamentale targetate, care sa iti respecte intimitatea.<\/p>\n\n\n\n<p>Cookieurile ne ajuta si la imbunatatirea experientei pe care o ai tu, ca utilizator cu siteul.<\/p>\n\n\n\n<p>Cookie-urile nu re\u021bin date cu caracter personal.<\/p>\n\n\n\n<p>Pe scurt, folosim cookie-uri pentru<\/p>\n\n\n\n<p>\u00cembun\u0103t\u0103\u021birea vitezei la \u00eenc\u0103rcarea paginilor de pe site;<br>Analiza vizitatorilor pentru a \u00eembun\u0103t\u0103\u0163i experien\u0163a pe site;<br>Colect\u0103m date anonime despre vizite online cu ajutorul Google Analytics, Facebook, Pixel samd;<br>\u00cenregistrarea accept\u0103rii utilizatorului pentru cookie-uri la prima accesare a site-ului.<br>Monitoriz\u0103m informa\u021biile ob\u021binute<\/p>\n\n\n\n<p>Folosim Google Analytics \u0219i Facebook Insights pentru a analiza modul de utilizare a acestui website. Google Analytics genereaz\u0103 informa\u021bii statistice \u0219i nu numai, despre utilizarea site-ului prin intermediul cookie-urilor stocate. Informa\u021biile generate din fi\u0219ierele cookie sunt folosite pentru crearea rapoartelor de utilizarea ale site-ului nostru. Google \u0219i Facebook stocheaz\u0103 aceste informa\u021bii. Te invit\u0103m s\u0103 consul\u021bi politica de confiden\u021bialitate Google LLC (Mountain View, California \u2013 USA) aici: www.google.com\/privacypolicy.html \u0219i Facebook<br>INC (Menlo Park, California \u2013 USA) aici www.facebook.com\/privacy<\/p>\n\n\n\n<p>Valabilitatea cookie-urilor<\/p>\n\n\n\n<p>Durata de monitorizare a cookie-urilor pe site-ul nostru este de 90 de zile, iar \u00een cazul ter\u021bilor este p\u00e2n\u0103 la maximum 50 de luni.<\/p>\n\n\n\n<p>Contact us<\/p>\n\n\n\n<p>Pentru orice fel de \u00eentrebare legat\u0103 de aceast\u0103 politic\u0103 sau despre modul cum trat\u0103m cookie-urile, te rug\u0103m s\u0103 ne contactezi.<\/p>","protected":false},"excerpt":{"rendered":"<p>POLITICA DE CONFIDEN\u0162IALITATE A COMPANIEI SC NEFERTITI OILS SRLPRIVIND DATELE CU CARACTER PERSONAL NEFERTITI OILS SRLJ40\/18503\/2021 CIF: 45126255 Sediu: Bucharest, District 3, 2 Rotunda Street, building Y1C, room 57 Politica de utilizare a cookie-urilor Ce sunt cookie-urile? Un cookie este un fi\u0219ier text trimis de c\u0103tre server, c\u0103tre browser \u0219i stocat de c\u0103tre browser. Acest [&hellip;]<\/p>","protected":false},"author":1,"featured_media":0,"parent":0,"menu_order":0,"comment_status":"closed","ping_status":"closed","template":"","meta":{"footnotes":""},"class_list":["post-7196","page","type-page","status-publish","hentry"],"_links":{"self":[{"href":"https:\/\/nefertiti-eg.ro\/en\/wp-json\/wp\/v2\/pages\/7196","targetHints":{"allow":["GET"]}}],"collection":[{"href":"https:\/\/nefertiti-eg.ro\/en\/wp-json\/wp\/v2\/pages"}],"about":[{"href":"https:\/\/nefertiti-eg.ro\/en\/wp-json\/wp\/v2\/types\/page"}],"author":[{"embeddable":true,"href":"https:\/\/nefertiti-eg.ro\/en\/wp-json\/wp\/v2\/users\/1"}],"replies":[{"embeddable":true,"href":"https:\/\/nefertiti-eg.ro\/en\/wp-json\/wp\/v2\/comments?post=7196"}],"version-history":[{"count":3,"href":"https:\/\/nefertiti-eg.ro\/en\/wp-json\/wp\/v2\/pages\/7196\/revisions"}],"predecessor-version":[{"id":7514,"href":"https:\/\/nefertiti-eg.ro\/en\/wp-json\/wp\/v2\/pages\/7196\/revisions\/7514"}],"wp:attachment":[{"href":"https:\/\/nefertiti-eg.ro\/en\/wp-json\/wp\/v2\/media?parent=7196"}],"curies":[{"name":"wp","href":"https:\/\/api.w.org\/{rel}","templated":true}]}}